{"id":577,"date":"2019-06-27T08:30:15","date_gmt":"2019-06-27T13:30:15","guid":{"rendered":"http:\/\/cs3lacs.wpengine.com\/chene-bleu\/?page_id=577"},"modified":"2022-10-20T09:30:09","modified_gmt":"2022-10-20T14:30:09","slug":"actualites","status":"publish","type":"page","link":"https:\/\/csstl.gouv.qc.ca\/echos\/actualites\/","title":{"rendered":"Actualit\u00e9s"},"content":{"rendered":"<ul class=\"wp-block-latest-posts__list has-dates wp-block-latest-posts\"><li><a class=\"wp-block-latest-posts__post-title\" href=\"https:\/\/csstl.gouv.qc.ca\/echos\/2023\/01\/a-la-recherche-des-noms-de-nos-nouvelles-ecoles-secondaires\/\"><strong>\u00c0 la recherche des noms de nos nouvelles \u00e9coles secondaires<\/strong><\/a><time datetime=\"2023-01-31T14:39:02-05:00\" class=\"wp-block-latest-posts__post-date\">31 janvier 2023<\/time><div class=\"wp-block-latest-posts__post-excerpt\">Deux nouvelles \u00e9coles secondaires ouvriront leurs portes au mois d\u2019ao\u00fbt 2023, une sera situ\u00e9e dans la municipalit\u00e9 de Saint-Zotique (3600, 26e&nbsp;Avenue) et l\u2019autre dans la ville de Vaudreuil-Dorion (1005, rue de Clichy). Dans le cadre de ces ouvertures, nous invitons les \u00e9l\u00e8ves du Centre de services scolaire des Trois-Lacs (CSSTL), leurs parents et la population\u2026 <a class=\"wp-block-latest-posts__read-more\" href=\"https:\/\/csstl.gouv.qc.ca\/echos\/2023\/01\/a-la-recherche-des-noms-de-nos-nouvelles-ecoles-secondaires\/\" rel=\"noopener noreferrer\">Lire la suite\u00a0:<span class=\"screen-reader-text\"> &lt;strong&gt;\u00c0 la recherche des noms de nos nouvelles \u00e9coles secondaires&lt;\/strong&gt;<\/span><\/a><\/div><\/li>\n<li><a class=\"wp-block-latest-posts__post-title\" href=\"https:\/\/csstl.gouv.qc.ca\/echos\/2022\/10\/bienvenue-sur-notre-nouveau-site-web\/\">Bienvenue sur notre nouveau site Web<\/a><time datetime=\"2022-10-17T14:06:03-05:00\" class=\"wp-block-latest-posts__post-date\">17 octobre 2022<\/time><div class=\"wp-block-latest-posts__post-excerpt\">Apr\u00e8s plusieurs mois de travail, nous sommes heureux de vous pr\u00e9senter notre nouveau site Web! Nous vous invitons \u00e0 le parcourir afin d\u2019y d\u00e9couvrir une panoplie d\u2019informations sur l\u2019\u00e9cole de votre enfant. Comme le site est encore en construction, il est possible que certaines informations soient manquantes, mais elles seront ajout\u00e9es progressivement. D\u2019ici l\u00e0, n\u2019h\u00e9sitez\u2026 <a class=\"wp-block-latest-posts__read-more\" href=\"https:\/\/csstl.gouv.qc.ca\/echos\/2022\/10\/bienvenue-sur-notre-nouveau-site-web\/\" rel=\"noopener noreferrer\">Lire la suite\u00a0:<span class=\"screen-reader-text\"> Bienvenue sur notre nouveau site Web<\/span><\/a><\/div><\/li>\n<li><a class=\"wp-block-latest-posts__post-title\" href=\"https:\/\/csstl.gouv.qc.ca\/echos\/2022\/10\/le-site-web-du-csstl-se-refait-une-beaute\/\">Le site Web du CSSTL se refait une beaut\u00e9<\/a><time datetime=\"2022-10-17T13:07:16-05:00\" class=\"wp-block-latest-posts__post-date\">17 octobre 2022<\/time><div class=\"wp-block-latest-posts__post-excerpt\">Tout comme le site Web de chacune des \u00e9coles, celui du Centre de services scolaire des Trois-Lacs s\u2019est refait une beaut\u00e9. Le contenu et l\u2019arborescence ont \u00e9t\u00e9 repens\u00e9s afin de simplifier la navigation et ainsi faciliter la recherche d\u2019informations. Pour d\u00e9couvrir le tout, nous vous invitons \u00e0 consulter le www.csstl.gouv.qc.ca.<\/div><\/li>\n<\/ul>","protected":false},"excerpt":{"rendered":"","protected":false},"author":2,"featured_media":0,"parent":0,"menu_order":0,"comment_status":"closed","ping_status":"closed","template":"","meta":{"_genesis_hide_title":false,"_genesis_hide_breadcrumbs":false,"_genesis_hide_singular_image":false,"_genesis_hide_footer_widgets":false,"_genesis_custom_body_class":"","_genesis_custom_post_class":"","_genesis_layout":"","footnotes":""},"class_list":{"0":"post-577","1":"page","2":"type-page","3":"status-publish","5":"entry"},"featured_image_src":null,"featured_image_src_square":null,"_links":{"self":[{"href":"https:\/\/csstl.gouv.qc.ca\/echos\/wp-json\/wp\/v2\/pages\/577","targetHints":{"allow":["GET"]}}],"collection":[{"href":"https:\/\/csstl.gouv.qc.ca\/echos\/wp-json\/wp\/v2\/pages"}],"about":[{"href":"https:\/\/csstl.gouv.qc.ca\/echos\/wp-json\/wp\/v2\/types\/page"}],"author":[{"embeddable":true,"href":"https:\/\/csstl.gouv.qc.ca\/echos\/wp-json\/wp\/v2\/users\/2"}],"replies":[{"embeddable":true,"href":"https:\/\/csstl.gouv.qc.ca\/echos\/wp-json\/wp\/v2\/comments?post=577"}],"version-history":[{"count":0,"href":"https:\/\/csstl.gouv.qc.ca\/echos\/wp-json\/wp\/v2\/pages\/577\/revisions"}],"wp:attachment":[{"href":"https:\/\/csstl.gouv.qc.ca\/echos\/wp-json\/wp\/v2\/media?parent=577"}],"curies":[{"name":"wp","href":"https:\/\/api.w.org\/{rel}","templated":true}]}}