{"id":10,"date":"2019-02-06T13:15:15","date_gmt":"2019-02-06T13:15:15","guid":{"rendered":"http:\/\/cs3lacs.wpengine.com\/chene-bleu\/?page_id=10"},"modified":"2025-10-28T15:27:25","modified_gmt":"2025-10-28T20:27:25","slug":"conseil-detablissement","status":"publish","type":"page","link":"https:\/\/csstl.gouv.qc.ca\/echos\/conseil-detablissement\/","title":{"rendered":"Conseil d&rsquo;\u00e9tablissement"},"content":{"rendered":"\n<h2 class=\"wp-block-heading\">Membres du conseil d&rsquo;\u00e9tablissement 2025-2026<\/h2>\n\n\n\n<ul class=\"wp-block-list\">\n<li>Sandra Jeansonne &#8211; repr\u00e9sentante de parent <\/li>\n\n\n\n<li>Julie Cormier &#8211; repr\u00e9sentante de parent<\/li>\n\n\n\n<li>Val\u00e9rie Lavigne &#8211; repr\u00e9sentante de parent<\/li>\n\n\n\n<li>Marc Champagne &#8211; repr\u00e9sentant de parent<\/li>\n\n\n\n<li>Yanick Michaud &#8211; repr\u00e9sentant de parent &#8211; substitut<\/li>\n\n\n\n<li>Maude Beauregard &#8211; repr\u00e9sentante de parent &#8211; substitut<\/li>\n\n\n\n<li>\u00c9dith Chouinard &#8211; personnel professionnel<\/li>\n\n\n\n<li>Louis-Patrick Lalonde &#8211; personnel enseignant<\/li>\n\n\n\n<li>Micha\u00ebl Pratte &#8211; personnel enseignant<\/li>\n\n\n\n<li>Nathalie Lalonde &#8211; personnel de soutien<\/li>\n\n\n\n<li>Martial Proulx &#8211; Directeur d&rsquo;\u00e9cole<\/li>\n\n\n\n<li>Annie Bergevin &#8211; Direction adjointe<\/li>\n<\/ul>\n\n\n\n<h2 class=\"wp-block-heading\">Proc\u00e8s-verbaux 2024-2025<\/h2>\n\n\n\n<p><a href=\"https:\/\/media.csstl.gouv.qc.ca\/wp-content\/uploads\/sites\/57\/2024\/12\/10104234\/Proces-verbal-30-septembre-2024.pdf\">30 septembre 2024<\/a><\/p>\n\n\n\n<p><a href=\"https:\/\/media.csstl.gouv.qc.ca\/wp-content\/uploads\/sites\/57\/2024\/12\/10104245\/Proces-verbal-4-novembre-2024.pdf\">4 novembre 2024<\/a><\/p>\n\n\n\n<p><a href=\"https:\/\/media.csstl.gouv.qc.ca\/wp-content\/uploads\/sites\/57\/2024\/12\/10103916\/Proces-verbal-9-decembre-2024.pdf\">9 d\u00e9cembre 2024<\/a><\/p>\n\n\n\n<p><a href=\"https:\/\/media.csstl.gouv.qc.ca\/wp-content\/uploads\/sites\/57\/2025\/02\/12155012\/Proces-verbal-10-fevrier-2025.pdf\">10 f\u00e9vrier 2025<\/a><\/p>\n\n\n\n<p><a href=\"https:\/\/media.csstl.gouv.qc.ca\/wp-content\/uploads\/sites\/57\/2025\/04\/02125808\/Proces-verbal-31-mars-2025.docx\">31 mars 2025<\/a><\/p>\n\n\n\n<p><a href=\"https:\/\/media.csstl.gouv.qc.ca\/wp-content\/uploads\/sites\/57\/2025\/05\/06085511\/Proces-verbal-5-mai-2025.pdf\">5 mai 2025<\/a><\/p>\n\n\n\n<p><a href=\"https:\/\/media.csstl.gouv.qc.ca\/wp-content\/uploads\/sites\/57\/2025\/10\/28152045\/Proces-verbal-16-juin-2025.pdf\">16 juin 2025<\/a><\/p>\n\n\n\n<h2 class=\"wp-block-heading\">Assembl\u00e9e g\u00e9n\u00e9rale annuelle 2024-2025<\/h2>\n\n\n\n<p><a href=\"https:\/\/media.csstl.gouv.qc.ca\/wp-content\/uploads\/sites\/57\/2024\/12\/10105036\/Proces-verbal-24-septembre-2024.pdf\">Le mardi 24 septembre 2024 \u00e0 19h au th\u00e9\u00e2tre<\/a><\/p>\n\n\n\n<h2 class=\"wp-block-heading\">Assembl\u00e9e g\u00e9n\u00e9rale annuelle 2025-2026<\/h2>\n\n\n\n<p><a href=\"https:\/\/media.csstl.gouv.qc.ca\/wp-content\/uploads\/sites\/57\/2025\/10\/28152613\/Proces-verbal-17-septembre-2025-AG-des-parents.pdf\">Le mercredi 17 septembre 2025 \u00e0 19h au th\u00e9\u00e2tre<\/a><\/p>\n\n\n\n<h2 class=\"wp-block-heading\">Dates &#8211; Conseil d&rsquo;\u00e9tablissements 2025-2026<\/h2>\n\n\n\n<p>1er d\u00e9cembre 2025<\/p>\n\n\n\n<p>19 janvier 2026<\/p>\n\n\n\n<p>16 mars 2026<\/p>\n\n\n\n<p>27 avril 2026<\/p>\n\n\n\n<p>8 juin 2026<\/p>\n\n\n\n<p><\/p>\n","protected":false},"excerpt":{"rendered":"<p>Membres du conseil d&rsquo;\u00e9tablissement 2025-2026 Proc\u00e8s-verbaux 2024-2025 30 septembre 2024 4 novembre 2024 9 d\u00e9cembre 2024 10 f\u00e9vrier 2025 31 mars 2025 5 mai 2025 16 juin 2025 Assembl\u00e9e g\u00e9n\u00e9rale annuelle 2024-2025 Le mardi 24 septembre 2024 \u00e0 19h au th\u00e9\u00e2tre Assembl\u00e9e g\u00e9n\u00e9rale annuelle 2025-2026 Le mercredi 17 septembre 2025 \u00e0 19h au th\u00e9\u00e2tre Dates [&hellip;]<\/p>\n","protected":false},"author":2,"featured_media":0,"parent":0,"menu_order":11,"comment_status":"closed","ping_status":"closed","template":"","meta":{"_genesis_hide_title":false,"_genesis_hide_breadcrumbs":false,"_genesis_hide_singular_image":false,"_genesis_hide_footer_widgets":false,"_genesis_custom_body_class":"","_genesis_custom_post_class":"","_genesis_layout":"","footnotes":""},"class_list":{"0":"post-10","1":"page","2":"type-page","3":"status-publish","5":"entry"},"featured_image_src":null,"featured_image_src_square":null,"_links":{"self":[{"href":"https:\/\/csstl.gouv.qc.ca\/echos\/wp-json\/wp\/v2\/pages\/10","targetHints":{"allow":["GET"]}}],"collection":[{"href":"https:\/\/csstl.gouv.qc.ca\/echos\/wp-json\/wp\/v2\/pages"}],"about":[{"href":"https:\/\/csstl.gouv.qc.ca\/echos\/wp-json\/wp\/v2\/types\/page"}],"author":[{"embeddable":true,"href":"https:\/\/csstl.gouv.qc.ca\/echos\/wp-json\/wp\/v2\/users\/2"}],"replies":[{"embeddable":true,"href":"https:\/\/csstl.gouv.qc.ca\/echos\/wp-json\/wp\/v2\/comments?post=10"}],"version-history":[{"count":0,"href":"https:\/\/csstl.gouv.qc.ca\/echos\/wp-json\/wp\/v2\/pages\/10\/revisions"}],"wp:attachment":[{"href":"https:\/\/csstl.gouv.qc.ca\/echos\/wp-json\/wp\/v2\/media?parent=10"}],"curies":[{"name":"wp","href":"https:\/\/api.w.org\/{rel}","templated":true}]}}