{"id":742,"date":"2019-11-28T14:51:45","date_gmt":"2019-11-28T19:51:45","guid":{"rendered":"https:\/\/cs3lacs.wpengine.com\/coteau-du-lac\/?page_id=742"},"modified":"2026-03-31T12:59:13","modified_gmt":"2026-03-31T17:59:13","slug":"documents-liens-utiles","status":"publish","type":"page","link":"https:\/\/csstl.gouv.qc.ca\/coteau-du-lac\/documents-liens-utiles\/","title":{"rendered":"Documents et liens utiles"},"content":{"rendered":"\n<h2 class=\"wp-block-heading\">Calendrier scolaire personnalis\u00e9 de l&rsquo;\u00e9cole de Coteau-du-Lac<\/h2>\n\n\n\n<ul class=\"wp-block-list\">\n<li><a href=\"https:\/\/media.csstl.gouv.qc.ca\/wp-content\/uploads\/sites\/29\/2025\/08\/13132929\/Copie-de-Calendrier-scolaire-2025-2026-primaire-semaine-A-et-B.pdf\" data-type=\"attachment\" data-id=\"1460\" target=\"_blank\" rel=\"noreferrer noopener\">Calendrier scolaire 2025-2026<\/a><\/li>\n<\/ul>\n\n\n\n<h2 class=\"wp-block-heading\">Info-parents<\/h2>\n\n\n\n<p><a href=\"https:\/\/media.csstl.gouv.qc.ca\/wp-content\/uploads\/sites\/29\/2025\/08\/26121427\/InfoParents-Aout-sept-25-26.pdf\" data-type=\"attachment\" data-id=\"1467\" target=\"_blank\" rel=\"noreferrer noopener\">Rentr\u00e9e 2025-2026<\/a><\/p>\n\n\n\n<p><a href=\"https:\/\/media.csstl.gouv.qc.ca\/wp-content\/uploads\/sites\/29\/2025\/09\/12075244\/InfoParents-Extra-Septembre-25-26.pdf\" data-type=\"attachment\" data-id=\"1473\" target=\"_blank\" rel=\"noreferrer noopener\">Extra septembre 2025<\/a><\/p>\n\n\n\n<p><a href=\"https:\/\/media.csstl.gouv.qc.ca\/wp-content\/uploads\/sites\/29\/2025\/10\/01115757\/InfoParents-Octobre-25-26.pdf\" data-type=\"attachment\" data-id=\"1481\" target=\"_blank\" rel=\"noreferrer noopener\">Octobre 2025<\/a><\/p>\n\n\n\n<p><a href=\"https:\/\/media.csstl.gouv.qc.ca\/wp-content\/uploads\/sites\/29\/2025\/11\/03084338\/InfoParents-Novembre-25-26.pdf\" data-type=\"attachment\" data-id=\"1489\" target=\"_blank\" rel=\"noreferrer noopener\">Novembre 2025<\/a><\/p>\n\n\n\n<p><a href=\"https:\/\/media.csstl.gouv.qc.ca\/wp-content\/uploads\/sites\/29\/2025\/12\/03093904\/InfoParents-Decembre-25-26.pdf\" data-type=\"attachment\" data-id=\"1494\" target=\"_blank\" rel=\"noreferrer noopener\">D\u00e9cembre 2025<\/a><\/p>\n\n\n\n<p><a href=\"https:\/\/media.csstl.gouv.qc.ca\/wp-content\/uploads\/sites\/29\/2025\/12\/19150035\/InfoParents-Janvier-25-26-1.pdf\" data-type=\"attachment\" data-id=\"1513\" target=\"_blank\" rel=\"noreferrer noopener\">Janvier 2026<\/a><\/p>\n\n\n\n<p><a href=\"https:\/\/media.csstl.gouv.qc.ca\/wp-content\/uploads\/sites\/29\/2026\/02\/04082315\/InfoParents-Fevrier-25-26.pdf\" data-type=\"attachment\" data-id=\"1519\" target=\"_blank\" rel=\"noreferrer noopener\">F\u00e9vrier 2026<\/a><\/p>\n\n\n\n<p><a href=\"https:\/\/media.csstl.gouv.qc.ca\/wp-content\/uploads\/sites\/29\/2026\/02\/26103546\/InfoParents-Mars-25-26.pdf\" data-type=\"attachment\" data-id=\"1521\" target=\"_blank\" rel=\"noreferrer noopener\">Mars 2026<\/a><\/p>\n\n\n\n<p><a href=\"https:\/\/media.csstl.gouv.qc.ca\/wp-content\/uploads\/sites\/29\/2026\/03\/31125234\/InfoParents-Avril-25-26.pdf\" data-type=\"attachment\" data-id=\"1527\">Avril 2026<\/a><\/p>\n\n\n\n<p><\/p>\n\n\n\n<p><\/p>\n\n\n\n<h2 class=\"wp-block-heading\">Campagne de financement 2025-2026<\/h2>\n\n\n\n<p><a href=\"https:\/\/media.csstl.gouv.qc.ca\/wp-content\/uploads\/sites\/29\/2025\/11\/03084341\/CAMPAGNE-de-financement-2025-2026-Ecole-de-Coteau-du-Lac.pdf\" data-type=\"attachment\" data-id=\"1490\" target=\"_blank\" rel=\"noreferrer noopener\">Informations pour la campagne de financement des B\u00fbches de No\u00ebl<\/a><\/p>\n\n\n\n<p><\/p>\n\n\n\n<p><\/p>\n\n\n\n<p><\/p>\n\n\n\n<p><\/p>\n\n\n\n<h2 class=\"wp-block-heading\">D\u00e9pliant bulletin Pr\u00e9scolaire Mont\u00e9r\u00e9gie Estrie 2024<\/h2>\n\n\n\n<p><a href=\"https:\/\/media.csstl.gouv.qc.ca\/wp-content\/uploads\/sites\/29\/2023\/11\/02083713\/DepliantParentBulletinprescolaireMonteregieEstrie2023.pdf\" data-type=\"attachment\" data-id=\"1324\" target=\"_blank\" rel=\"noreferrer noopener\">D\u00e9pliant<\/a><\/p>\n\n\n\n<h2 class=\"wp-block-heading\">Qu&rsquo;est-ce que l&rsquo;\u00e9ducation Pr\u00e9scolaire?<\/h2>\n\n\n\n<p><a href=\"https:\/\/www.youtube.com\/watch?v=AnCiS2nj9ns\" target=\"_blank\" rel=\"noreferrer noopener\">Qu&rsquo;est-ce que l&rsquo;\u00e9ducation Pr\u00e9scolaire (Vid\u00e9o d&rsquo;information)<\/a><\/p>\n\n\n\n<h2 class=\"wp-block-heading\">Fr\u00e9quence d&rsquo;\u00e9valuation des comp\u00e9tences<\/h2>\n\n\n\n<ul class=\"wp-block-list\">\n<li><a href=\"https:\/\/media.csstl.gouv.qc.ca\/wp-content\/uploads\/sites\/29\/2023\/10\/24084544\/Annexe-2-Renseignements-a-transmettre_prescolaire_23-24.pdf\" data-type=\"link\" data-id=\"https:\/\/media.csstl.gouv.qc.ca\/wp-content\/uploads\/sites\/29\/2023\/10\/24084544\/Annexe-2-Renseignements-a-transmettre_prescolaire_23-24.pdf\">Pr\u00e9scolaire<\/a><\/li>\n\n\n\n<li><a href=\"https:\/\/media.csstl.gouv.qc.ca\/wp-content\/uploads\/sites\/29\/2023\/10\/24081335\/Annexe-2a-Renseignements-a-transmettre_1ere-annee_23-24.pdf\" data-type=\"attachment\" data-id=\"1304\" target=\"_blank\" rel=\"noreferrer noopener\">1re ann\u00e9e<\/a><\/li>\n\n\n\n<li><a href=\"https:\/\/media.csstl.gouv.qc.ca\/wp-content\/uploads\/sites\/29\/2023\/10\/24081339\/Annexe-2b-Renseignements-a-transmettre_2e-annee_23-24.pdf\" data-type=\"attachment\" data-id=\"1305\" target=\"_blank\" rel=\"noreferrer noopener\">2e ann\u00e9e<\/a><\/li>\n\n\n\n<li><a href=\"https:\/\/media.csstl.gouv.qc.ca\/wp-content\/uploads\/sites\/29\/2023\/10\/24081342\/Annexe-2c-Renseignements-a-transmettre_3e-annee_23-24.pdf\" data-type=\"attachment\" data-id=\"1306\" target=\"_blank\" rel=\"noreferrer noopener\">3e ann\u00e9e<\/a><\/li>\n\n\n\n<li><a href=\"https:\/\/media.csstl.gouv.qc.ca\/wp-content\/uploads\/sites\/29\/2023\/10\/24081346\/Annexe-2d-Renseignements-a-transmettre_4e-annee_23-24.pdf\" data-type=\"attachment\" data-id=\"1307\" target=\"_blank\" rel=\"noreferrer noopener\">4e ann\u00e9e<\/a><\/li>\n\n\n\n<li><a href=\"https:\/\/media.csstl.gouv.qc.ca\/wp-content\/uploads\/sites\/29\/2023\/10\/24081351\/Annexe-2e-Renseignements-a-transmettre_5e-annee_23-24.pdf\" data-type=\"attachment\" data-id=\"1308\" target=\"_blank\" rel=\"noreferrer noopener\">5e ann\u00e9e<\/a><\/li>\n\n\n\n<li><a href=\"https:\/\/media.csstl.gouv.qc.ca\/wp-content\/uploads\/sites\/29\/2023\/10\/24081355\/Annexe-2f-Renseignements-a-transmettre_6e-annee_23-24.pdf\" data-type=\"attachment\" data-id=\"1309\" target=\"_blank\" rel=\"noreferrer noopener\">6e ann\u00e9e<\/a><\/li>\n\n\n\n<li><a href=\"https:\/\/media.csstl.gouv.qc.ca\/wp-content\/uploads\/sites\/29\/2023\/10\/24081358\/Annexe-2g-Renseignements-a-transmettre_PEIA_23-24.pdf\" data-type=\"attachment\" data-id=\"1310\" target=\"_blank\" rel=\"noreferrer noopener\">PEIA<\/a><\/li>\n\n\n\n<li><a href=\"https:\/\/media.csstl.gouv.qc.ca\/wp-content\/uploads\/sites\/29\/2023\/10\/24081401\/Annexe-2h-Renseignements-a-transmettre_DA_23-24.pdf\" data-type=\"attachment\" data-id=\"1311\" target=\"_blank\" rel=\"noreferrer noopener\">Soutien \u00e0 l&rsquo;apprentissage<\/a><\/li>\n<\/ul>\n\n\n\n<h2 class=\"wp-block-heading\">COSP (Contenus en orientation scolaire et professionnelle)<\/h2>\n\n\n\n<ul class=\"wp-block-list\">\n<li><a href=\"https:\/\/media.csstl.gouv.qc.ca\/wp-content\/uploads\/sites\/29\/2025\/10\/09094046\/11.10-Continuum-COSP-3e-cycle.pdf\" data-type=\"attachment\" data-id=\"1484\" target=\"_blank\" rel=\"noreferrer noopener\">Tableau explicatif du d\u00e9but du 3e cycle du primaire \u00e0 la fin du 2e cycle du secondaire<\/a><\/li>\n\n\n\n<li><a href=\"https:\/\/media.csstl.gouv.qc.ca\/wp-content\/uploads\/sites\/29\/2025\/10\/09094049\/Feuillet_parent_-COSP-primaire-3e-cycle-primaire.pdf\" data-type=\"attachment\" data-id=\"1485\" target=\"_blank\" rel=\"noreferrer noopener\">Feuillet \u00e0 l&rsquo;intention des parents d&rsquo;\u00e9l\u00e8ves de 5e et de 6e ann\u00e9e du primaire<\/a><\/li>\n<\/ul>\n\n\n\n<h2 class=\"wp-block-heading\">Liens utiles<\/h2>\n\n\n\n<ul class=\"wp-block-list\">\n<li><a href=\"https:\/\/media.csstl.gouv.qc.ca\/wp-content\/uploads\/sites\/29\/2025\/09\/29122620\/CLI-60777_Autorisation-dadministration-de-medicaments-prescrits-2025-06-CSSTL.pdf\" data-type=\"attachment\" data-id=\"1480\" target=\"_blank\" rel=\"noreferrer noopener\">Formulaire d&rsquo;administration de m\u00e9dicaments<\/a><\/li>\n\n\n\n<li><a rel=\"noreferrer noopener\" href=\"https:\/\/media.csstl.gouv.qc.ca\/wp-content\/uploads\/sites\/29\/2022\/12\/08101633\/Poux-Poux-Poux-1.pdf\" data-type=\"attachment\" data-id=\"1171\" target=\"_blank\">Informations sur la p\u00e9diculose (poux)<\/a><\/li>\n\n\n\n<li><a href=\"https:\/\/media.csstl.gouv.qc.ca\/wp-content\/uploads\/sites\/29\/2025\/07\/09142333\/Maladie-infectieuse-lettreparents-25-26.pdf\" data-type=\"attachment\" data-id=\"1458\" target=\"_blank\" rel=\"noreferrer noopener\">Maladies infectieuses en milieu scolaire<\/a><\/li>\n\n\n\n<li><a href=\"https:\/\/media.csstl.gouv.qc.ca\/wp-content\/uploads\/sites\/29\/2022\/12\/08101627\/Habillage-de-saison.pdf\" data-type=\"attachment\" data-id=\"1170\" target=\"_blank\" rel=\"noreferrer noopener\">Habillage de saison<\/a><\/li>\n\n\n\n<li><a rel=\"noreferrer noopener\" href=\"https:\/\/media.csstl.gouv.qc.ca\/wp-content\/uploads\/sites\/29\/2022\/12\/08101637\/Thermometre-vestimentaire-St-Thomas.pdf\" data-type=\"attachment\" data-id=\"1172\" target=\"_blank\">Thermom\u00e8tre vestimentaire<\/a><\/li>\n<\/ul>\n\n\n\n<h2 class=\"wp-block-heading\">Moza\u00efk portail parents<\/h2>\n\n\n\n<p>Pour ce faire, vous devez tout d&rsquo;abord cr\u00e9er votre compte.  Nous pr\u00e9cisons que si votre adresse courriel associ\u00e9e au compte n&rsquo;est pas la m\u00eame que celle donn\u00e9e \u00e0 l&rsquo;\u00e9cole, il ne vous sera pas possible d&rsquo;acc\u00e9der au portail de vos enfants.  <\/p>\n\n\n\n<ul class=\"wp-block-list\">\n<li><a rel=\"noreferrer noopener\" href=\"https:\/\/media.csstl.gouv.qc.ca\/wp-content\/uploads\/sites\/29\/2022\/12\/20133749\/Guide-Mozaik-Portail-parents.pdf\" data-type=\"attachment\" data-id=\"1196\" target=\"_blank\">Proc\u00e9dure &#8211; Cr\u00e9ation d&rsquo;un compte<\/a> <\/li>\n\n\n\n<li><a rel=\"noreferrer noopener\" href=\"https:\/\/media.csstl.gouv.qc.ca\/wp-content\/uploads\/sites\/29\/2022\/12\/20133719\/Procedure-paiement-Internet-2022.pdf\" data-type=\"attachment\" data-id=\"1195\" target=\"_blank\">Proc\u00e9dure &#8211; Paiement par internet <\/a> <\/li>\n<\/ul>\n\n\n\n<h2 class=\"wp-block-heading\">\u00c9ducation \u00e0 la sexualit\u00e9<\/h2>\n\n\n\n<p>Voici la grille de planification de l&rsquo;\u00e9ducation \u00e0 la sexualit\u00e9, ainsi que les feuillets pour chaque niveau scolaire pour l&rsquo;ann\u00e9e 2023-2024.<\/p>\n\n\n\n<ul class=\"wp-block-list\">\n<li><a href=\"https:\/\/media.csstl.gouv.qc.ca\/wp-content\/uploads\/sites\/29\/2023\/10\/23092508\/23-24-Grille-de-planification_Education-sexualite.pdf\" data-type=\"attachment\" data-id=\"1276\" target=\"_blank\" rel=\"noreferrer noopener\">23-24 Grille de Planification \u00c9ducation sexualit\u00e9<\/a><\/li>\n\n\n\n<li><a href=\"https:\/\/media.csstl.gouv.qc.ca\/wp-content\/uploads\/sites\/29\/2023\/10\/23092527\/Feuillet-Parents-Sexualite-prescolaire.pdf\" data-type=\"attachment\" data-id=\"1277\" target=\"_blank\" rel=\"noreferrer noopener\">Feuillet Parents Sexualit\u00e9 pr\u00e9scolaire<\/a><\/li>\n\n\n\n<li><a href=\"https:\/\/media.csstl.gouv.qc.ca\/wp-content\/uploads\/sites\/29\/2023\/10\/23092537\/Feuillet_Parents_Sexualite_Primaire1.pdf\" data-type=\"attachment\" data-id=\"1278\">F<\/a><a href=\"https:\/\/media.csstl.gouv.qc.ca\/wp-content\/uploads\/sites\/29\/2023\/10\/23092537\/Feuillet_Parents_Sexualite_Primaire1.pdf\" data-type=\"attachment\" data-id=\"1278\" target=\"_blank\" rel=\"noreferrer noopener\">euillet Parents Sexualit\u00e9 1re ann\u00e9e<\/a><\/li>\n\n\n\n<li><a href=\"https:\/\/media.csstl.gouv.qc.ca\/wp-content\/uploads\/sites\/29\/2023\/10\/23092547\/Feuillet_Parents_Sexualite_Primaire2.pdf\" data-type=\"attachment\" data-id=\"1279\" target=\"_blank\" rel=\"noreferrer noopener\">Feuillet Parents Sexualit\u00e9 2e ann\u00e9e<\/a><\/li>\n\n\n\n<li><a href=\"https:\/\/media.csstl.gouv.qc.ca\/wp-content\/uploads\/sites\/29\/2023\/10\/23092556\/Feuillet_Parents_Sexualite_Primaire3.pdf\" data-type=\"attachment\" data-id=\"1280\" target=\"_blank\" rel=\"noreferrer noopener\">Feuillet Parents Sexualit\u00e9 3e ann\u00e9e<\/a><\/li>\n\n\n\n<li><a href=\"https:\/\/media.csstl.gouv.qc.ca\/wp-content\/uploads\/sites\/29\/2023\/10\/23092603\/Feuillet_Parents_Sexualite_Primaire4.pdf\" data-type=\"attachment\" data-id=\"1281\" target=\"_blank\" rel=\"noreferrer noopener\">Feuillet Parents Sexualit\u00e9 4e ann\u00e9e<\/a><\/li>\n\n\n\n<li><a href=\"https:\/\/media.csstl.gouv.qc.ca\/wp-content\/uploads\/sites\/29\/2023\/10\/23092611\/Feuillet_Parents_Sexualite_Primaire5.pdf\" data-type=\"attachment\" data-id=\"1282\" target=\"_blank\" rel=\"noreferrer noopener\">Feuillet Parents Sexualit\u00e9 5e ann\u00e9e<\/a><\/li>\n\n\n\n<li><a href=\"https:\/\/media.csstl.gouv.qc.ca\/wp-content\/uploads\/sites\/29\/2023\/10\/23120059\/Feuillet_Parents_Sexualite_Primaire6-1.pdf\" data-type=\"attachment\" data-id=\"1290\" target=\"_blank\" rel=\"noreferrer noopener\">Feuillet Parents Sexualit\u00e9 6e ann\u00e9e<\/a><\/li>\n<\/ul>\n\n\n\n<p><\/p>\n\n\n\n<h2 class=\"wp-block-heading\">Planification annuelle des contenus obligatoires des comp\u00e9tences socio \u00e9motionnelles<\/h2>\n\n\n\n<p><a href=\"https:\/\/media.csstl.gouv.qc.ca\/wp-content\/uploads\/sites\/29\/2025\/12\/05104747\/Proposition-2025-2026-planification-CPS-Coteau-du-Lac.pdf\" data-type=\"attachment\" data-id=\"1498\" target=\"_blank\" rel=\"noreferrer noopener\">Proposition annuelle des contenus obligatoires des comp\u00e9tences socio \u00e9motionnelles<\/a><\/p>\n\n\n\n<p><\/p>\n","protected":false},"excerpt":{"rendered":"<p>Calendrier scolaire personnalis\u00e9 de l&rsquo;\u00e9cole de Coteau-du-Lac Info-parents Rentr\u00e9e 2025-2026 Extra septembre 2025 Octobre 2025 Novembre 2025 D\u00e9cembre 2025 Janvier 2026 F\u00e9vrier 2026 Mars 2026 Avril 2026 Campagne de financement 2025-2026 Informations pour la campagne de financement des B\u00fbches de No\u00ebl D\u00e9pliant bulletin Pr\u00e9scolaire Mont\u00e9r\u00e9gie Estrie 2024 D\u00e9pliant Qu&rsquo;est-ce que l&rsquo;\u00e9ducation Pr\u00e9scolaire? Qu&rsquo;est-ce que l&rsquo;\u00e9ducation [&hellip;]<\/p>\n","protected":false},"author":4,"featured_media":0,"parent":0,"menu_order":0,"comment_status":"closed","ping_status":"closed","template":"","meta":{"_genesis_hide_title":false,"_genesis_hide_breadcrumbs":false,"_genesis_hide_singular_image":false,"_genesis_hide_footer_widgets":false,"_genesis_custom_body_class":"","_genesis_custom_post_class":"","_genesis_layout":"","footnotes":""},"class_list":{"0":"post-742","1":"page","2":"type-page","3":"status-publish","5":"entry"},"featured_image_src":null,"featured_image_src_square":null,"_links":{"self":[{"href":"https:\/\/csstl.gouv.qc.ca\/coteau-du-lac\/wp-json\/wp\/v2\/pages\/742","targetHints":{"allow":["GET"]}}],"collection":[{"href":"https:\/\/csstl.gouv.qc.ca\/coteau-du-lac\/wp-json\/wp\/v2\/pages"}],"about":[{"href":"https:\/\/csstl.gouv.qc.ca\/coteau-du-lac\/wp-json\/wp\/v2\/types\/page"}],"author":[{"embeddable":true,"href":"https:\/\/csstl.gouv.qc.ca\/coteau-du-lac\/wp-json\/wp\/v2\/users\/4"}],"replies":[{"embeddable":true,"href":"https:\/\/csstl.gouv.qc.ca\/coteau-du-lac\/wp-json\/wp\/v2\/comments?post=742"}],"version-history":[{"count":0,"href":"https:\/\/csstl.gouv.qc.ca\/coteau-du-lac\/wp-json\/wp\/v2\/pages\/742\/revisions"}],"wp:attachment":[{"href":"https:\/\/csstl.gouv.qc.ca\/coteau-du-lac\/wp-json\/wp\/v2\/media?parent=742"}],"curies":[{"name":"wp","href":"https:\/\/api.w.org\/{rel}","templated":true}]}}