{"id":482,"date":"2019-06-18T13:49:24","date_gmt":"2019-06-18T18:49:24","guid":{"rendered":"http:\/\/cs3lacs.wpengine.com\/coteau-du-lac\/?page_id=482"},"modified":"2026-02-26T10:42:50","modified_gmt":"2026-02-26T15:42:50","slug":"service-alimentaire","status":"publish","type":"page","link":"https:\/\/csstl.gouv.qc.ca\/coteau-du-lac\/service-alimentaire\/","title":{"rendered":"Service alimentaire"},"content":{"rendered":"\n<h2 class=\"wp-block-heading\">Pavillon \u00c9clusi\u00e8re<\/h2>\n\n\n\n<p>Le service de caf\u00e9t\u00e9ria est offert par Madame Suzanne Plouffe, au pavillon \u00c9clusi\u00e8re.  <\/p>\n\n\n\n<p>Le <a href=\"https:\/\/media.csstl.gouv.qc.ca\/wp-content\/uploads\/sites\/29\/2025\/08\/14082555\/Menus_Ecoles2025-2026.pdf\" data-type=\"attachment\" data-id=\"1463\" target=\"_blank\" rel=\"noreferrer noopener\">menu complet<\/a> quotidien est de 7,75 $. Un <a href=\"https:\/\/media.csstl.gouv.qc.ca\/wp-content\/uploads\/sites\/29\/2025\/08\/14082552\/Carte_2025-2026.pdf\" data-type=\"attachment\" data-id=\"1462\" target=\"_blank\" rel=\"noreferrer noopener\">menu \u00e0 la carte<\/a> est aussi disponible.<\/p>\n\n\n\n<p>Pour le paiement du menu \u00e0 la journ\u00e9e, svp, privil\u00e9gier l&rsquo;argent comptant et le montant exact. Aucun ch\u00e8que ne sera accept\u00e9. Veuillez pr\u00e9voir un porte-monnaie ou un petit sac \u00e0 collation r\u00e9utilisable bien identifi\u00e9 au nom de votre enfant, ainsi que son # de groupe.<\/p>\n\n\n\n<p>L&rsquo;achat de livrets de <a href=\"https:\/\/media.csstl.gouv.qc.ca\/wp-content\/uploads\/sites\/29\/2025\/08\/14082549\/Bondecommande_2025-2026.pdf\" data-type=\"attachment\" data-id=\"1461\" target=\"_blank\" rel=\"noreferrer noopener\">coupons<\/a> est \u00e0 privil\u00e9gier si vos enfants prennent le menu du jour. Les livrets sont vendus \u00e0 la caf\u00e9t\u00e9ria en paquets de 10 au montant de 77,50 $, payable par ch\u00e8que libell\u00e9 au nom de Suzanne Plouffe, ou par virement Interac. Lors du paiement par virement Interac, bien indiquer le nom de votre enfant, son groupe et l&rsquo;\u00e9cole et envoyer les informations par message texte.<\/p>\n\n\n\n<p>Il y a aussi la possibilit\u00e9 de payer au mois, vous pourrez donc profiter d&rsquo;un repas gratuit par mois. Vous pouvez payer en argent comptant ou bien faire un ch\u00e8que libell\u00e9 au nom de Suzanne Plouffe, pour avoir le moins de manipulation possible.<\/p>\n\n\n\n<p>Pour tous les niveaux, le paiement dans le porte-monnaie doit \u00eatre remis lors du choix du repas \u00e0 chaque matin, soit \u00e0 l&rsquo;enseignant(e) ou au responsable.<\/p>\n\n\n\n<h2 class=\"wp-block-heading\">Pavillons Acad\u00e9mie-Wilson et St-Ignace<\/h2>\n\n\n\n<p>Le Merenda sera le nouveau traiteur pour les pavillons Acad\u00e9mie-Wilson et St-Ignace et ce, \u00e0 compter du 12 janvier 2026.<\/p>\n\n\n\n<p>Voici le <a href=\"https:\/\/media.csstl.gouv.qc.ca\/wp-content\/uploads\/sites\/29\/2026\/02\/26104049\/merenda-menu-mars-2026.pdf\" data-type=\"attachment\" data-id=\"1522\" target=\"_blank\" rel=\"noreferrer noopener\">menu complet<\/a> de mars 2026.<\/p>\n\n\n\n<p>\u00c0 noter que si votre enfant est absent le jour du repas, vous devez signaler son absence au traiteur par t\u00e9l\u00e9phone ou par courriel avant 7 h 00 le matin m\u00eame.<\/p>\n\n\n\n<p>Vous avez la possibilit\u00e9 de commander en ligne des repas pour votre enfant en vous rendant sur le <a href=\"https:\/\/www.traiteurmerenda.com\/\" data-type=\"link\" data-id=\"https:\/\/www.traiteurmerenda.com\/\" target=\"_blank\" rel=\"noreferrer noopener\">site Web du traiteur<\/a>.<\/p>\n\n\n\n<p><a href=\"https:\/\/media.csstl.gouv.qc.ca\/wp-content\/uploads\/sites\/29\/2025\/12\/19103406\/Infolettre_Merenda_FR_CoteauLac.pdf\" data-type=\"attachment\" data-id=\"1505\" target=\"_blank\" rel=\"noreferrer noopener\">Infolettre Le Merenda<\/a><\/p>\n","protected":false},"excerpt":{"rendered":"<p>Pavillon \u00c9clusi\u00e8re Le service de caf\u00e9t\u00e9ria est offert par Madame Suzanne Plouffe, au pavillon \u00c9clusi\u00e8re. Le menu complet quotidien est de 7,75 $. Un menu \u00e0 la carte est aussi disponible. Pour le paiement du menu \u00e0 la journ\u00e9e, svp, privil\u00e9gier l&rsquo;argent comptant et le montant exact. Aucun ch\u00e8que ne sera accept\u00e9. Veuillez pr\u00e9voir un [&hellip;]<\/p>\n","protected":false},"author":2,"featured_media":0,"parent":0,"menu_order":0,"comment_status":"closed","ping_status":"closed","template":"","meta":{"_genesis_hide_title":false,"_genesis_hide_breadcrumbs":false,"_genesis_hide_singular_image":false,"_genesis_hide_footer_widgets":false,"_genesis_custom_body_class":"","_genesis_custom_post_class":"","_genesis_layout":"","footnotes":""},"class_list":{"0":"post-482","1":"page","2":"type-page","3":"status-publish","5":"entry"},"featured_image_src":null,"featured_image_src_square":null,"_links":{"self":[{"href":"https:\/\/csstl.gouv.qc.ca\/coteau-du-lac\/wp-json\/wp\/v2\/pages\/482","targetHints":{"allow":["GET"]}}],"collection":[{"href":"https:\/\/csstl.gouv.qc.ca\/coteau-du-lac\/wp-json\/wp\/v2\/pages"}],"about":[{"href":"https:\/\/csstl.gouv.qc.ca\/coteau-du-lac\/wp-json\/wp\/v2\/types\/page"}],"author":[{"embeddable":true,"href":"https:\/\/csstl.gouv.qc.ca\/coteau-du-lac\/wp-json\/wp\/v2\/users\/2"}],"replies":[{"embeddable":true,"href":"https:\/\/csstl.gouv.qc.ca\/coteau-du-lac\/wp-json\/wp\/v2\/comments?post=482"}],"version-history":[{"count":0,"href":"https:\/\/csstl.gouv.qc.ca\/coteau-du-lac\/wp-json\/wp\/v2\/pages\/482\/revisions"}],"wp:attachment":[{"href":"https:\/\/csstl.gouv.qc.ca\/coteau-du-lac\/wp-json\/wp\/v2\/media?parent=482"}],"curies":[{"name":"wp","href":"https:\/\/api.w.org\/{rel}","templated":true}]}}