{"id":10,"date":"2019-02-06T13:15:15","date_gmt":"2019-02-06T13:15:15","guid":{"rendered":"http:\/\/cs3lacs.wpengine.com\/coteau-du-lac\/?page_id=10"},"modified":"2025-09-19T10:06:39","modified_gmt":"2025-09-19T15:06:39","slug":"conseil-detablissement","status":"publish","type":"page","link":"https:\/\/csstl.gouv.qc.ca\/coteau-du-lac\/conseil-detablissement\/","title":{"rendered":"Conseil d&rsquo;\u00e9tablissement"},"content":{"rendered":"\n<p>Les s\u00e9ances de conseil d&rsquo;\u00e9tablissement sont publiques.  Pour assister virtuellement \u00e0 un conseil d&rsquo;\u00e9tablissement, vous devez nous faire parvenir une demande en remplissant le <a rel=\"noreferrer noopener\" href=\"https:\/\/csstl.gouv.qc.ca\/coteau-du-lac\/nous-joindre\/\" data-type=\"URL\" data-id=\"https:\/\/csstl.gouv.qc.ca\/coteau-du-lac\/nous-joindre\/\" target=\"_blank\">formulaire de la page Nous joindre<\/a> avant 16 h le mercredi pr\u00e9c\u00e9dent la s\u00e9ance que vous souhaitez assister.  Vous recevrez par la suite un courriel d&rsquo;invitation afin de vous joindre \u00e0 la s\u00e9ance virtuelle.<\/p>\n\n\n\n<p>L&rsquo;invitation \u00e0 la s\u00e9ance virtuelle ne doit pas \u00eatre partag\u00e9e \u00e0 d&rsquo;autres parents car il s&rsquo;agit d&rsquo;une invitation par demande.<\/p>\n\n\n\n<h2 class=\"wp-block-heading\">Membres du conseil d&rsquo;\u00e9tablissement 2025-2026<\/h2>\n\n\n\n<ul class=\"wp-block-list\">\n<li>Josiane Daoust | Parent<\/li>\n\n\n\n<li>Fran\u00e7ois D\u00e9cosse | Parent<\/li>\n\n\n\n<li>David Beauchamp | Parent<\/li>\n\n\n\n<li>Aswin Ramduny | Parent<\/li>\n\n\n\n<li>Jennifer Dumoulin | parent<\/li>\n\n\n\n<li>Mario Trottier-Pharand | Parent<\/li>\n\n\n\n<li>Sonia Rousseau | Parent substitut<\/li>\n\n\n\n<li>Sonia Julien | Parent substitut<\/li>\n\n\n\n<li>Dominique Lussier | Enseignante<\/li>\n\n\n\n<li>Patricia Dicaire | Enseignante<\/li>\n\n\n\n<li>David-Lee Amos | Enseignant<\/li>\n\n\n\n<li>Nathalie Beaudin | Enseignante<\/li>\n\n\n\n<li>M\u00e9lanie Rouleau | Enseignante substitut<\/li>\n\n\n\n<li>Martin Boisvert | Enseignant substitut  <\/li>\n\n\n\n<li>Marie-No\u00eblle Ladouceur | Personnel de soutien<\/li>\n\n\n\n<li>Arl\u00e8ne Brault | Service de garde (Au besoin)<\/li>\n<\/ul>\n\n\n\n<h2 class=\"wp-block-heading\">Dates de rencontre <\/h2>\n\n\n\n<ul class=\"wp-block-list\">\n<li>3 septembre 2025 (Assembl\u00e9e g\u00e9n\u00e9rale) \u00e0 18h00 (Pavillon \u00c9clusi\u00e8re)<\/li>\n\n\n\n<li>8 octobre 2025 \u00e0 18h30 (Pavillon Acad\u00e9mie-Wilson)<\/li>\n\n\n\n<li>3 d\u00e9cembre 2025 \u00e0 18h30 (Pavillon St-Ignace)<\/li>\n\n\n\n<li>11 f\u00e9vrier 2026 \u00e0 18h30 (Pavillon \u00c9clusi\u00e8re)<\/li>\n\n\n\n<li>1er avril 2026 \u00e0 18h30 (Pavillon Acad\u00e9mie-Wilson)<\/li>\n\n\n\n<li>6 mai 2026 (Pavillon St-Ignace)<\/li>\n\n\n\n<li>10 juin 2026 \u00e0 17h30 <em><strong>exceptionnellement<\/strong><\/em> (Pavillon \u00c9clusi\u00e8re)<\/li>\n<\/ul>\n\n\n\n<h2 class=\"wp-block-heading\">Rapport annuel<\/h2>\n\n\n\n<ul class=\"wp-block-list\">\n<li><a href=\"https:\/\/media.csstl.gouv.qc.ca\/wp-content\/uploads\/sites\/29\/2024\/09\/04090804\/Rapport-annuel-CE-23-24_CDL.pdf\" data-type=\"attachment\" data-id=\"1382\" target=\"_blank\" rel=\"noreferrer noopener\">2023-2024<\/a><\/li>\n<\/ul>\n","protected":false},"excerpt":{"rendered":"<p>Les s\u00e9ances de conseil d&rsquo;\u00e9tablissement sont publiques. Pour assister virtuellement \u00e0 un conseil d&rsquo;\u00e9tablissement, vous devez nous faire parvenir une demande en remplissant le formulaire de la page Nous joindre avant 16 h le mercredi pr\u00e9c\u00e9dent la s\u00e9ance que vous souhaitez assister. Vous recevrez par la suite un courriel d&rsquo;invitation afin de vous joindre \u00e0 [&hellip;]<\/p>\n","protected":false},"author":2,"featured_media":0,"parent":0,"menu_order":11,"comment_status":"closed","ping_status":"closed","template":"","meta":{"_genesis_hide_title":false,"_genesis_hide_breadcrumbs":false,"_genesis_hide_singular_image":false,"_genesis_hide_footer_widgets":false,"_genesis_custom_body_class":"","_genesis_custom_post_class":"","_genesis_layout":"","footnotes":""},"class_list":{"0":"post-10","1":"page","2":"type-page","3":"status-publish","5":"entry"},"featured_image_src":null,"featured_image_src_square":null,"_links":{"self":[{"href":"https:\/\/csstl.gouv.qc.ca\/coteau-du-lac\/wp-json\/wp\/v2\/pages\/10","targetHints":{"allow":["GET"]}}],"collection":[{"href":"https:\/\/csstl.gouv.qc.ca\/coteau-du-lac\/wp-json\/wp\/v2\/pages"}],"about":[{"href":"https:\/\/csstl.gouv.qc.ca\/coteau-du-lac\/wp-json\/wp\/v2\/types\/page"}],"author":[{"embeddable":true,"href":"https:\/\/csstl.gouv.qc.ca\/coteau-du-lac\/wp-json\/wp\/v2\/users\/2"}],"replies":[{"embeddable":true,"href":"https:\/\/csstl.gouv.qc.ca\/coteau-du-lac\/wp-json\/wp\/v2\/comments?post=10"}],"version-history":[{"count":0,"href":"https:\/\/csstl.gouv.qc.ca\/coteau-du-lac\/wp-json\/wp\/v2\/pages\/10\/revisions"}],"wp:attachment":[{"href":"https:\/\/csstl.gouv.qc.ca\/coteau-du-lac\/wp-json\/wp\/v2\/media?parent=10"}],"curies":[{"name":"wp","href":"https:\/\/api.w.org\/{rel}","templated":true}]}}