{"id":995,"date":"2022-10-17T13:56:49","date_gmt":"2022-10-17T18:56:49","guid":{"rendered":"https:\/\/cs3lacs.wpengine.com\/cite-des-jeunes\/?page_id=995"},"modified":"2025-08-28T10:00:14","modified_gmt":"2025-08-28T15:00:14","slug":"reglements","status":"publish","type":"page","link":"https:\/\/csstl.gouv.qc.ca\/cite-des-jeunes\/reglements\/","title":{"rendered":"R\u00e8glements"},"content":{"rendered":"\n<h2 class=\"wp-block-heading\">Politiques et proc\u00e9dures<\/h2>\n\n\n\n<p>Notre \u00e9cole et le Centre de services scolaire des Trois-Lacs se sont dot\u00e9s de r\u00e8glements, politiques et proc\u00e9dures qui sont en vigueur au sein de notre \u00e9tablissement&nbsp;:<\/p>\n\n\n\n<ul class=\"wp-block-list\">\n<li><a href=\"https:\/\/media.csstl.gouv.qc.ca\/wp-content\/uploads\/sites\/25\/2025\/08\/27093701\/Code-ethique.pdf\" data-type=\"link\" data-id=\"https:\/\/media.csstl.gouv.qc.ca\/wp-content\/uploads\/sites\/25\/2025\/08\/27093701\/Code-ethique.pdf\">Code d&rsquo;\u00e9thique<\/a><\/li>\n\n\n\n<li><a href=\"https:\/\/media.csstl.gouv.qc.ca\/wp-content\/uploads\/sites\/25\/2022\/11\/17104118\/Loi_concernant_la_lutte_contre_le_tabagisme.pdf\" data-type=\"attachment\" data-id=\"1080\" target=\"_blank\" rel=\"noreferrer noopener\">Loi sur le tabac<\/a><\/li>\n\n\n\n<li><a href=\"https:\/\/media.csstl.gouv.qc.ca\/wp-content\/uploads\/sites\/25\/2023\/06\/20082804\/NM-ESCJ-fevrier-2023.pdf\" data-type=\"URL\" data-id=\"https:\/\/media.csstl.gouv.qc.ca\/wp-content\/uploads\/sites\/25\/2023\/06\/20082804\/NM-ESCJ-fevrier-2023.pdf\">Normes et modalit\u00e9s d&rsquo;\u00e9valuation<\/a><\/li>\n\n\n\n<li><a href=\"https:\/\/media.csstl.gouv.qc.ca\/wp-content\/uploads\/sites\/25\/2022\/11\/17104143\/Politique_de_transport_scolaire.pdf\" data-type=\"attachment\" data-id=\"1085\" target=\"_blank\" rel=\"noreferrer noopener\">Politique du transport scolaire et parascolaire<\/a><\/li>\n\n\n\n<li><a href=\"https:\/\/media.csstl.gouv.qc.ca\/wp-content\/uploads\/sites\/25\/2022\/11\/17104147\/16-15-09-01_utilisation_TI_telecommunications_medias_sociaux.pdf\" data-type=\"attachment\" data-id=\"1086\" target=\"_blank\" rel=\"noreferrer noopener\">Politique d&rsquo;utilisation des ressources informatiques<\/a><\/li>\n\n\n\n<li><a href=\"https:\/\/media.csstl.gouv.qc.ca\/wp-content\/uploads\/sites\/25\/2022\/11\/17104139\/politique_linguistique.pdf\" data-type=\"attachment\" data-id=\"1084\" target=\"_blank\" rel=\"noreferrer noopener\">Politique linguistique<\/a><\/li>\n\n\n\n<li><a href=\"https:\/\/media.csstl.gouv.qc.ca\/wp-content\/uploads\/sites\/25\/2022\/11\/17104113\/Reglement_18-1998_drogues_stupefiants.pdf\" data-type=\"attachment\" data-id=\"1079\" target=\"_blank\" rel=\"noreferrer noopener\">R\u00e8glements sur les drogues et stup\u00e9fiants<\/a><\/li>\n\n\n\n<li><a href=\"https:\/\/media.csstl.gouv.qc.ca\/wp-content\/uploads\/sites\/25\/2022\/11\/17104123\/Guide_sur_les_sorties_et_les_voyages_en_milieu_scolaire-avril_2015.pdf\" data-type=\"attachment\" data-id=\"1081\" target=\"_blank\" rel=\"noreferrer noopener\">Politique sur les voyages<\/a><\/li>\n<\/ul>\n\n\n\n<h2 class=\"wp-block-heading\">Agenda et code de vie<\/h2>\n\n\n\n<p>Vous trouverez dans le document suivant les <a href=\"https:\/\/media.csstl.gouv.qc.ca\/wp-content\/uploads\/sites\/25\/2025\/08\/27101124\/Pages-1-a-11_code-de-vie-ESCJ-2025-2026.pdf\" data-type=\"link\" data-id=\"https:\/\/media.csstl.gouv.qc.ca\/wp-content\/uploads\/sites\/25\/2025\/08\/27101124\/Pages-1-a-11_code-de-vie-ESCJ-2025-2026.pdf\">premi\u00e8res pages de l&rsquo;agenda<\/a>. Vous pourrez ainsi consulter plusieurs renseignements importants, comme le code de vie et le r\u00e9pertoire t\u00e9l\u00e9phonique.<\/p>\n\n\n\n<h2 class=\"wp-block-heading\">R\u00e8glement sur l&rsquo;uniforme scolaire<\/h2>\n\n\n\n<p>Lorsque les \u00e9l\u00e8ves sont sous la responsabilit\u00e9 de l\u2019\u00e9cole secondaire de la Cit\u00e9-des-Jeunes, ils doivent porter en tout temps l\u2019uniforme officiel de l\u2019\u00e9cole. La r\u00e8glementation de l\u2019uniforme scolaire est d\u00e9taill\u00e9e dans l\u2019agenda de l\u2019\u00e9l\u00e8ve. En voici les grandes lignes&nbsp;:<\/p>\n\n\n\n<ul class=\"wp-block-list\">\n<li>Un sous-v\u00eatement (t-shirt) est tol\u00e9r\u00e9 sous l\u2019uniforme ou la chemise, \u00e0 condition qu\u2019il soit de couleur neutre (gris, noir, bleu marine ou blanc) et qu\u2019il ne d\u00e9passe pas de l\u2019uniforme officiel ni au niveau des manches ni \u00e0 la taille. Nous n\u2019avons pas d\u2019uniforme pour le bas.<\/li>\n\n\n\n<li>Le port de l\u2019uniforme partiel est exig\u00e9 en tout temps \u00e0 l\u2019\u00e9cole. Ainsi, votre enfant peut choisir un des morceaux de notre collection (polo manche courte, polo manche longue, chandail avec capuchon ou l\u2019option sans capuchon.<\/li>\n\n\n\n<li>Toutefois, voici quelques r\u00e8gles \u00e0 respecter qui vous seront rappel\u00e9es lors de la rentr\u00e9e&nbsp;:\n<ul class=\"wp-block-list\">\n<li><em>Les culottes courtes ou jupes doivent arriver \u00e0 la mi-cuisse et \u00eatre exempts de trous ou d\u00e9chirures\u2009;<\/em><\/li>\n\n\n\n<li><em>Les pantalons doivent \u00eatre exempts de trous ou de d\u00e9chirures laissant voir la peau\u2009;<\/em><\/li>\n\n\n\n<li><em>Le legging est permis.<\/em><\/li>\n<\/ul>\n<\/li>\n\n\n\n<li>En \u00e9ducation physique, le port de l\u2019uniforme complet est exig\u00e9 (pantalon ou short et chandail). Ces pi\u00e8ces de notre collection sont r\u00e9serv\u00e9es exclusivement aux cours d\u2019\u00e9ducation physique et ne peuvent \u00eatre port\u00e9es dans les autres moments de la journ\u00e9e.<\/li>\n<\/ul>\n","protected":false},"excerpt":{"rendered":"<p>Politiques et proc\u00e9dures Notre \u00e9cole et le Centre de services scolaire des Trois-Lacs se sont dot\u00e9s de r\u00e8glements, politiques et proc\u00e9dures qui sont en vigueur au sein de notre \u00e9tablissement&nbsp;: Agenda et code de vie Vous trouverez dans le document suivant les premi\u00e8res pages de l&rsquo;agenda. Vous pourrez ainsi consulter plusieurs renseignements importants, comme le [&hellip;]<\/p>\n","protected":false},"author":2,"featured_media":0,"parent":0,"menu_order":0,"comment_status":"closed","ping_status":"closed","template":"","meta":{"_genesis_hide_title":false,"_genesis_hide_breadcrumbs":false,"_genesis_hide_singular_image":false,"_genesis_hide_footer_widgets":false,"_genesis_custom_body_class":"","_genesis_custom_post_class":"","_genesis_layout":"","footnotes":""},"class_list":{"0":"post-995","1":"page","2":"type-page","3":"status-publish","5":"entry"},"featured_image_src":null,"featured_image_src_square":null,"_links":{"self":[{"href":"https:\/\/csstl.gouv.qc.ca\/cite-des-jeunes\/wp-json\/wp\/v2\/pages\/995","targetHints":{"allow":["GET"]}}],"collection":[{"href":"https:\/\/csstl.gouv.qc.ca\/cite-des-jeunes\/wp-json\/wp\/v2\/pages"}],"about":[{"href":"https:\/\/csstl.gouv.qc.ca\/cite-des-jeunes\/wp-json\/wp\/v2\/types\/page"}],"author":[{"embeddable":true,"href":"https:\/\/csstl.gouv.qc.ca\/cite-des-jeunes\/wp-json\/wp\/v2\/users\/2"}],"replies":[{"embeddable":true,"href":"https:\/\/csstl.gouv.qc.ca\/cite-des-jeunes\/wp-json\/wp\/v2\/comments?post=995"}],"version-history":[{"count":0,"href":"https:\/\/csstl.gouv.qc.ca\/cite-des-jeunes\/wp-json\/wp\/v2\/pages\/995\/revisions"}],"wp:attachment":[{"href":"https:\/\/csstl.gouv.qc.ca\/cite-des-jeunes\/wp-json\/wp\/v2\/media?parent=995"}],"curies":[{"name":"wp","href":"https:\/\/api.w.org\/{rel}","templated":true}]}}