{"id":928,"date":"2022-05-25T08:08:39","date_gmt":"2022-05-25T13:08:39","guid":{"rendered":"https:\/\/cs3lacs.wpengine.com\/cite-des-jeunes\/?page_id=928"},"modified":"2025-11-28T11:43:42","modified_gmt":"2025-11-28T16:43:42","slug":"portrait","status":"publish","type":"page","link":"https:\/\/csstl.gouv.qc.ca\/cite-des-jeunes\/portrait\/","title":{"rendered":"Portrait"},"content":{"rendered":"\n<p>L\u2019\u00e9cole secondaire de la Cit\u00e9-des-Jeunes est situ\u00e9e \u00e0 Vaudreuil-Dorion. Elle accueille des \u00e9l\u00e8ves de secondaire\u00a01 \u00e0 5 ainsi que diff\u00e9rents programmes. En 2025-2026, l\u2019\u00e9cole compte pr\u00e8s de 2 600 \u00e9l\u00e8ves.<\/p>\n\n\n\n<p>L\u2019\u00e9cole secondaire de la Cit\u00e9-des-Jeunes a \u00e9t\u00e9 la premi\u00e8re polyvalente \u00e0 voir le jour au Qu\u00e9bec lors de la R\u00e9volution tranquille au cours des ann\u00e9es&nbsp;1960. Son fondateur, le ministre de l\u2019\u00c9ducation et d\u00e9put\u00e9 de Vaudreuil-Soulanges de l\u2019\u00e9poque, monsieur Paul G\u00e9rin-Lajoie, tenait \u00e0 l\u2019int\u00e9grer \u00e0 un vaste campus qui regrouperait de nombreux services et institutions vou\u00e9s au d\u00e9veloppement et \u00e0 l\u2019\u00e9ducation des jeunes. Jadis appel\u00e9e l\u2019\u00e9cole secondaire Vaudreuil, elle retrouva, en 2004, son appellation d\u2019origine, soit l\u2019\u00e9cole secondaire de la Cit\u00e9-des-Jeunes..<\/p>\n\n\n\n<h2 class=\"wp-block-heading\">Fondation de la Cit\u00e9-des-Jeunes<\/h2>\n\n\n\n<p>La Fondation de la Cit\u00e9-des-Jeunes a pour mission de favoriser la r\u00e9ussite scolaire et l&rsquo;\u00e9panouissement de tous les \u00e9l\u00e8ves de l&rsquo;\u00e9cole secondaire de la Cit\u00e9-des-Jeunes. Pour en apprendre plus, vous pouvez consulter <a href=\"https:\/\/www.fondationcdj.com\/\" target=\"_blank\" rel=\"noreferrer noopener\">leur site web<\/a>. <\/p>\n","protected":false},"excerpt":{"rendered":"<p>L\u2019\u00e9cole secondaire de la Cit\u00e9-des-Jeunes est situ\u00e9e \u00e0 Vaudreuil-Dorion. Elle accueille des \u00e9l\u00e8ves de secondaire\u00a01 \u00e0 5 ainsi que diff\u00e9rents programmes. En 2025-2026, l\u2019\u00e9cole compte pr\u00e8s de 2 600 \u00e9l\u00e8ves. L\u2019\u00e9cole secondaire de la Cit\u00e9-des-Jeunes a \u00e9t\u00e9 la premi\u00e8re polyvalente \u00e0 voir le jour au Qu\u00e9bec lors de la R\u00e9volution tranquille au cours des ann\u00e9es&nbsp;1960. [&hellip;]<\/p>\n","protected":false},"author":4,"featured_media":0,"parent":0,"menu_order":0,"comment_status":"closed","ping_status":"closed","template":"","meta":{"_genesis_hide_title":false,"_genesis_hide_breadcrumbs":false,"_genesis_hide_singular_image":false,"_genesis_hide_footer_widgets":false,"_genesis_custom_body_class":"","_genesis_custom_post_class":"","_genesis_layout":"","footnotes":""},"class_list":{"0":"post-928","1":"page","2":"type-page","3":"status-publish","5":"entry"},"featured_image_src":null,"featured_image_src_square":null,"_links":{"self":[{"href":"https:\/\/csstl.gouv.qc.ca\/cite-des-jeunes\/wp-json\/wp\/v2\/pages\/928","targetHints":{"allow":["GET"]}}],"collection":[{"href":"https:\/\/csstl.gouv.qc.ca\/cite-des-jeunes\/wp-json\/wp\/v2\/pages"}],"about":[{"href":"https:\/\/csstl.gouv.qc.ca\/cite-des-jeunes\/wp-json\/wp\/v2\/types\/page"}],"author":[{"embeddable":true,"href":"https:\/\/csstl.gouv.qc.ca\/cite-des-jeunes\/wp-json\/wp\/v2\/users\/4"}],"replies":[{"embeddable":true,"href":"https:\/\/csstl.gouv.qc.ca\/cite-des-jeunes\/wp-json\/wp\/v2\/comments?post=928"}],"version-history":[{"count":0,"href":"https:\/\/csstl.gouv.qc.ca\/cite-des-jeunes\/wp-json\/wp\/v2\/pages\/928\/revisions"}],"wp:attachment":[{"href":"https:\/\/csstl.gouv.qc.ca\/cite-des-jeunes\/wp-json\/wp\/v2\/media?parent=928"}],"curies":[{"name":"wp","href":"https:\/\/api.w.org\/{rel}","templated":true}]}}