{"id":921,"date":"2022-05-25T08:03:29","date_gmt":"2022-05-25T13:03:29","guid":{"rendered":"https:\/\/cs3lacs.wpengine.com\/cite-des-jeunes\/?page_id=921"},"modified":"2024-12-20T15:29:01","modified_gmt":"2024-12-20T20:29:01","slug":"projet-educatif","status":"publish","type":"page","link":"https:\/\/csstl.gouv.qc.ca\/cite-des-jeunes\/projet-educatif\/","title":{"rendered":"Projet \u00e9ducatif"},"content":{"rendered":"\n<p>Ce dernier, qui est le fruit d&rsquo;un travail de concertation de longue haleine entre tous les intervenants de la\u00a0Cit\u00e9-des-Jeunes, guide au quotidien nos actes \u00e9ducatifs. Nous vous invitons \u00e0 le consulter en cliquant sur l&rsquo;hyperlien suivant : <\/p>\n\n\n\n<p><a href=\"https:\/\/media.csstl.gouv.qc.ca\/wp-content\/uploads\/sites\/25\/2024\/12\/20152530\/Projet-educatif-2025-2027_CE-2024-12-18.pdf\" data-type=\"link\" data-id=\"https:\/\/media.csstl.gouv.qc.ca\/wp-content\/uploads\/sites\/25\/2024\/12\/20152530\/Projet-educatif-2025-2027_CE-2024-12-18.pdf\">Projet \u00e9ducatif 2025-2027<\/a><\/p>\n","protected":false},"excerpt":{"rendered":"<p>Ce dernier, qui est le fruit d&rsquo;un travail de concertation de longue haleine entre tous les intervenants de la\u00a0Cit\u00e9-des-Jeunes, guide au quotidien nos actes \u00e9ducatifs. Nous vous invitons \u00e0 le consulter en cliquant sur l&rsquo;hyperlien suivant : Projet \u00e9ducatif 2025-2027<\/p>\n","protected":false},"author":4,"featured_media":0,"parent":0,"menu_order":0,"comment_status":"closed","ping_status":"closed","template":"","meta":{"_genesis_hide_title":false,"_genesis_hide_breadcrumbs":false,"_genesis_hide_singular_image":false,"_genesis_hide_footer_widgets":false,"_genesis_custom_body_class":"","_genesis_custom_post_class":"","_genesis_layout":"","footnotes":""},"class_list":{"0":"post-921","1":"page","2":"type-page","3":"status-publish","5":"entry"},"featured_image_src":null,"featured_image_src_square":null,"_links":{"self":[{"href":"https:\/\/csstl.gouv.qc.ca\/cite-des-jeunes\/wp-json\/wp\/v2\/pages\/921","targetHints":{"allow":["GET"]}}],"collection":[{"href":"https:\/\/csstl.gouv.qc.ca\/cite-des-jeunes\/wp-json\/wp\/v2\/pages"}],"about":[{"href":"https:\/\/csstl.gouv.qc.ca\/cite-des-jeunes\/wp-json\/wp\/v2\/types\/page"}],"author":[{"embeddable":true,"href":"https:\/\/csstl.gouv.qc.ca\/cite-des-jeunes\/wp-json\/wp\/v2\/users\/4"}],"replies":[{"embeddable":true,"href":"https:\/\/csstl.gouv.qc.ca\/cite-des-jeunes\/wp-json\/wp\/v2\/comments?post=921"}],"version-history":[{"count":0,"href":"https:\/\/csstl.gouv.qc.ca\/cite-des-jeunes\/wp-json\/wp\/v2\/pages\/921\/revisions"}],"wp:attachment":[{"href":"https:\/\/csstl.gouv.qc.ca\/cite-des-jeunes\/wp-json\/wp\/v2\/media?parent=921"}],"curies":[{"name":"wp","href":"https:\/\/api.w.org\/{rel}","templated":true}]}}