{"id":911,"date":"2022-05-25T07:45:51","date_gmt":"2022-05-25T12:45:51","guid":{"rendered":"https:\/\/cs3lacs.wpengine.com\/cite-des-jeunes\/?page_id=911"},"modified":"2025-01-16T15:59:50","modified_gmt":"2025-01-16T20:59:50","slug":"inscription-scolaire","status":"publish","type":"page","link":"https:\/\/csstl.gouv.qc.ca\/cite-des-jeunes\/inscription-scolaire\/","title":{"rendered":"Inscription scolaire"},"content":{"rendered":"\n<p>La proc\u00e9dure d\u00e9taill\u00e9e pour l\u2019inscription des \u00e9l\u00e8ves est disponible sur le <a href=\"\/inscription-scolaire\/\" data-type=\"URL\" data-id=\"\/inscription-scolaire\/\" target=\"_blank\" rel=\"noreferrer noopener\">site Web du Centre de services scolaire des Trois-Lacs<\/a>.<\/p>\n\n\n\n<h2 class=\"wp-block-heading\">Je cherche mon \u00e9cole<\/h2>\n\n\n\n<p>Dans la plateforme \u00ab\u2009<a href=\"https:\/\/geobus.cstrois-lacs.qc.ca\/Pages\/Anonyme\/parents\/page.fr.aspx\" target=\"_blank\" rel=\"noreferrer noopener\">Je cherche mon \u00e9cole<\/a>\u2009\u00bb, indiquez votre adresse et vous serez inform\u00e9 \u00e0 quelle \u00e9cole vous rendre pour inscrire votre enfant.<\/p>\n\n\n\n<p><a href=\"https:\/\/media.csstl.gouv.qc.ca\/wp-content\/uploads\/sites\/25\/2025\/01\/16142249\/Criteres-dadmission-et-dinscription-des-eleves-2025-2026.pdf\" data-type=\"link\" data-id=\"https:\/\/media.csstl.gouv.qc.ca\/wp-content\/uploads\/sites\/25\/2025\/01\/16142249\/Criteres-dadmission-et-dinscription-des-eleves-2025-2026.pdf\">Consulter les crit\u00e8res d\u2019admission et d\u2019inscription des \u00e9l\u00e8ves&nbsp;2025-2026<\/a><\/p>\n\n\n\n<h2 class=\"wp-block-heading\">Inscription des \u00e9l\u00e8ves au secondaire<\/h2>\n\n\n\n<p>L\u2019\u00e9l\u00e8ve doit \u00eatre inscrit \u00e0 l\u2019\u00e9cole de son bassin d\u2019appartenance (selon l\u2019adresse civique). Les parents qui d\u00e9sirent choisir une \u00e9cole autre que celle d\u00e9sign\u00e9e doivent acheminer une demande \u00e9crite \u00e0 l\u2019aide du formulaire \u00ab\u2009demande de changement d\u2019\u00e9cole secondaire\u2009\u00bb \u00e0 la direction de l\u2019\u00e9cole d\u00e9sign\u00e9e. Cette demande doit \u00eatre faite avant le 10&nbsp;juillet et la r\u00e9ponse parviendra au plus tard, la troisi\u00e8me semaine du mois d\u2019ao\u00fbt. Cette demande doit \u00eatre refaite chaque ann\u00e9e. Elle est conditionnelle \u00e0 l\u2019application des crit\u00e8res d\u2019inscription \u00e9tablis par le Centre de services scolaire. Consulter le document d\u2019information du Centre de services scolaire pour conna\u00eetre l\u2019ensemble des dispositions li\u00e9es \u00e0 l\u2019inscription des \u00e9l\u00e8ves.<\/p>\n\n\n\n<p><strong>Les \u00e9l\u00e8ves du primaire qui fr\u00e9quentent une \u00e9cole du Centre de services scolaire des Trois-lacs (CSSTL), plus pr\u00e9cis\u00e9ment le secteur Deux-Montagnes, n\u2019ont pas \u00e0 communiquer avec l\u2019\u00e9cole secondaire pour confirmer l\u2019inscription ainsi que le choix de cours puisque le dossier sera achemin\u00e9 \u00e0 la suite de la p\u00e9riode de r\u00e9inscription en ligne par l\u2019entremise de l\u2019\u00e9cole primaire.<\/strong><\/p>\n\n\n\n<p><strong><span style=\"color: #212121fc;background-color: #498df2ed\" class=\"stk-highlight\">Pour les \u00e9l\u00e8ves provenant d&rsquo;un autre Centre de services scolaire :<\/span><\/strong><\/p>\n\n\n\n<p>Pour vous inscrire, vous devez faire une demande, par courriel, \u00e0 l&rsquo;adresse suivante : <a href=\"mailto:vaudreuil@csstl.gouv.qc.ca\">vaudreuil@csstl.gouv.qc.ca<\/a>. Lors du rendez-vous d&rsquo;inscription, vous devez avoir tous les documents requis en main (voir liste suivante). <\/p>\n\n\n\n<p><strong>Pour les inscriptions 2025-2026<\/strong>, les rendez-vous se donneront \u00e0 compter du mois d&rsquo;avril prochain.<\/p>\n\n\n\n<h2 class=\"wp-block-heading\">Documents requis<\/h2>\n\n\n\n<ul class=\"wp-block-list\">\n<li>L\u2019original du certificat de naissance grand format (comportant le nom des parents), \u00e9mis par la Direction de l\u2019\u00e9tat civil.<\/li>\n\n\n\n<li>Un exemplaire du dernier bulletin ou relev\u00e9 de notes de l\u2019\u00e9l\u00e8ve ainsi que les bulletins de fin d\u2019ann\u00e9e pour les ann\u00e9es ant\u00e9rieures.<\/li>\n\n\n\n<li>Deux preuves de r\u00e9sidence du parent\u00a0: pi\u00e8ces attestant l\u2019adresse du domicile (<a href=\"https:\/\/media.csstl.gouv.qc.ca\/wp-content\/uploads\/sites\/25\/2025\/01\/16155840\/Annexe-6_Attestation-de-preuves-de-residences.pdf\" data-type=\"link\" data-id=\"https:\/\/media.csstl.gouv.qc.ca\/wp-content\/uploads\/sites\/25\/2025\/01\/16155840\/Annexe-6_Attestation-de-preuves-de-residences.pdf\">liste des documents \u00e0 fournir<\/a>).<\/li>\n<\/ul>\n\n\n\n<p>Pour l\u2019\u00e9l\u00e8ve n\u00e9 \u00e0 l\u2019ext\u00e9rieur du Canada, le certificat de naissance de l\u2019\u00e9l\u00e8ve de son pays d\u2019origine traduit en fran\u00e7ais ou en anglais par un traducteur certifi\u00e9. Certains documents compl\u00e9mentaires peuvent \u00eatre demand\u00e9s pour clarifier les informations manquantes.<\/p>\n","protected":false},"excerpt":{"rendered":"<p>La proc\u00e9dure d\u00e9taill\u00e9e pour l\u2019inscription des \u00e9l\u00e8ves est disponible sur le site Web du Centre de services scolaire des Trois-Lacs. Je cherche mon \u00e9cole Dans la plateforme \u00ab\u2009Je cherche mon \u00e9cole\u2009\u00bb, indiquez votre adresse et vous serez inform\u00e9 \u00e0 quelle \u00e9cole vous rendre pour inscrire votre enfant. Consulter les crit\u00e8res d\u2019admission et d\u2019inscription des \u00e9l\u00e8ves&nbsp;2025-2026 [&hellip;]<\/p>\n","protected":false},"author":4,"featured_media":0,"parent":0,"menu_order":0,"comment_status":"closed","ping_status":"closed","template":"","meta":{"_genesis_hide_title":false,"_genesis_hide_breadcrumbs":false,"_genesis_hide_singular_image":false,"_genesis_hide_footer_widgets":false,"_genesis_custom_body_class":"","_genesis_custom_post_class":"","_genesis_layout":"","footnotes":""},"class_list":{"0":"post-911","1":"page","2":"type-page","3":"status-publish","5":"entry"},"featured_image_src":null,"featured_image_src_square":null,"_links":{"self":[{"href":"https:\/\/csstl.gouv.qc.ca\/cite-des-jeunes\/wp-json\/wp\/v2\/pages\/911","targetHints":{"allow":["GET"]}}],"collection":[{"href":"https:\/\/csstl.gouv.qc.ca\/cite-des-jeunes\/wp-json\/wp\/v2\/pages"}],"about":[{"href":"https:\/\/csstl.gouv.qc.ca\/cite-des-jeunes\/wp-json\/wp\/v2\/types\/page"}],"author":[{"embeddable":true,"href":"https:\/\/csstl.gouv.qc.ca\/cite-des-jeunes\/wp-json\/wp\/v2\/users\/4"}],"replies":[{"embeddable":true,"href":"https:\/\/csstl.gouv.qc.ca\/cite-des-jeunes\/wp-json\/wp\/v2\/comments?post=911"}],"version-history":[{"count":0,"href":"https:\/\/csstl.gouv.qc.ca\/cite-des-jeunes\/wp-json\/wp\/v2\/pages\/911\/revisions"}],"wp:attachment":[{"href":"https:\/\/csstl.gouv.qc.ca\/cite-des-jeunes\/wp-json\/wp\/v2\/media?parent=911"}],"curies":[{"name":"wp","href":"https:\/\/api.w.org\/{rel}","templated":true}]}}