{"id":477,"date":"2019-06-18T13:43:02","date_gmt":"2019-06-18T18:43:02","guid":{"rendered":"http:\/\/cs3lacs.wpengine.com\/cite-des-jeunes\/?page_id=477"},"modified":"2026-02-09T14:19:51","modified_gmt":"2026-02-09T19:19:51","slug":"plan-de-lutte-intimidation-violence","status":"publish","type":"page","link":"https:\/\/csstl.gouv.qc.ca\/cite-des-jeunes\/plan-de-lutte-intimidation-violence\/","title":{"rendered":"Plan de lutte contre l&rsquo;intimidation et la violence"},"content":{"rendered":"\n<p>L\u2019adoption du projet de loi&nbsp;56 exige des \u00e9tablissements scolaires et des centres de services scolaire des plans de lutte clairs pour pr\u00e9venir et traiter la violence dans leurs milieux. Une vision partag\u00e9e des partenaires de la r\u00e9ussite de l\u2019\u00e9l\u00e8ve sur les principaux concepts relatifs \u00e0 la violence et une m\u00e9thode d\u2019intervention concert\u00e9e se r\u00e9v\u00e8lent alors essentiels pour le maintien de milieux sains et s\u00e9curitaires.<\/p>\n\n\n\n<p>Afin d\u2019atteindre cet objectif, l\u2019\u00e9cole secondaire de la Cit\u00e9-des-Jeunes s\u2019est dot\u00e9e d\u2019un protocole contre l\u2019intimidation et la violence \u00e0 l\u2019\u00e9cole. Le but de ce protocole est d\u2019outiller le personnel de l\u2019\u00e9tablissement et les parents \u00e0 intervenir de fa\u00e7on concert\u00e9e lors d\u2019un \u00e9v\u00e8nement d\u2019intimidation et&nbsp;de violence.<\/p>\n\n\n\n<p>Pour conna\u00eetre la proc\u00e9dure afin de communiquer avec les intervenants de S.O.S intimidation, nous vous invitons \u00e0 consulter le d\u00e9pliant disponible dans les documents ci-dessous. <\/p>\n\n\n\n<h2 class=\"wp-block-heading\">Voici comment signaler :<\/h2>\n\n\n\n<ul class=\"wp-block-list\">\n<li>Tu peux en parler directement \u00e0 un adulte de l&rsquo;\u00e9cole, par exemple un intervenant du milieu.<\/li>\n\n\n\n<li>Tu peux envoyer un courriel \u00e0 l&rsquo;adresse suivante : <a href=\"mailto:sosintimidationescj@cstrois-lacs.qc.ca\">sosintimidationescj@cstrois-lacs.qc.ca<\/a>.<\/li>\n\n\n\n<li>Tu peux t\u00e9l\u00e9phoner au secr\u00e9tariat de ton ann\u00e9e d&rsquo;\u00e9tudes.<\/li>\n<\/ul>\n\n\n\n<figure class=\"wp-block-image size-full\"><a href=\"https:\/\/media.csstl.gouv.qc.ca\/wp-content\/uploads\/sites\/25\/2022\/11\/16151219\/2022_09_29_Depliant_Plan_Lutte.pdf\"><img loading=\"lazy\" decoding=\"async\" width=\"398\" height=\"391\" src=\"https:\/\/media.csstl.gouv.qc.ca\/wp-content\/uploads\/sites\/25\/2023\/07\/10122041\/Main_Stop.png\" alt=\"\" class=\"wp-image-1381\" srcset=\"https:\/\/media.csstl.gouv.qc.ca\/wp-content\/uploads\/sites\/25\/2023\/07\/10122041\/Main_Stop.png 398w, https:\/\/media.csstl.gouv.qc.ca\/wp-content\/uploads\/sites\/25\/2023\/07\/10122041\/Main_Stop-300x295.png 300w\" sizes=\"auto, (max-width: 398px) 100vw, 398px\" \/><\/a><\/figure>\n\n\n\n<h2 class=\"wp-block-heading\">Documents \u00e0 consulter<\/h2>\n\n\n\n<ul class=\"wp-block-list\">\n<li><a href=\"https:\/\/media.csstl.gouv.qc.ca\/wp-content\/uploads\/sites\/25\/2022\/11\/16151219\/2022_09_29_Depliant_Plan_Lutte.pdf\" data-type=\"attachment\" data-id=\"1055\" target=\"_blank\" rel=\"noreferrer noopener\">D\u00e9pliant &#8211; Plan de lutte pour contrer l&rsquo;intimidation et la violence<\/a><\/li>\n\n\n\n<li><a href=\"https:\/\/media.csstl.gouv.qc.ca\/wp-content\/uploads\/sites\/25\/2026\/02\/09141910\/Plan-de-lutte_CSSTL25-26-2.0-FINAL.pdf\" data-type=\"link\" data-id=\"https:\/\/media.csstl.gouv.qc.ca\/wp-content\/uploads\/sites\/25\/2026\/02\/09141910\/Plan-de-lutte_CSSTL25-26-2.0-FINAL.pdf\">Plan de lutte pour contrer l&rsquo;intimidation et la violence <\/a><\/li>\n\n\n\n<li><a href=\"https:\/\/media.csstl.gouv.qc.ca\/wp-content\/uploads\/sites\/25\/2025\/10\/30083540\/Protocole-revise-mai-2025.pdf\" data-type=\"link\" data-id=\"https:\/\/media.csstl.gouv.qc.ca\/wp-content\/uploads\/sites\/25\/2025\/10\/30083540\/Protocole-revise-mai-2025.pdf\">Protocole d&rsquo;intervention<\/a><\/li>\n<\/ul>\n","protected":false},"excerpt":{"rendered":"<p>L\u2019adoption du projet de loi&nbsp;56 exige des \u00e9tablissements scolaires et des centres de services scolaire des plans de lutte clairs pour pr\u00e9venir et traiter la violence dans leurs milieux. Une vision partag\u00e9e des partenaires de la r\u00e9ussite de l\u2019\u00e9l\u00e8ve sur les principaux concepts relatifs \u00e0 la violence et une m\u00e9thode d\u2019intervention concert\u00e9e se r\u00e9v\u00e8lent alors [&hellip;]<\/p>\n","protected":false},"author":2,"featured_media":0,"parent":0,"menu_order":0,"comment_status":"closed","ping_status":"closed","template":"","meta":{"_genesis_hide_title":false,"_genesis_hide_breadcrumbs":false,"_genesis_hide_singular_image":false,"_genesis_hide_footer_widgets":false,"_genesis_custom_body_class":"","_genesis_custom_post_class":"","_genesis_layout":"","footnotes":""},"class_list":{"0":"post-477","1":"page","2":"type-page","3":"status-publish","5":"entry"},"featured_image_src":null,"featured_image_src_square":null,"_links":{"self":[{"href":"https:\/\/csstl.gouv.qc.ca\/cite-des-jeunes\/wp-json\/wp\/v2\/pages\/477","targetHints":{"allow":["GET"]}}],"collection":[{"href":"https:\/\/csstl.gouv.qc.ca\/cite-des-jeunes\/wp-json\/wp\/v2\/pages"}],"about":[{"href":"https:\/\/csstl.gouv.qc.ca\/cite-des-jeunes\/wp-json\/wp\/v2\/types\/page"}],"author":[{"embeddable":true,"href":"https:\/\/csstl.gouv.qc.ca\/cite-des-jeunes\/wp-json\/wp\/v2\/users\/2"}],"replies":[{"embeddable":true,"href":"https:\/\/csstl.gouv.qc.ca\/cite-des-jeunes\/wp-json\/wp\/v2\/comments?post=477"}],"version-history":[{"count":0,"href":"https:\/\/csstl.gouv.qc.ca\/cite-des-jeunes\/wp-json\/wp\/v2\/pages\/477\/revisions"}],"wp:attachment":[{"href":"https:\/\/csstl.gouv.qc.ca\/cite-des-jeunes\/wp-json\/wp\/v2\/media?parent=477"}],"curies":[{"name":"wp","href":"https:\/\/api.w.org\/{rel}","templated":true}]}}