{"id":958,"date":"2022-09-02T09:17:24","date_gmt":"2022-09-02T14:17:24","guid":{"rendered":"https:\/\/cs3lacs.wpengine.com\/chene-bleu\/?page_id=958"},"modified":"2026-03-30T09:21:44","modified_gmt":"2026-03-30T14:21:44","slug":"informations","status":"publish","type":"page","link":"https:\/\/csstl.gouv.qc.ca\/chene-bleu\/informations\/","title":{"rendered":"Informations et documents utiles"},"content":{"rendered":"\n<p class=\"has-large-font-size\"><span style=\"color: #47aa42\" class=\"stk-highlight\"><strong>EXAMENS MINIST\u00c9RIELS &#8211; JUIN 2026<\/strong><\/span><\/p>\n\n\n\n<p><strong>30 avril<\/strong><br>Fran\u00e7ais, langue d\u2019enseignement, 5<sup>e<\/sup>&nbsp;secondaire<br>\u00c9criture &#8211; Remise du dossier pr\u00e9paratoire, 132-520<\/p>\n\n\n\n<p><strong>7 mai, de 9 h \u00e0 12 h 15<\/strong><br>Fran\u00e7ais, langue d\u2019enseignement, 5<sup>e<\/sup>&nbsp;secondaire<br>\u00c9criture, 132-520<\/p>\n\n\n\n<p><strong>Du 14 mai au 11 juin<\/strong><br>Anglais, langue seconde, 5<sup>e<\/sup>\u00a0secondaire, Programme de base<br>T\u00e2che pr\u00e9paratoire et interaction orale<\/p>\n\n\n\n<p><strong>Du 21 au 28 mai<\/strong><br>Anglais, langue seconde, 5<sup>e<\/sup>\u00a0secondaire, Programme enrichi<br>Remise du cahier de pr\u00e9paration<\/p>\n\n\n\n<p><strong>Du 29 mai au 3 juin<\/strong><br>Anglais, langue seconde, 5<sup>e<\/sup>&nbsp;secondaire, Programme enrichi<br>\u00c9coute du document audio et discussion, 136-540 et 136-550<\/p>\n\n\n\n<p><strong>4 juin, de 9 h \u00e0 12 h<\/strong><br>Anglais, langue seconde, 5<sup>e<\/sup>&nbsp;secondaire, Programme enrichi<br>Production \u00e9crite, 136-540 et 136-550<\/p>\n\n\n\n<p><strong>10 juin, de 9 h \u00e0 12 h<\/strong><br>Math\u00e9matique, 4<sup>e<\/sup>\u00a0secondaire<br>Sciences naturelles (Raisonnement en math.), 065-420<\/p>\n\n\n\n<p><strong>11 juin, de 9 h 30 \u00e0 11 h 30<\/strong><br>Anglais, langue seconde, 5<sup>e<\/sup>&nbsp;secondaire, Programme de base<br>Production \u00e9crite, 134-530<\/p>\n\n\n\n<p><strong>12 juin, de 9 h \u00e0 12 h<\/strong><br>Histoire du Qu\u00e9bec et du Canada, 4<sup>e<\/sup>&nbsp;secondaire<br>085-404<\/p>\n\n\n\n<p><strong>16 juin, de 9 h \u00e0 12 h<\/strong><br>Science, 4<sup>e<\/sup>&nbsp;secondaire<br>Science et technologie, Volet th\u00e9orie, 055-410<br>Applications technologiques et scientifiques, Th\u00e9orie, 057-410<\/p>\n\n\n\n<p><strong>18 juin, de 9 h \u00e0 12 h<\/strong><br>Math\u00e9matique, 4<sup>e&nbsp;<\/sup>secondaire<br>Culture, soci\u00e9t\u00e9 et technique (Raisonnement en math.), 063-420<\/p>\n\n\n\n<h2 class=\"wp-block-heading\"><span style=\"color: #47aa42\" class=\"stk-highlight\"><span style=\"color: #47aa42\" class=\"stk-highlight\">CHOIX DE COURS<\/span><\/span><\/h2>\n\n\n\n<ul class=\"wp-block-list\">\n<li><a href=\"https:\/\/media.csstl.gouv.qc.ca\/wp-content\/uploads\/sites\/20\/2026\/02\/24115129\/S3-v-S4-Presentation-aux-parents-fev-2026.pdf\" data-type=\"attachment\" data-id=\"1888\">Pr\u00e9sentation aux parents S3 vers S4<\/a><\/li>\n\n\n\n<li><a href=\"https:\/\/media.csstl.gouv.qc.ca\/wp-content\/uploads\/sites\/20\/2026\/02\/24115154\/S4-v-S5-Presentation-aux-parents-fev-2026.pdf\" data-type=\"attachment\" data-id=\"1889\">Pr\u00e9sentation aux parents S4 vers S5<\/a><\/li>\n<\/ul>\n\n\n\n<h2 class=\"wp-block-heading\"><span style=\"color: #47aa42\" class=\"stk-highlight\">SPORTS<\/span><\/h2>\n\n\n\n<h2 class=\"wp-block-heading\"><a href=\"https:\/\/media.csstl.gouv.qc.ca\/wp-content\/uploads\/sites\/20\/2026\/02\/20144104\/Bouge-Bouge.pdf\" data-type=\"attachment\" data-id=\"1886\">Bouge Bouge<\/a><\/h2>\n\n\n\n<h2 class=\"wp-block-heading\"><span style=\"color: #47aa42\" class=\"stk-highlight\">INSCRIPTION AU CEGEP ET FORMATION PROFESSIONNELLE<\/span><\/h2>\n\n\n\n<p><a href=\"https:\/\/youtu.be\/9sw8VLlFOUY\" data-type=\"link\" data-id=\"https:\/\/youtu.be\/9sw8VLlFOUY\">Vid\u00e9o sur l&rsquo;inscription au CEGEP et \u00e0 la formation professionnelle<\/a><\/p>\n\n\n\n<p><\/p>\n\n\n\n<h2 class=\"wp-block-heading\"><strong><span style=\"color: #47aa42\" class=\"stk-highlight\">LIBERT\u00c9 DE CHOISIR<\/span><\/strong><\/h2>\n\n\n\n<p><a href=\"https:\/\/media.csstl.gouv.qc.ca\/wp-content\/uploads\/sites\/20\/2025\/09\/24150107\/Conference_Gestion_des_ecrans-LDC.pdf\" data-type=\"attachment\" data-id=\"1830\">Atelier conf\u00e9rence gestion des \u00e9crans<\/a><\/p>\n\n\n\n<p><\/p>\n\n\n\n<h2 class=\"wp-block-heading\"><span style=\"color: #00a311\" class=\"stk-highlight\">Uniformes Rapha\u00ebl U<\/span><\/h2>\n\n\n\n<p>Pour de nouvelles informations sur les commandes et la livraison pour l&rsquo;ann\u00e9e 2025-2026, veuillez cliquer sur le lien ci-dessous.<\/p>\n\n\n\n<p><a href=\"https:\/\/www.raphaelu.ca\/fr\/bienvenue\" data-type=\"link\" data-id=\"https:\/\/www.raphaelu.ca\/fr\/bienvenue\">Uniformes scolaires <\/a><\/p>\n\n\n\n<p>Livraison d&rsquo;uniformes <\/p>\n\n\n\n<h2 class=\"wp-block-heading\"><span style=\"color: #1d8bcb\" class=\"stk-highlight\">COURS D&rsquo;\u00c9T\u00c9 2026<\/span><\/h2>\n\n\n\n<ul class=\"wp-block-list\">\n<li>1<sup>re<\/sup> ann\u00e9e et 2<sup>e<\/sup> ann\u00e9es du secondaire<\/li>\n\n\n\n<li>3<sup>e<\/sup>, 4<sup>e<\/sup>, et 5<sup>e<\/sup> ann\u00e9es du secondaire<\/li>\n\n\n\n<li>Informations suppl\u00e9mentaires cours d&rsquo;\u00e9t\u00e9 2026<\/li>\n<\/ul>\n\n\n\n<p><\/p>\n\n\n\n<h2 class=\"wp-block-heading\"><span style=\"color: #0066a4\" class=\"stk-highlight\">Pr\u00e9sentation &#8211; Accueil des parents &#8211; Septembre 2025<\/span><\/h2>\n\n\n\n<ul class=\"wp-block-list\">\n<li>2<sup>e<\/sup> ann\u00e9e du secondaire<\/li>\n\n\n\n<li><a href=\"https:\/\/media.csstl.gouv.qc.ca\/wp-content\/uploads\/sites\/20\/2025\/09\/12125031\/PPT-Accueil-parents-sec.3_2025-09-03.pdf\" data-type=\"attachment\" data-id=\"1825\">3<sup>e<\/sup> ann\u00e9e du secondaire<\/a><\/li>\n\n\n\n<li><a href=\"https:\/\/media.csstl.gouv.qc.ca\/wp-content\/uploads\/sites\/20\/2025\/09\/04124635\/Presentation-Accueil-parents-sec-4-et-5-3-septembre-2025.pptx\" data-type=\"attachment\" data-id=\"1817\">4<sup>e<\/sup> et 5<sup>e<\/sup> ann\u00e9es du secondaire<\/a><\/li>\n<\/ul>\n\n\n\n<h2 class=\"wp-block-heading\">LE VAPOTAGE<\/h2>\n\n\n\n<h2 class=\"wp-block-heading\"><strong><a href=\"https:\/\/media.csstl.gouv.qc.ca\/wp-content\/uploads\/sites\/20\/2025\/05\/05145134\/Affiche-Vapotage.pdf\" data-type=\"attachment\" data-id=\"1749\">Affiche sur le vapotage<\/a><\/strong><\/h2>\n\n\n\n<h2 class=\"wp-block-heading\">LE D\u00c9JEUNER<\/h2>\n\n\n\n<p><a href=\"https:\/\/media.csstl.gouv.qc.ca\/wp-content\/uploads\/sites\/20\/2025\/03\/10085552\/Affiche-Le-dejeuner-en-bref.pdf\" data-type=\"attachment\" data-id=\"1721\">Le d\u00e9jeuner en bref<\/a><\/p>\n\n\n\n<h2 class=\"wp-block-heading\"><\/h2>\n\n\n\n<p><\/p>\n\n\n\n<h2 class=\"wp-block-heading\"><span style=\"color: #47aa42\" class=\"stk-highlight\">HORAIRES DES EXAMENS MAI-JUIN 2026<\/span><\/h2>\n\n\n\n<ul class=\"wp-block-list\">\n<li>SECONDAIRE 1<\/li>\n\n\n\n<li>SECONDAIRE 2<\/li>\n\n\n\n<li>SECONDAIRE 3<\/li>\n\n\n\n<li>SECONDAIRE 4<\/li>\n\n\n\n<li>SECONDAIRE 5<\/li>\n<\/ul>\n\n\n\n<h2 class=\"wp-block-heading\">FORMULAIRE DE DEMANDE DE R\u00c9VISION DE R\u00c9SULTATS<\/h2>\n\n\n\n<p><strong><a href=\"https:\/\/media.csstl.gouv.qc.ca\/wp-content\/uploads\/sites\/20\/2025\/04\/08131634\/Formulaire_-_Demande_de_revision_de_resultat_-_CSSTL-11-avril.pdf\" data-type=\"attachment\" data-id=\"1735\">Formulaire<\/a><\/strong><\/p>\n\n\n\n<h2 class=\"wp-block-heading\">RELEV\u00c9S DE NOTES ET BULLETINS &#8211; \u00c9L\u00c8VES 4<sup>E<\/sup> ET 5<sup>E<\/sup> ANN\u00c9ES<\/h2>\n\n\n\n<ul class=\"wp-block-list\">\n<li><a href=\"https:\/\/media.csstl.gouv.qc.ca\/wp-content\/uploads\/sites\/20\/2025\/05\/26145612\/20250521-LET-Eleves-et-parents-Dossier-eleve-en-ligne.pdf\" data-type=\"attachment\" data-id=\"1761\">Lettre &#8211; Cr\u00e9ation d&rsquo;un compte en ligne<\/a><\/li>\n\n\n\n<li><a href=\"https:\/\/media.csstl.gouv.qc.ca\/wp-content\/uploads\/sites\/20\/2025\/06\/16151246\/Francais-Feuillet_bulletin-sco_4e-5e-sec_VF20250611.pdf\" data-type=\"attachment\" data-id=\"1776\">Dossier scolaire de l&rsquo;\u00e9l\u00e8ve en ligne<\/a><\/li>\n<\/ul>\n\n\n\n<p><\/p>\n\n\n\n<h2 class=\"wp-block-heading\">R\u00f4les et responsabilit\u00e9s des TES et psycho\u00e9ducatrices<\/h2>\n\n\n\n<p>Pour plus d&rsquo;informations sur les r\u00f4les des techniciennes, techniciens en \u00e9ducation sp\u00e9cialis\u00e9s ainsi que des psycho\u00e9ducatrices de l&rsquo;\u00e9cole, nous vous partageons deux documents qui d\u00e9crivent les diff\u00e9rents r\u00f4les et responsabilit\u00e9s de chacun.<\/p>\n\n\n\n<ul class=\"wp-block-list\">\n<li><a href=\"https:\/\/media.csstl.gouv.qc.ca\/wp-content\/uploads\/sites\/20\/2024\/11\/29100632\/Les-differents-roles-et-responsabilites-des-T.E.S_.pdf\" data-type=\"attachment\" data-id=\"1615\">Les diff\u00e9rents r\u00f4les et responsabilit\u00e9s des T.\u00c9.S.<\/a><\/li>\n\n\n\n<li><a href=\"https:\/\/media.csstl.gouv.qc.ca\/wp-content\/uploads\/sites\/20\/2024\/11\/29100658\/Napperon-des-roles-TES-TTS-Ps.-ed-Secondaire-CSSTL.pdf\" data-type=\"attachment\" data-id=\"1616\">Napperon des r\u00f4les TES, TTS. Ps. \u00e9d-secondaire CSSTL<\/a><\/li>\n\n\n\n<li><a href=\"https:\/\/media.csstl.gouv.qc.ca\/wp-content\/uploads\/sites\/20\/2024\/11\/29102555\/Definition-ps.ed-a-ESCB_Final.pdf\" data-type=\"attachment\" data-id=\"1618\">D\u00e9finition psycho\u00e9ducation<\/a><\/li>\n<\/ul>\n\n\n\n<h2 class=\"wp-block-heading\">La minute psycho\u00e9ducative<\/h2>\n\n\n\n<p>Nos psycho\u00e9ducatrices, Natalie Morrissette et St\u00e9phanie Deslauriers, ont assist\u00e9 \u00e0 une formation sur le programme \u00ab\u00a0Hors piste\u00a0\u00bb le 11 octobre dernier.<\/p>\n\n\n\n<p>Voici quelques informations pertinentes recueillies au sujet du <a href=\"https:\/\/media.csstl.gouv.qc.ca\/wp-content\/uploads\/sites\/20\/2024\/10\/24121745\/La-minute-psychoeducative-20241024.pdf\" data-type=\"attachment\" data-id=\"1586\">stress et de l&rsquo;anxi\u00e9t\u00e9.<\/a><\/p>\n\n\n\n<h2 class=\"wp-block-heading\">Libert\u00e9 de choisir<\/h2>\n\n\n\n<p>Des conf\u00e9rences gratuites sont offertes pour les parents sur les d\u00e9pendances \u00e0 la nicotine, au Wax-pen et \u00e0 la caf\u00e9ine. Pour plus d&rsquo;informations, veuillez cliquer sur ces liens :<\/p>\n\n\n\n<ul class=\"wp-block-list\">\n<li><a href=\"https:\/\/media.csstl.gouv.qc.ca\/wp-content\/uploads\/sites\/20\/2024\/11\/08115908\/banniere-nicotine-Publication-Facebook.png\" data-type=\"attachment\" data-id=\"1593\">Nicotine<\/a><\/li>\n\n\n\n<li><a href=\"https:\/\/media.csstl.gouv.qc.ca\/wp-content\/uploads\/sites\/20\/2024\/11\/08115922\/banniere-wax-Pen-Publication-Facebook.png\" data-type=\"attachment\" data-id=\"1594\">Wax-Pen<\/a><\/li>\n\n\n\n<li><a href=\"https:\/\/media.csstl.gouv.qc.ca\/wp-content\/uploads\/sites\/20\/2024\/11\/08120012\/affiche-cafeine-Facebook.png\" data-type=\"attachment\" data-id=\"1595\">Caf\u00e9ine<\/a><\/li>\n<\/ul>\n\n\n\n<p><\/p>\n\n\n\n<h2 class=\"wp-block-heading\">Camp de leadership du Ch\u00eane-Bleu <\/h2>\n\n\n\n<p>Avec le comit\u00e9 Aime ton prochain, un camp de leadership a eu lieu au Centre Plein Air Fatima les 10 et 11 octobre dernier . Pour en savoir plus, veuillez cliquer <a href=\"https:\/\/media.csstl.gouv.qc.ca\/wp-content\/uploads\/sites\/20\/2024\/10\/29083824\/Camp-de-leadership-article-Caboteur.pdf\" data-type=\"attachment\" data-id=\"1588\">ici.<\/a><\/p>\n\n\n\n<h2 class=\"wp-block-heading\"><span style=\"color: #0066a4\" class=\"stk-highlight\">Tableau des r\u00e9cup\u00e9rations<\/span><\/h2>\n\n\n\n<ul class=\"wp-block-list\">\n<li><a href=\"https:\/\/media.csstl.gouv.qc.ca\/wp-content\/uploads\/sites\/20\/2025\/11\/21135236\/Recuperations-secondaire-1-2025-2026.pdf\" data-type=\"attachment\" data-id=\"1852\">1<strong><sup>re<\/sup><\/strong> ann\u00e9e<\/a><\/li>\n\n\n\n<li><a href=\"https:\/\/media.csstl.gouv.qc.ca\/wp-content\/uploads\/sites\/20\/2025\/11\/21135242\/Recuperations-secondaire-2-2025-2026.pdf\" data-type=\"attachment\" data-id=\"1853\">2<sup>e<\/sup> ann\u00e9e<\/a><\/li>\n\n\n\n<li><a href=\"https:\/\/media.csstl.gouv.qc.ca\/wp-content\/uploads\/sites\/20\/2025\/11\/21135244\/Recuperations-secondaire-3-2025-2026.pdf\" data-type=\"attachment\" data-id=\"1854\">3<sup>e<\/sup> ann\u00e9e<\/a><\/li>\n\n\n\n<li><a href=\"https:\/\/media.csstl.gouv.qc.ca\/wp-content\/uploads\/sites\/20\/2025\/11\/21135247\/Recuperations-secondaire-4-2025-2026.pdf\" data-type=\"attachment\" data-id=\"1855\">4<sup>e<\/sup> ann\u00e9e<\/a><\/li>\n\n\n\n<li><a href=\"https:\/\/media.csstl.gouv.qc.ca\/wp-content\/uploads\/sites\/20\/2025\/11\/21135249\/Recuperations-secondaire-5-2025-2026.pdf\" data-type=\"attachment\" data-id=\"1856\">5<sup>e<\/sup> ann\u00e9e<\/a><\/li>\n<\/ul>\n\n\n\n<h2 class=\"wp-block-heading\">Transition primaire et secondaire<\/h2>\n\n\n\n<p><a href=\"https:\/\/media.csstl.gouv.qc.ca\/wp-content\/uploads\/sites\/20\/2024\/09\/05125830\/Presentation-Accueil-parents-1re-sec-4-sept-2024.pdf\" data-type=\"attachment\" data-id=\"1551\">Pr\u00e9sentation du 4 septembre pour les \u00e9l\u00e8ves de la 1re ann\u00e9e du secondaire.<\/a><\/p>\n\n\n\n<h2 class=\"wp-block-heading\">Ressources<\/h2>\n\n\n\n<p><strong><a href=\"https:\/\/media.csstl.gouv.qc.ca\/wp-content\/uploads\/sites\/20\/2024\/07\/04110218\/Affiches-ressources-ados-Vaudreuil-Soulanges.pdf\" data-type=\"attachment\" data-id=\"1528\">Ressources communautaires dans Vaudreuil-Soulanges<\/a><\/strong><\/p>\n\n\n\n<h2 class=\"wp-block-heading\">Cours d&rsquo;\u00e9t\u00e9<\/h2>\n\n\n\n<p><a href=\"https:\/\/csstl.gouv.qc.ca\/cours-dete\/\" data-type=\"link\" data-id=\"https:\/\/csstl.gouv.qc.ca\/cours-dete\/\">Remboursement cours d&rsquo;\u00e9t\u00e9<\/a><\/p>\n\n\n\n<p><\/p>\n\n\n\n<p><\/p>\n\n\n\n<h2 class=\"wp-block-heading\">CyberS\u00fbret\u00e9 et sensibilisation \u00e0 la probl\u00e9matique des imitations d&rsquo;armes par la SQ<\/h2>\n\n\n\n<p>Voici quelques outils mis \u00e0 la disposition des parents par nos polici\u00e8res intervenantes jeunesse.<\/p>\n\n\n\n<p>&#8211;<a href=\"https:\/\/media.csstl.gouv.qc.ca\/wp-content\/uploads\/sites\/20\/2023\/10\/02131346\/Guide-mission_parents_informes.pdf\" data-type=\"attachment\" data-id=\"1372\"> Le guide mission parents inform\u00e9s concernant la cyberS\u00fbret\u00e9<\/a><\/p>\n\n\n\n<p>&#8211; <a href=\"https:\/\/media.csstl.gouv.qc.ca\/wp-content\/uploads\/sites\/20\/2023\/10\/02131436\/Outils-Air-soft-VF_Fiche-information-parents_20221025.pdf\" data-type=\"attachment\" data-id=\"1373\">Outils Air soft<\/a><\/p>\n\n\n\n<p><\/p>\n\n\n\n<p><strong>PR\u00c9VENTION DE LA FRAUDE<\/strong><\/p>\n\n\n\n<p>Les polici\u00e8res jeunesse nous ont r\u00e9cemment transmis de la documentation importante concernant la <strong>pr\u00e9vention de la fraude<\/strong>, afin qu\u2019elle puisse \u00eatre partag\u00e9e autant avec les parents qu\u2019avec les jeunes de notre centre de services. Nous vous invitons \u00e0 prendre connaissance des ressources ci-dessous et \u00e0 en discuter avec votre enfant.<\/p>\n\n\n\n<p><strong>Ressources destin\u00e9es aux jeunes et aux parents<\/strong><\/p>\n\n\n\n<p>\ud83d\udd39 <strong>Capsules SQTV 12-17 \u2013 \u201cO\u00f9 est l\u2019arnaque ici?\u201d<\/strong><br>Capsules vid\u00e9o s\u2019adressant aux adolescents et mettant en sc\u00e8ne des \u00e9l\u00e8ves de la MRC.<br><a href=\"https:\/\/can01.safelinks.protection.outlook.com\/?url=https%3A%2F%2Fwww.youtube.com%2Fwatch%3Fv%3DfMpA_hVak4M&amp;data=05%7C02%7Cmathieu.lorange%40csstl.gouv.qc.ca%7Cf6603dc2e2d843827d1408de83712ada%7C41cb8ddbfc734894a931aa86e5ee1661%7C0%7C0%7C639092719278506858%7CUnknown%7CTWFpbGZsb3d8eyJFbXB0eU1hcGkiOnRydWUsIlYiOiIwLjAuMDAwMCIsIlAiOiJXaW4zMiIsIkFOIjoiTWFpbCIsIldUIjoyfQ%3D%3D%7C0%7C%7C%7C&amp;sdata=dZF%2Fdv3ApUeIWv2N%2FUTwQ9UCrMkF9rQ5M4F0elc5hf8%3D&amp;reserved=0\" target=\"_blank\" rel=\"noreferrer noopener\">O\u00f9 est l\u2019arnaque ici? |&nbsp;SQtv&nbsp;12-17<\/a><\/p>\n\n\n\n<p>\ud83d\udd39 <strong>Capsule SQ \u2013 D\u00e9jouer les fraudeurs<\/strong><br>Vid\u00e9o \u00e9ducative pr\u00e9sentant les principaux stratag\u00e8mes utilis\u00e9s par les fraudeurs et les fa\u00e7ons de s\u2019en prot\u00e9ger. <a href=\"https:\/\/can01.safelinks.protection.outlook.com\/?url=https%3A%2F%2Fwww.youtube.com%2Fwatch%3Fv%3Dq9XlWU7kEzI%26t%3D185s&amp;data=05%7C02%7Cmathieu.lorange%40csstl.gouv.qc.ca%7Cf6603dc2e2d843827d1408de83712ada%7C41cb8ddbfc734894a931aa86e5ee1661%7C0%7C0%7C639092719278547865%7CUnknown%7CTWFpbGZsb3d8eyJFbXB0eU1hcGkiOnRydWUsIlYiOiIwLjAuMDAwMCIsIlAiOiJXaW4zMiIsIkFOIjoiTWFpbCIsIldUIjoyfQ%3D%3D%7C0%7C%7C%7C&amp;sdata=B1OV3v5M6iu0%2FAV%2FcYSynerBwxwLp7OcLGNc70AKh%2FE%3D&amp;reserved=0\" target=\"_blank\" rel=\"noreferrer noopener\">D\u00e9jouer les fraudeurs<\/a><\/p>\n\n\n\n<p>\ud83d\udd39 <strong>Pensez cybers\u00e9curit\u00e9<\/strong><br>Conseils essentiels pour adopter de bonnes pratiques et r\u00e9duire les risques li\u00e9s aux fraudes en ligne. <a href=\"https:\/\/can01.safelinks.protection.outlook.com\/?url=https%3A%2F%2Fwww.pensezcybersecurite.gc.ca%2Ffr&amp;data=05%7C02%7Cmathieu.lorange%40csstl.gouv.qc.ca%7Cf6603dc2e2d843827d1408de83712ada%7C41cb8ddbfc734894a931aa86e5ee1661%7C0%7C0%7C639092719278568373%7CUnknown%7CTWFpbGZsb3d8eyJFbXB0eU1hcGkiOnRydWUsIlYiOiIwLjAuMDAwMCIsIlAiOiJXaW4zMiIsIkFOIjoiTWFpbCIsIldUIjoyfQ%3D%3D%7C0%7C%7C%7C&amp;sdata=KJ%2B%2BZ5LVI06wV%2B1HSubH3XdM%2F8NL%2Fm3yiXIuhxBUi4M%3D&amp;reserved=0\" target=\"_blank\" rel=\"noreferrer noopener\">Pensez cybers\u00e9curit\u00e9<\/a><\/p>\n\n\n\n<p>\ud83d\udd39 <strong>Centre Anti-Fraude du Canada<\/strong><br>Ressource officielle pour conna\u00eetre les types de fraudes les plus courants, les signes \u00e0 surveiller et les d\u00e9marches \u00e0 suivre pour signaler une fraude.&nbsp; <a href=\"https:\/\/can01.safelinks.protection.outlook.com\/?url=https%3A%2F%2Fantifraudcentre-centreantifraude.ca%2Findex-fra.htm&amp;data=05%7C02%7Cmathieu.lorange%40csstl.gouv.qc.ca%7Cf6603dc2e2d843827d1408de83712ada%7C41cb8ddbfc734894a931aa86e5ee1661%7C0%7C0%7C639092719278587753%7CUnknown%7CTWFpbGZsb3d8eyJFbXB0eU1hcGkiOnRydWUsIlYiOiIwLjAuMDAwMCIsIlAiOiJXaW4zMiIsIkFOIjoiTWFpbCIsIldUIjoyfQ%3D%3D%7C0%7C%7C%7C&amp;sdata=2z%2BXg%2BXYFm0USoMj4jluKO9xqaNQvdBwIHJ26Y%2B3sXw%3D&amp;reserved=0\" target=\"_blank\" rel=\"noreferrer noopener\">Centre Anti-Fraude du Canada<\/a><\/p>\n\n\n\n<p>\ud83d\udd39 <strong>Autorit\u00e9 des march\u00e9s financiers \u2013 Pr\u00e9vention<\/strong><br>Informations fiables portant sur les fraudes financi\u00e8res, les arnaques d\u2019investissement et les moyens de s\u2019en pr\u00e9munir. <a href=\"https:\/\/can01.safelinks.protection.outlook.com\/?url=https%3A%2F%2Flautorite.qc.ca%2Ffileadmin%2Flautorite%2Fgrand_public%2Fpublications%2Fconsommateurs%2Fprevention-fraude%2Ffraude-financiere-internet_fr.pdf&amp;data=05%7C02%7Cmathieu.lorange%40csstl.gouv.qc.ca%7Cf6603dc2e2d843827d1408de83712ada%7C41cb8ddbfc734894a931aa86e5ee1661%7C0%7C0%7C639092719278606694%7CUnknown%7CTWFpbGZsb3d8eyJFbXB0eU1hcGkiOnRydWUsIlYiOiIwLjAuMDAwMCIsIlAiOiJXaW4zMiIsIkFOIjoiTWFpbCIsIldUIjoyfQ%3D%3D%7C0%7C%7C%7C&amp;sdata=cwkZrBj6zanA4Y7KtOadcQ1Ujr5eU7ZMmH7PpZYAbJU%3D&amp;reserved=0\" target=\"_blank\" rel=\"noreferrer noopener\">Autorit\u00e9 des march\u00e9s financiers- pr\u00e9vention<\/a><\/p>\n\n\n\n<p><\/p>\n\n\n\n<h2 class=\"wp-block-heading\">Commotions c\u00e9r\u00e9brales<\/h2>\n\n\n\n<p>Vous trouverez dans cette section les protocoles r\u00e9gissant le retour aux apprentissages lors d&rsquo;une commotion c\u00e9r\u00e9brale. Il importe de communiquer avec les intervenantes responsables de ce dossier afin de permettre un retour \u00e0 l&rsquo;\u00e9cole encadr\u00e9 si votre enfant a subi une commotion.<\/p>\n\n\n\n<ul class=\"wp-block-list\">\n<li><strong><a href=\"https:\/\/media.csstl.gouv.qc.ca\/wp-content\/uploads\/sites\/20\/2024\/05\/07141008\/PROTOCOLE-COMMOTION-CEREBRALE-2023-2024.pdf\" data-type=\"attachment\" data-id=\"1474\">Protocole<\/a><\/strong><\/li>\n\n\n\n<li><a href=\"https:\/\/media.csstl.gouv.qc.ca\/wp-content\/uploads\/sites\/20\/2022\/12\/16112448\/Commotion-CB-ACTIVITES-SPORTIVES-avec-risque-de-contact-FR-1.pdf\" data-type=\"attachment\" data-id=\"1132\"><strong>Commotion c\u00e9r\u00e9brale avec risque de contact<\/strong><\/a><\/li>\n\n\n\n<li><a href=\"https:\/\/media.csstl.gouv.qc.ca\/wp-content\/uploads\/sites\/20\/2022\/12\/16112124\/Commotion-CB-ACTIVITES-SPORTIVES-sans-risque-de-contact-FR.pdf\" data-type=\"attachment\" data-id=\"1129\"><strong>Commotion c\u00e9r\u00e9brale sans risque de contact<\/strong><\/a><\/li>\n<\/ul>\n","protected":false},"excerpt":{"rendered":"<p>EXAMENS MINIST\u00c9RIELS &#8211; JUIN 2026 30 avrilFran\u00e7ais, langue d\u2019enseignement, 5e&nbsp;secondaire\u00c9criture &#8211; Remise du dossier pr\u00e9paratoire, 132-520 7 mai, de 9 h \u00e0 12 h 15Fran\u00e7ais, langue d\u2019enseignement, 5e&nbsp;secondaire\u00c9criture, 132-520 Du 14 mai au 11 juinAnglais, langue seconde, 5e\u00a0secondaire, Programme de baseT\u00e2che pr\u00e9paratoire et interaction orale Du 21 au 28 maiAnglais, langue seconde, 5e\u00a0secondaire, Programme enrichiRemise [&hellip;]<\/p>\n","protected":false},"author":4,"featured_media":0,"parent":0,"menu_order":0,"comment_status":"closed","ping_status":"closed","template":"","meta":{"_genesis_hide_title":false,"_genesis_hide_breadcrumbs":false,"_genesis_hide_singular_image":false,"_genesis_hide_footer_widgets":false,"_genesis_custom_body_class":"","_genesis_custom_post_class":"","_genesis_layout":"","footnotes":""},"class_list":{"0":"post-958","1":"page","2":"type-page","3":"status-publish","5":"entry"},"featured_image_src":null,"featured_image_src_square":null,"_links":{"self":[{"href":"https:\/\/csstl.gouv.qc.ca\/chene-bleu\/wp-json\/wp\/v2\/pages\/958","targetHints":{"allow":["GET"]}}],"collection":[{"href":"https:\/\/csstl.gouv.qc.ca\/chene-bleu\/wp-json\/wp\/v2\/pages"}],"about":[{"href":"https:\/\/csstl.gouv.qc.ca\/chene-bleu\/wp-json\/wp\/v2\/types\/page"}],"author":[{"embeddable":true,"href":"https:\/\/csstl.gouv.qc.ca\/chene-bleu\/wp-json\/wp\/v2\/users\/4"}],"replies":[{"embeddable":true,"href":"https:\/\/csstl.gouv.qc.ca\/chene-bleu\/wp-json\/wp\/v2\/comments?post=958"}],"version-history":[{"count":0,"href":"https:\/\/csstl.gouv.qc.ca\/chene-bleu\/wp-json\/wp\/v2\/pages\/958\/revisions"}],"wp:attachment":[{"href":"https:\/\/csstl.gouv.qc.ca\/chene-bleu\/wp-json\/wp\/v2\/media?parent=958"}],"curies":[{"name":"wp","href":"https:\/\/api.w.org\/{rel}","templated":true}]}}