{"id":921,"date":"2022-05-25T08:03:29","date_gmt":"2022-05-25T13:03:29","guid":{"rendered":"https:\/\/cs3lacs.wpengine.com\/chene-bleu\/?page_id=921"},"modified":"2025-01-13T16:04:10","modified_gmt":"2025-01-13T21:04:10","slug":"projet-educatif","status":"publish","type":"page","link":"https:\/\/csstl.gouv.qc.ca\/chene-bleu\/projet-educatif\/","title":{"rendered":"Projet \u00e9ducatif"},"content":{"rendered":"\n<p>Le projet \u00e9ducatif est un outil strat\u00e9gique permettant de d\u00e9finir et de faire conna\u00eetre \u00e0 la communaut\u00e9 \u00e9ducative d\u2019un \u00e9tablissement d\u2019enseignement les orientations, les priorit\u00e9s d\u2019action et les r\u00e9sultats attendus pour assurer la r\u00e9ussite \u00e9ducative de tous les \u00e9l\u00e8ves. Il a \u00e9t\u00e9 \u00e9labor\u00e9 en r\u00e9ponse aux caract\u00e9ristiques et aux besoins des \u00e9l\u00e8ves qui fr\u00e9quentent l\u2019\u00e9cole ainsi qu\u2019aux attentes formul\u00e9es par le milieu au regard de l\u2019\u00e9ducation. R\u00e9sultant d\u2019un consensus, il a fait appel \u00e0 la collaboration des diff\u00e9rents acteurs int\u00e9ress\u00e9s par l\u2019\u00e9tablissement : les \u00e9l\u00e8ves, les parents, le personnel enseignant, les autres membres du personnel de l\u2019\u00e9tablissement ainsi que des repr\u00e9sentants de la communaut\u00e9 et du centre de services scolaire.<\/p>\n\n\n\n\t\t<div class=\"wppdfemb-frame-container-1\" style=\"-webkit-overflow-scrolling:auto;\">\n\t\t\t<iframe class=\"pdfembed-iframe nonfullscreen wppdf-emb-iframe-1\"\n\t\t\t\tsrc=\"https:\/\/csstl.gouv.qc.ca\/chene-bleu\/?pdfemb-data=eyJwZGZJRCI6MTYzNCwidXJsIjoiaHR0cHM6XC9cL21lZGlhLmNzc3RsLmdvdXYucWMuY2FcL3dwLWNvbnRlbnRcL3VwbG9hZHNcL3NpdGVzXC8yMFwvMjAyNVwvMDFcLzEzMTYwMjQ5XC9Qcm9qZXQtZWR1Y2F0aWYtRklOQUwucGRmIiwiY2xhc3NOYW1lIjoid3AtYmxvY2stcGRmZW1iLXBkZi1lbWJlZGRlci12aWV3ZXIiLCJpbmRleCI6MSwid21fdGV4dCI6IiJ9\"\n\t\t\t\t\t\t\t\tdata-pdf-id=\"1634\"\n\t\t\t\tdata-pdf-index=\"1\"\n\t\t\t\tstyle=\"border:none;width:100%;max-width:100%;height:100vh;\"\n\t\t\t\tscrolling=\"yes\">\n\t\t\t<\/iframe>\n\t\t<\/div>\n\n\t\t","protected":false},"excerpt":{"rendered":"<p>Le projet \u00e9ducatif est un outil strat\u00e9gique permettant de d\u00e9finir et de faire conna\u00eetre \u00e0 la communaut\u00e9 \u00e9ducative d\u2019un \u00e9tablissement d\u2019enseignement les orientations, les priorit\u00e9s d\u2019action et les r\u00e9sultats attendus pour assurer la r\u00e9ussite \u00e9ducative de tous les \u00e9l\u00e8ves. Il a \u00e9t\u00e9 \u00e9labor\u00e9 en r\u00e9ponse aux caract\u00e9ristiques et aux besoins des \u00e9l\u00e8ves qui fr\u00e9quentent l\u2019\u00e9cole [&hellip;]<\/p>\n","protected":false},"author":4,"featured_media":0,"parent":0,"menu_order":0,"comment_status":"closed","ping_status":"closed","template":"","meta":{"_genesis_hide_title":false,"_genesis_hide_breadcrumbs":false,"_genesis_hide_singular_image":false,"_genesis_hide_footer_widgets":false,"_genesis_custom_body_class":"","_genesis_custom_post_class":"","_genesis_layout":"","footnotes":""},"class_list":{"0":"post-921","1":"page","2":"type-page","3":"status-publish","5":"entry"},"featured_image_src":null,"featured_image_src_square":null,"_links":{"self":[{"href":"https:\/\/csstl.gouv.qc.ca\/chene-bleu\/wp-json\/wp\/v2\/pages\/921","targetHints":{"allow":["GET"]}}],"collection":[{"href":"https:\/\/csstl.gouv.qc.ca\/chene-bleu\/wp-json\/wp\/v2\/pages"}],"about":[{"href":"https:\/\/csstl.gouv.qc.ca\/chene-bleu\/wp-json\/wp\/v2\/types\/page"}],"author":[{"embeddable":true,"href":"https:\/\/csstl.gouv.qc.ca\/chene-bleu\/wp-json\/wp\/v2\/users\/4"}],"replies":[{"embeddable":true,"href":"https:\/\/csstl.gouv.qc.ca\/chene-bleu\/wp-json\/wp\/v2\/comments?post=921"}],"version-history":[{"count":0,"href":"https:\/\/csstl.gouv.qc.ca\/chene-bleu\/wp-json\/wp\/v2\/pages\/921\/revisions"}],"wp:attachment":[{"href":"https:\/\/csstl.gouv.qc.ca\/chene-bleu\/wp-json\/wp\/v2\/media?parent=921"}],"curies":[{"name":"wp","href":"https:\/\/api.w.org\/{rel}","templated":true}]}}