{"id":914,"date":"2022-05-25T07:47:03","date_gmt":"2022-05-25T12:47:03","guid":{"rendered":"https:\/\/cs3lacs.wpengine.com\/chene-bleu\/?page_id=914"},"modified":"2026-02-04T16:00:33","modified_gmt":"2026-02-04T21:00:33","slug":"services","status":"publish","type":"page","link":"https:\/\/csstl.gouv.qc.ca\/chene-bleu\/services\/","title":{"rendered":"Services"},"content":{"rendered":"\n<h2 class=\"wp-block-heading\"><strong><span style=\"color: #0066a4\" class=\"stk-highlight\">CLINIQUE JEUNESSE CLSC VAUDREUIL-DORION<\/span><\/strong><\/h2>\n\n\n\n<p><a href=\"https:\/\/media.csstl.gouv.qc.ca\/wp-content\/uploads\/sites\/20\/2025\/06\/05072334\/Aff-lettre_CliniqueJeunesse_2025.pdf\" data-type=\"attachment\" data-id=\"1764\"><strong>Pour un rendez-vous hors p\u00e9riode scolaire<\/strong><\/a><\/p>\n\n\n\n<h2 class=\"wp-block-heading\">Menus de la caf\u00e9t\u00e9ria<\/h2>\n\n\n\n<p><a href=\"https:\/\/media.csstl.gouv.qc.ca\/wp-content\/uploads\/sites\/20\/2025\/09\/29132907\/Zipthru_Promotion-octobre-2025-scaled.jpg\" data-type=\"attachment\" data-id=\"1832\">Promotions sp\u00e9ciales sur les cartes repas octobre 2025<\/a><\/p>\n\n\n\n<ul class=\"wp-block-list\">\n<li>A compter de septembre 2025, les services de la caf\u00e9t\u00e9ria seront offerts par Chartwells K12<\/li>\n\n\n\n<li>Pour consulter le menu, veuillez cliquer sur&nbsp;<a href=\"https:\/\/media.csstl.gouv.qc.ca\/wp-content\/uploads\/sites\/53\/2025\/06\/17141648\/CSSTL-Menu-2025-2026.pdf\" target=\"_blank\" rel=\"noreferrer noopener\">ici<\/a><\/li>\n\n\n\n<li>Pour consulter le site internet de Chartwells K12, cliquer&nbsp;<a href=\"https:\/\/www.chartwellsk12.ca\/?lang=fr\" target=\"_blank\" rel=\"noreferrer noopener\">ici<\/a><\/li>\n\n\n\n<li>Pour faire l&rsquo;achat de carte ZIPTHRU ou recharge une carte cliquez <a href=\"https:\/\/cws.givex.com\/cws4.0\/compassgroup4\/fr\/\">ici<\/a><\/li>\n<\/ul>\n\n\n\n<h2 class=\"wp-block-heading\">Biblioth\u00e8que<\/h2>\n\n\n\n<p>Tous les jours d&rsquo;\u00e9cole : de 9&nbsp;h \u00e0 18&nbsp;h<br>La collection de la biblioth\u00e8que est accessible durant les heures d&rsquo;ouverture r\u00e9guli\u00e8res de la biblioth\u00e8que.<\/p>\n\n\n\n<h2 class=\"wp-block-heading\">Tu as des recherches \u00e0 faire?<\/h2>\n\n\n\n<figure class=\"wp-block-image size-full\"><a href=\"https:\/\/regardescb.cstrois-lacs.qc.ca\/Pages\/Front\/Accueil\/Accueil.aspx?SessionTerminated=true#lisucc\" target=\"_blank\" rel=\"noreferrer noopener\"><img loading=\"lazy\" decoding=\"async\" width=\"109\" height=\"76\" src=\"https:\/\/media.csstl.gouv.qc.ca\/wp-content\/uploads\/sites\/20\/2022\/12\/09102214\/image-1.png\" alt=\"\" class=\"wp-image-1094\" \/><\/a><\/figure>\n\n\n\n<h2 class=\"wp-block-heading\">Besoin de suggestions de lecture?<\/h2>\n\n\n\n<ul class=\"wp-block-list\">\n<li><a href=\"https:\/\/www.lirado.com\/\" data-type=\"URL\" data-id=\"https:\/\/www.lirado.com\/\" target=\"_blank\" rel=\"noreferrer noopener\">Lirado<\/a><\/li>\n\n\n\n<li><a href=\"https:\/\/www.leslibraires.ca\/\" data-type=\"URL\" data-id=\"https:\/\/www.leslibraires.ca\/\" target=\"_blank\" rel=\"noreferrer noopener\">Revue Les libraires<\/a>&nbsp;(aussi disponible en version papier \u00e0 la biblioth\u00e8que)<\/li>\n\n\n\n<li><a rel=\"noreferrer noopener\" href=\"http:\/\/sophielit.ca\/\" data-type=\"URL\" data-id=\"http:\/\/sophielit.ca\/\" target=\"_blank\">Sophie lit<\/a><\/li>\n<\/ul>\n\n\n\n<h2 class=\"wp-block-heading\">Suggestions et demandes d&rsquo;achat<\/h2>\n\n\n\n<p>Pour faire une suggestion d&rsquo;achat, les \u00e9l\u00e8ves peuvent s&rsquo;adresser au personnel de la biblioth\u00e8que qui fera parvenir les suggestions \u00e0 la biblioth\u00e9caire.<\/p>\n\n\n\n<p>Pour les membres du personnel, il faut remplir ce&nbsp;<a href=\"https:\/\/forms.office.com\/Pages\/ResponsePage.aspx?id=243LQXP8lEipMaqG5e4WYQgf7Umb72JJpFDLkprCJXRUNThDNVFTSTFQRUMxUlRRUTZRUjBHUUdNMC4u\" data-type=\"URL\" data-id=\"https:\/\/forms.office.com\/Pages\/ResponsePage.aspx?id=243LQXP8lEipMaqG5e4WYQgf7Umb72JJpFDLkprCJXRUNThDNVFTSTFQRUMxUlRRUTZRUjBHUUdNMC4u\" target=\"_blank\" rel=\"noreferrer noopener\">formulaire en ligne<\/a>&nbsp;pour transmettre vos demandes \u00e0 la biblioth\u00e9caire.<\/p>\n\n\n\n<p><\/p>\n\n\n\n<p><\/p>\n","protected":false},"excerpt":{"rendered":"<p>CLINIQUE JEUNESSE CLSC VAUDREUIL-DORION Pour un rendez-vous hors p\u00e9riode scolaire Menus de la caf\u00e9t\u00e9ria Promotions sp\u00e9ciales sur les cartes repas octobre 2025 Biblioth\u00e8que Tous les jours d&rsquo;\u00e9cole : de 9&nbsp;h \u00e0 18&nbsp;hLa collection de la biblioth\u00e8que est accessible durant les heures d&rsquo;ouverture r\u00e9guli\u00e8res de la biblioth\u00e8que. Tu as des recherches \u00e0 faire? Besoin de suggestions [&hellip;]<\/p>\n","protected":false},"author":4,"featured_media":0,"parent":0,"menu_order":0,"comment_status":"closed","ping_status":"closed","template":"","meta":{"_genesis_hide_title":false,"_genesis_hide_breadcrumbs":false,"_genesis_hide_singular_image":false,"_genesis_hide_footer_widgets":false,"_genesis_custom_body_class":"","_genesis_custom_post_class":"","_genesis_layout":"","footnotes":""},"class_list":{"0":"post-914","1":"page","2":"type-page","3":"status-publish","5":"entry"},"featured_image_src":null,"featured_image_src_square":null,"_links":{"self":[{"href":"https:\/\/csstl.gouv.qc.ca\/chene-bleu\/wp-json\/wp\/v2\/pages\/914","targetHints":{"allow":["GET"]}}],"collection":[{"href":"https:\/\/csstl.gouv.qc.ca\/chene-bleu\/wp-json\/wp\/v2\/pages"}],"about":[{"href":"https:\/\/csstl.gouv.qc.ca\/chene-bleu\/wp-json\/wp\/v2\/types\/page"}],"author":[{"embeddable":true,"href":"https:\/\/csstl.gouv.qc.ca\/chene-bleu\/wp-json\/wp\/v2\/users\/4"}],"replies":[{"embeddable":true,"href":"https:\/\/csstl.gouv.qc.ca\/chene-bleu\/wp-json\/wp\/v2\/comments?post=914"}],"version-history":[{"count":0,"href":"https:\/\/csstl.gouv.qc.ca\/chene-bleu\/wp-json\/wp\/v2\/pages\/914\/revisions"}],"wp:attachment":[{"href":"https:\/\/csstl.gouv.qc.ca\/chene-bleu\/wp-json\/wp\/v2\/media?parent=914"}],"curies":[{"name":"wp","href":"https:\/\/api.w.org\/{rel}","templated":true}]}}