{"id":904,"date":"2022-05-24T14:49:52","date_gmt":"2022-05-24T19:49:52","guid":{"rendered":"https:\/\/cs3lacs.wpengine.com\/chene-bleu\/?page_id=904"},"modified":"2026-02-04T15:54:22","modified_gmt":"2026-02-04T20:54:22","slug":"programmes","status":"publish","type":"page","link":"https:\/\/csstl.gouv.qc.ca\/chene-bleu\/programmes\/","title":{"rendered":"Programmes"},"content":{"rendered":"\n<p>Vous trouverez ci-dessous tous les renseignements pertinents aux programmes offerts de la 1<sup>re<\/sup>&nbsp;\u00e0 la 5<sup>e<\/sup>&nbsp;ann\u00e9e du secondaire. Nous avons choisi de vous pr\u00e9senter les programmes sp\u00e9ciaux de l&rsquo;\u00e9cole par degr\u00e9 d&rsquo;enseignement. Selon l&rsquo;ann\u00e9e de fr\u00e9quentation de votre enfant, vous aurez un ensemble d&rsquo;information (programme, maquette, frais charg\u00e9s aux parents, r\u00e8gles de passage, etc.). Nous esp\u00e9rons que cette fa\u00e7on d&rsquo;archiver l&rsquo;information vous facilitera la t\u00e2che.<\/p>\n\n\n\n<h2 class=\"wp-block-heading\"><span style=\"color: #47aa42\" class=\"stk-highlight\">CHOIX DE S\u00c9QUENCES MATH\u00c9MATIQUE 4<sup>E<\/sup> ET 5<sup>E<\/sup> ANN\u00c9ES<\/span><\/h2>\n\n\n\n<p><a href=\"https:\/\/youtu.be\/hp_PlglGeFM\" data-type=\"link\" data-id=\"https:\/\/youtu.be\/hp_PlglGeFM\">Choix de parcours math\u00e9matiques f\u00e9vrier 2026<\/a><\/p>\n\n\n\n<p><\/p>\n\n\n\n<h2 class=\"wp-block-heading\"><strong>PROGRAMME EUR\u00caKA<\/strong><\/h2>\n\n\n\n<p><a href=\"https:\/\/media.csstl.gouv.qc.ca\/wp-content\/uploads\/sites\/20\/2025\/12\/01153324\/Programme-Eureka-2.pdf\" data-type=\"attachment\" data-id=\"1862\">D\u00e9pliant explicatif du programme EUR\u00caKA<\/a><\/p>\n\n\n\n<p><strong>Eur\u00eaka remplace le programme PEPS, et ce, depuis septembre 2023<span style=\"color: #1d1b1b\" class=\"stk-highlight\">.<\/span><\/strong><\/p>\n\n\n\n<p><\/p>\n\n\n\n<p>Il importe que l\u2019enfant qui souhaite int\u00e9grer le programme enrichi soit ouvert d\u2019esprit, curieux et fasse preuve d&rsquo;engagement dans ses apprentissages.<\/p>\n\n\n\n<p>La d\u00e9marche pour int\u00e9grer les groupes Eur\u00eaka se fait en collaboration avec l&rsquo;enseignante de 6<sup>e<\/sup> ann\u00e9e.<\/p>\n\n\n\n<h3 class=\"wp-block-heading\">\u00c9l\u00e8ves du primaire<\/h3>\n\n\n\n<p>Aucun test de s\u00e9lection n\u2019est exig\u00e9. Les \u00e9l\u00e8ves souhaitant faire partie du programme Eur\u00eaka d\u00e8s la premi\u00e8re ann\u00e9e du secondaire d\u00e9poseront leur candidature \u00e0 la fin de la premi\u00e8re \u00e9tape de leur 6<sup>e<\/sup> ann\u00e9e du primaire. Vous devrez remplir le formulaire en cliquant sur le lien suivant qui sera disponible \u00e0 partir du 24 novembre 2025.<\/p>\n\n\n\n<p><a href=\"https:\/\/forms.office.com\/r\/m5p9RA6mL9?origin=lprLink\">Formulaire en ligne Eur\u00eaka<\/a><\/p>\n\n\n\n<p>Le dossier de candidature comprendra*:<\/p>\n\n\n\n<ul class=\"wp-block-list\">\n<li>1- le bulletin de la 5<sup>e<\/sup> ann\u00e9e ainsi que celui de la 1<sup>re<\/sup> \u00e9tape de la 6<sup>e <\/sup>ann\u00e9e ;<\/li>\n\n\n\n<li>2- <a href=\"https:\/\/media.csstl.gouv.qc.ca\/wp-content\/uploads\/sites\/20\/2024\/11\/27115421\/CANDIDATURE-QUESTIONNAIRE-DE-LA-RECRUE.pdf\" data-type=\"attachment\" data-id=\"1614\">le questionnaire de la recrue Eur\u00eaka<\/a> ;<\/li>\n\n\n\n<li>3- <a href=\"https:\/\/media.csstl.gouv.qc.ca\/wp-content\/uploads\/sites\/20\/2024\/05\/10135117\/Eureka-Formulaire-des-observations.pdf\" data-type=\"attachment\" data-id=\"1478\">le formulaire d\u2019observations de l\u2019enseignant(e)<\/a> de 6<sup>e<\/sup> ann\u00e9e envoy\u00e9 directement par l\u2019enseignant(e).<\/li>\n<\/ul>\n\n\n\n<p><\/p>\n\n\n\n<p>*Les \u00e9l\u00e9ments 1 et 2 doivent \u00eatre envoy\u00e9s avant le 19 d\u00e9cembre par le parent \u00e0 l\u2018adresse courriel suivante: eureka.chene-bleu@csstl.gouv.qc.ca.<\/p>\n\n\n\n<p>Vous recevrez une r\u00e9ponse automatis\u00e9e \u00e0 la suite de la r\u00e9ception de la candidature de votre enfant. Les r\u00e9ponses d\u2019acceptation ou de refus seront transmises au d\u00e9but du mois de f\u00e9vrier 2026.<\/p>\n\n\n\n<p><\/p>\n\n\n\n<h3 class=\"wp-block-heading\">\u00c9l\u00e8ves du secondaire<\/h3>\n\n\n\n<p>Si un \u00e9l\u00e8ve du secondaire souhaite int\u00e9grer le programme enrichi, ce dernier se doit de r\u00e9pondre aux crit\u00e8res de s\u00e9lection. Afin de signifier son int\u00e9r\u00eat, il importe qu\u2019il remplisse un demande de changement de programme et qu\u2019il le remette au secr\u00e9tariat du programme enrichi avant la fin de la p\u00e9riode de r\u00e9inscription (f\u00e9vrier).<\/p>\n\n\n\n<p>\u00c9tant donn\u00e9 qu\u2019il s\u2019agit d\u2019un programme contingent\u00e9, chaque dossier sera analys\u00e9 uniquement si des places sont disponibles au sein des groupes-classes pour les \u00e9l\u00e8ves souhaitant int\u00e9grer le programme en cours de cheminement au secondaire.<\/p>\n\n\n\n<p>Gr\u00e2ce \u00e0 ce programme, les \u00e9l\u00e8ves pourront vivre des projets multidisciplinaires diversifi\u00e9s et motivants.<\/p>\n\n\n\n<ul class=\"wp-block-list\">\n<li>Programme Eur\u00eaka &#8211; 1<sup>re<\/sup> ann\u00e9e du secondaire : enrichissement en Plein Air<\/li>\n\n\n\n<li>Programme Eur\u00eaka &#8211; 2<sup>e<\/sup> ann\u00e9e du secondaire : enrichissement en Univers social<\/li>\n\n\n\n<li>Programme Eur\u00eaka &#8211; 3<sup>e<\/sup> ann\u00e9e du secondaire : enrichissement en Sciences<\/li>\n<\/ul>\n\n\n\n<h2 class=\"wp-block-heading\">PROGRAMME SYNERGIE<\/h2>\n\n\n\n<p><strong>CE PROGRAMME REMPLACERA LE PROGRAMME CIME (SOUTIEN) EN SEPTEMBRE 2023.<\/strong><\/p>\n\n\n\n<ul class=\"wp-block-list\">\n<li>Le <a href=\"https:\/\/media.csstl.gouv.qc.ca\/wp-content\/uploads\/sites\/20\/2023\/05\/01134650\/Brochure-SYNERGIE.pdf\" data-type=\"attachment\" data-id=\"1292\"><strong>programme Synergie<\/strong><\/a> est offert aux \u00e9l\u00e8ves de la 1<sup>re<\/sup> \u00e0 la 3<sup>e<\/sup> ann\u00e9e du secondaire qui ont certaines difficult\u00e9s acad\u00e9miques.<\/li>\n\n\n\n<li>Les \u00e9l\u00e8ves du programme sont r\u00e9f\u00e9r\u00e9s par les enseignants et la direction du primaire.<\/li>\n\n\n\n<li>Ce programme est ax\u00e9 sur le soutien acad\u00e9mique, la d\u00e9couverte et la valorisation de soi.<\/li>\n\n\n\n<li>Classe r\u00e9duite \u00e0 20 \u00e9l\u00e8ves.<\/li>\n<\/ul>\n\n\n\n<p><\/p>\n\n\n\n<p><\/p>\n\n\n\n<h2 class=\"wp-block-heading\"><span style=\"color: #73bae7;background-color: #00578c\" class=\"stk-highlight\">CHAMPS D&rsquo;INT\u00c9R\u00caT AU R\u00c9GULIER 2025-2026<\/span><\/h2>\n\n\n\n<h2 class=\"wp-block-heading\">1<sup>re<\/sup>&nbsp;ann\u00e9e du secondaire<\/h2>\n\n\n\n<ul class=\"wp-block-list\">\n<li><strong><a href=\"https:\/\/media.csstl.gouv.qc.ca\/wp-content\/uploads\/sites\/20\/2025\/02\/27155243\/arts-plastiques-1.pdf\" data-type=\"attachment\" data-id=\"1654\">Champ d&rsquo;int\u00e9r\u00eat Arts plastiques<\/a><\/strong><\/li>\n\n\n\n<li><strong><a href=\"https:\/\/media.csstl.gouv.qc.ca\/wp-content\/uploads\/sites\/20\/2025\/02\/27174709\/Sec-1-et-2-art-dram.pdf\" data-type=\"attachment\" data-id=\"1690\">Champ d&rsquo;int\u00e9r\u00eat Art dramatique<\/a><\/strong> \/ <a href=\"https:\/\/cstroislacs-my.sharepoint.com\/:v:\/g\/personal\/aliona_munteanu_csstl_gouv_qc_ca\/EbGueGACP9dIgUF3R17j1QMBFEvpQZkvWJawVrohKUiUwQ?e=nCgZwB\" data-type=\"link\" data-id=\"https:\/\/cstroislacs-my.sharepoint.com\/:v:\/g\/personal\/aliona_munteanu_csstl_gouv_qc_ca\/EbGueGACP9dIgUF3R17j1QMBFEvpQZkvWJawVrohKUiUwQ?e=nCgZwB\">Vid\u00e9o Art dramatique<\/a><\/li>\n\n\n\n<li>Sciences+ (Regroupe les <strong><a href=\"https:\/\/media.csstl.gouv.qc.ca\/wp-content\/uploads\/sites\/20\/2025\/02\/27155403\/Vert-Avenir-Secondaire-1.pdf\" data-type=\"attachment\" data-id=\"1659\">Champ d&rsquo;int\u00e9r\u00eat Vert avenir<\/a><\/strong> et <strong><a href=\"https:\/\/media.csstl.gouv.qc.ca\/wp-content\/uploads\/sites\/20\/2025\/02\/27155322\/Labos-creatifs-et-technologiques-sec-1.pdf\" data-type=\"attachment\" data-id=\"1657\">Champ d&rsquo;int\u00e9r\u00eat Labos cr\u00e9atifs et technologiques<\/a><\/strong>)<\/li>\n\n\n\n<li><strong><a href=\"https:\/\/media.csstl.gouv.qc.ca\/wp-content\/uploads\/sites\/20\/2025\/02\/27155310\/flag-football-1.pdf\" data-type=\"attachment\" data-id=\"1656\">Champ d&rsquo;int\u00e9r\u00eat Flag-football<\/a><\/strong><\/li>\n\n\n\n<li><strong><a href=\"https:\/\/media.csstl.gouv.qc.ca\/wp-content\/uploads\/sites\/20\/2025\/02\/27155344\/Sport.pdf\" data-type=\"attachment\" data-id=\"1658\">Champ d&rsquo;int\u00e9r\u00eat Sport +<\/a><\/strong><\/li>\n\n\n\n<li><strong><a href=\"https:\/\/media.csstl.gouv.qc.ca\/wp-content\/uploads\/sites\/20\/2025\/02\/27182115\/Volleyball-1-1.pdf\" data-type=\"attachment\" data-id=\"1703\">Champ d&rsquo;int\u00e9r\u00eat Volleyball<\/a><\/strong> \/<a href=\"https:\/\/cstroislacs-my.sharepoint.com\/:v:\/r\/personal\/erochefort_csstl_gouv_qc_ca\/Documents\/Fichiers%20de%20conversation%20Microsoft%20Teams\/video%20volley.mp4?csf=1&amp;web=1&amp;e=QAWg60&amp;nav=eyJyZWZlcnJhbEluZm8iOnsicmVmZXJyYWxBcHAiOiJTdHJlYW1XZWJBcHAiLCJyZWZlcnJhbFZpZXciOiJTaGFyZURpYWxvZy1MaW5rIiwicmVmZXJyYWxBcHBQbGF0Zm9ybSI6IldlYiIsInJlZmVycmFsTW9kZSI6InZpZXcifX0%3D\"> Vid\u00e9o-Volleyball<\/a><\/li>\n<\/ul>\n\n\n\n<h2 class=\"wp-block-heading\">2<sup>e<\/sup>&nbsp;ann\u00e9e du secondaire<\/h2>\n\n\n\n<ul class=\"wp-block-list\">\n<li><strong><a href=\"https:\/\/media.csstl.gouv.qc.ca\/wp-content\/uploads\/sites\/20\/2025\/02\/27165148\/ARTS-sec-2-et-3.pdf\" data-type=\"attachment\" data-id=\"1662\">Champ d&rsquo;int\u00e9r\u00eat Arts plastiques<\/a><\/strong><\/li>\n\n\n\n<li><strong><a href=\"https:\/\/media.csstl.gouv.qc.ca\/wp-content\/uploads\/sites\/20\/2025\/02\/27174709\/Sec-1-et-2-art-dram.pdf\" data-type=\"attachment\" data-id=\"1690\">Champ d&rsquo;int\u00e9r\u00eat Art dramatique<\/a><\/strong> \/ <a href=\"https:\/\/cstroislacs-my.sharepoint.com\/:v:\/g\/personal\/aliona_munteanu_csstl_gouv_qc_ca\/EbGueGACP9dIgUF3R17j1QMBFEvpQZkvWJawVrohKUiUwQ?e=nCgZwB\" data-type=\"link\" data-id=\"https:\/\/cstroislacs-my.sharepoint.com\/:v:\/g\/personal\/aliona_munteanu_csstl_gouv_qc_ca\/EbGueGACP9dIgUF3R17j1QMBFEvpQZkvWJawVrohKUiUwQ?e=nCgZwB\">Vid\u00e9o Art dramatique<\/a><\/li>\n\n\n\n<li>Sciences+ (Regroupe les <strong><a href=\"https:\/\/media.csstl.gouv.qc.ca\/wp-content\/uploads\/sites\/20\/2025\/02\/27165351\/Vert-Avenir-Secondaire-2.pdf\" data-type=\"attachment\" data-id=\"1667\">Champ d&rsquo;int\u00e9r\u00eat Vert avenir<\/a><\/strong> et <strong><a href=\"https:\/\/media.csstl.gouv.qc.ca\/wp-content\/uploads\/sites\/20\/2025\/02\/27165321\/Labos-creatifs-et-technologiques-sec-2.pdf\" data-type=\"attachment\" data-id=\"1665\">Champ d&rsquo;int\u00e9r\u00eat Labos cr\u00e9atifs et technologiques<\/a><\/strong>)<\/li>\n\n\n\n<li><a href=\"https:\/\/media.csstl.gouv.qc.ca\/wp-content\/uploads\/sites\/20\/2025\/02\/27165336\/Sport-2.pdf\" data-type=\"attachment\" data-id=\"1666\"><strong>Champ d&rsquo;int\u00e9r\u00eat Sport<\/strong>+<\/a><\/li>\n\n\n\n<li><strong><a href=\"https:\/\/media.csstl.gouv.qc.ca\/wp-content\/uploads\/sites\/20\/2025\/02\/27165304\/flag-football-2.pdf\" data-type=\"attachment\" data-id=\"1664\">Champ d&rsquo;int\u00e9r\u00eat Flag-football<\/a><\/strong><\/li>\n\n\n\n<li><strong><a href=\"https:\/\/media.csstl.gouv.qc.ca\/wp-content\/uploads\/sites\/20\/2025\/02\/27165406\/Volleyball-2.pdf\" data-type=\"attachment\" data-id=\"1668\">Champ d&rsquo;int\u00e9r\u00eat Volleyball<\/a><\/strong> \/ <a href=\"https:\/\/cstroislacs-my.sharepoint.com\/:v:\/r\/personal\/erochefort_csstl_gouv_qc_ca\/Documents\/Fichiers%20de%20conversation%20Microsoft%20Teams\/video%20volley.mp4?csf=1&amp;web=1&amp;e=QAWg60&amp;nav=eyJyZWZlcnJhbEluZm8iOnsicmVmZXJyYWxBcHAiOiJTdHJlYW1XZWJBcHAiLCJyZWZlcnJhbFZpZXciOiJTaGFyZURpYWxvZy1MaW5rIiwicmVmZXJyYWxBcHBQbGF0Zm9ybSI6IldlYiIsInJlZmVycmFsTW9kZSI6InZpZXcifX0%3D\" data-type=\"link\" data-id=\"https:\/\/cstroislacs-my.sharepoint.com\/:v:\/r\/personal\/erochefort_csstl_gouv_qc_ca\/Documents\/Fichiers%20de%20conversation%20Microsoft%20Teams\/video%20volley.mp4?csf=1&amp;web=1&amp;e=QAWg60&amp;nav=eyJyZWZlcnJhbEluZm8iOnsicmVmZXJyYWxBcHAiOiJTdHJlYW1XZWJBcHAiLCJyZWZlcnJhbFZpZXciOiJTaGFyZURpYWxvZy1MaW5rIiwicmVmZXJyYWxBcHBQbGF0Zm9ybSI6IldlYiIsInJlZmVycmFsTW9kZSI6InZpZXcifX0%3D\">Vid\u00e9o-Volleyball<\/a><\/li>\n<\/ul>\n\n\n\n<h2 class=\"wp-block-heading\">3<sup>e<\/sup>&nbsp;ann\u00e9e du secondaire<\/h2>\n\n\n\n<ul class=\"wp-block-list\">\n<li><strong>Ch<a href=\"https:\/\/media.csstl.gouv.qc.ca\/wp-content\/uploads\/sites\/20\/2025\/02\/27171415\/ARTS-sec-2-et-3-1.pdf\" data-type=\"attachment\" data-id=\"1670\">amp d&rsquo;int\u00e9r\u00eat Arts plastiques<\/a><\/strong><\/li>\n\n\n\n<li><strong><a href=\"https:\/\/media.csstl.gouv.qc.ca\/wp-content\/uploads\/sites\/20\/2025\/02\/27174431\/Sec-3-4-et-5-art-dram.pdf\" data-type=\"attachment\" data-id=\"1688\">Champ d&rsquo;int\u00e9r\u00eat Art dramatique<\/a><\/strong> \/ <a href=\"https:\/\/cstroislacs-my.sharepoint.com\/:v:\/g\/personal\/aliona_munteanu_csstl_gouv_qc_ca\/EZHWoWfEKmtIi2EkFEO32dkBdp_LHH74s2wQy33mdPUErw?e=vcLDmr\" data-type=\"link\" data-id=\"https:\/\/cstroislacs-my.sharepoint.com\/:v:\/g\/personal\/aliona_munteanu_csstl_gouv_qc_ca\/EZHWoWfEKmtIi2EkFEO32dkBdp_LHH74s2wQy33mdPUErw?e=vcLDmr\">Vid\u00e9o Art dramatique<\/a><\/li>\n\n\n\n<li>Sciences+ (Regroupe les <strong><a href=\"https:\/\/media.csstl.gouv.qc.ca\/wp-content\/uploads\/sites\/20\/2025\/02\/27171434\/Concentration-vert-avenir-3.pdf\" data-type=\"attachment\" data-id=\"1672\">Champ d&rsquo;int\u00e9r\u00eat Concentration Vert Avenir<\/a><\/strong> et <a href=\"https:\/\/media.csstl.gouv.qc.ca\/wp-content\/uploads\/sites\/20\/2025\/02\/27171516\/Labo-creatif-en-sciences-3.pdf\" data-type=\"attachment\" data-id=\"1675\"><strong>Champ d&rsquo;int\u00e9r\u00eat Labo cr\u00e9atif en science<\/strong>s<\/a>)<\/li>\n\n\n\n<li><strong><a href=\"https:\/\/media.csstl.gouv.qc.ca\/wp-content\/uploads\/sites\/20\/2025\/02\/27173456\/Multimedia-2025-sec-4.pdf\" data-type=\"attachment\" data-id=\"1681\">Champ d&rsquo;int\u00e9r\u00eat Multim\u00e9dia<\/a><\/strong><\/li>\n\n\n\n<li><strong><a href=\"https:\/\/media.csstl.gouv.qc.ca\/wp-content\/uploads\/sites\/20\/2025\/02\/27171525\/Sport-3.pdf\" data-type=\"attachment\" data-id=\"1676\">Champ d&rsquo;int\u00e9r\u00eat Sport+<\/a><\/strong><\/li>\n\n\n\n<li><strong><a href=\"https:\/\/media.csstl.gouv.qc.ca\/wp-content\/uploads\/sites\/20\/2025\/02\/27171454\/flag-football-3-1.pdf\" data-type=\"attachment\" data-id=\"1674\">Champ d&rsquo;int\u00e9r\u00eat Flag-football<\/a><\/strong><\/li>\n\n\n\n<li><strong><a href=\"https:\/\/media.csstl.gouv.qc.ca\/wp-content\/uploads\/sites\/20\/2025\/02\/27171534\/Volleyball-3.pdf\" data-type=\"attachment\" data-id=\"1677\">Champ d&rsquo;int\u00e9r\u00eat Volleyball<\/a><\/strong> \/ <a href=\"https:\/\/cstroislacs-my.sharepoint.com\/:v:\/r\/personal\/erochefort_csstl_gouv_qc_ca\/Documents\/Fichiers%20de%20conversation%20Microsoft%20Teams\/video%20volley.mp4?csf=1&amp;web=1&amp;e=QAWg60&amp;nav=eyJyZWZlcnJhbEluZm8iOnsicmVmZXJyYWxBcHAiOiJTdHJlYW1XZWJBcHAiLCJyZWZlcnJhbFZpZXciOiJTaGFyZURpYWxvZy1MaW5rIiwicmVmZXJyYWxBcHBQbGF0Zm9ybSI6IldlYiIsInJlZmVycmFsTW9kZSI6InZpZXcifX0%3D\" data-type=\"link\" data-id=\"https:\/\/cstroislacs-my.sharepoint.com\/:v:\/r\/personal\/erochefort_csstl_gouv_qc_ca\/Documents\/Fichiers%20de%20conversation%20Microsoft%20Teams\/video%20volley.mp4?csf=1&amp;web=1&amp;e=QAWg60&amp;nav=eyJyZWZlcnJhbEluZm8iOnsicmVmZXJyYWxBcHAiOiJTdHJlYW1XZWJBcHAiLCJyZWZlcnJhbFZpZXciOiJTaGFyZURpYWxvZy1MaW5rIiwicmVmZXJyYWxBcHBQbGF0Zm9ybSI6IldlYiIsInJlZmVycmFsTW9kZSI6InZpZXcifX0%3D\">Vid\u00e9o-Volleyball<\/a><\/li>\n<\/ul>\n\n\n\n<h2 class=\"wp-block-heading\">4<sup>e<\/sup>&nbsp;ann\u00e9e du secondaire<\/h2>\n\n\n\n<ul class=\"wp-block-list\">\n<li><strong><a href=\"https:\/\/media.csstl.gouv.qc.ca\/wp-content\/uploads\/sites\/20\/2025\/02\/27173656\/ARTS_PLastiques_sec_45_Couturier.pdf\" data-type=\"attachment\" data-id=\"1686\">Champ d&rsquo;int\u00e9r\u00eat Arts plastiques<\/a><\/strong><\/li>\n\n\n\n<li><strong><a href=\"https:\/\/media.csstl.gouv.qc.ca\/wp-content\/uploads\/sites\/20\/2025\/02\/27174431\/Sec-3-4-et-5-art-dram.pdf\" data-type=\"attachment\" data-id=\"1688\">Champ d&rsquo;int\u00e9r\u00eat Art dramatique<\/a><\/strong> \/ <a href=\"https:\/\/cstroislacs-my.sharepoint.com\/:v:\/g\/personal\/aliona_munteanu_csstl_gouv_qc_ca\/EZHWoWfEKmtIi2EkFEO32dkBdp_LHH74s2wQy33mdPUErw?e=vcLDmr\" data-type=\"link\" data-id=\"https:\/\/cstroislacs-my.sharepoint.com\/:v:\/g\/personal\/aliona_munteanu_csstl_gouv_qc_ca\/EZHWoWfEKmtIi2EkFEO32dkBdp_LHH74s2wQy33mdPUErw?e=vcLDmr\">Vid\u00e9o Art dramatique<\/a><\/li>\n\n\n\n<li><strong><a href=\"https:\/\/media.csstl.gouv.qc.ca\/wp-content\/uploads\/sites\/20\/2025\/02\/27173456\/Multimedia-2025-sec-4.pdf\" data-type=\"attachment\" data-id=\"1681\">Champ d&rsquo;int\u00e9r\u00eat Multim\u00e9dia<\/a><\/strong><\/li>\n\n\n\n<li><strong><a href=\"https:\/\/media.csstl.gouv.qc.ca\/wp-content\/uploads\/sites\/20\/2025\/02\/28082332\/Presentation-choix-de-cours-de-Guerres-et-conflits-sec.4-2025.pdf\" data-type=\"attachment\" data-id=\"1707\">Champ d&rsquo;int\u00e9r\u00eat Guerres et conflits<\/a><\/strong><\/li>\n\n\n\n<li><strong><a href=\"https:\/\/media.csstl.gouv.qc.ca\/wp-content\/uploads\/sites\/20\/2025\/02\/27173535\/STE-2025-4.pdf\" data-type=\"attachment\" data-id=\"1684\">Champ d&rsquo;int\u00e9r\u00eat STE 2025<\/a><\/strong><\/li>\n\n\n\n<li><a href=\"https:\/\/media.csstl.gouv.qc.ca\/wp-content\/uploads\/sites\/20\/2025\/02\/27173524\/Sport-4.pdf\" data-type=\"attachment\" data-id=\"1683\"><strong>Champ d&rsquo;int\u00e9r\u00eat Sport<\/strong>+<\/a><\/li>\n\n\n\n<li><strong><a href=\"https:\/\/media.csstl.gouv.qc.ca\/wp-content\/uploads\/sites\/20\/2025\/02\/27173441\/flag-football-4.pdf\" data-type=\"attachment\" data-id=\"1680\">Champ d&rsquo;int\u00e9r\u00eat Flag-football<\/a><\/strong><\/li>\n\n\n\n<li><strong><a href=\"https:\/\/media.csstl.gouv.qc.ca\/wp-content\/uploads\/sites\/20\/2025\/02\/27173546\/Volleyball-4.pdf\" data-type=\"attachment\" data-id=\"1685\">Champ d&rsquo;int\u00e9r\u00eat Volleyball<\/a><\/strong> \/ <a href=\"https:\/\/cstroislacs-my.sharepoint.com\/:v:\/r\/personal\/erochefort_csstl_gouv_qc_ca\/Documents\/Fichiers%20de%20conversation%20Microsoft%20Teams\/video%20volley.mp4?csf=1&amp;web=1&amp;e=QAWg60&amp;nav=eyJyZWZlcnJhbEluZm8iOnsicmVmZXJyYWxBcHAiOiJTdHJlYW1XZWJBcHAiLCJyZWZlcnJhbFZpZXciOiJTaGFyZURpYWxvZy1MaW5rIiwicmVmZXJyYWxBcHBQbGF0Zm9ybSI6IldlYiIsInJlZmVycmFsTW9kZSI6InZpZXcifX0%3D\">Vid\u00e9o-Volleyball<\/a><\/li>\n\n\n\n<li><strong><a href=\"https:\/\/media.csstl.gouv.qc.ca\/wp-content\/uploads\/sites\/20\/2025\/02\/27173512\/PA-sec-4.pdf\" data-type=\"attachment\" data-id=\"1682\">Champ d&rsquo;int\u00e9r\u00eat Plein air<\/a><\/strong><\/li>\n<\/ul>\n\n\n\n<h2 class=\"wp-block-heading\">5<sup>e<\/sup>&nbsp;ann\u00e9e du secondaire<\/h2>\n\n\n\n<ul class=\"wp-block-list\">\n<li><strong><a href=\"https:\/\/media.csstl.gouv.qc.ca\/wp-content\/uploads\/sites\/20\/2025\/02\/27173656\/ARTS_PLastiques_sec_45_Couturier.pdf\" data-type=\"attachment\" data-id=\"1686\">Champ d&rsquo;int\u00e9r\u00eat Arts plastiques<\/a><\/strong><\/li>\n\n\n\n<li><strong><a href=\"https:\/\/media.csstl.gouv.qc.ca\/wp-content\/uploads\/sites\/20\/2025\/02\/27174431\/Sec-3-4-et-5-art-dram.pdf\" data-type=\"attachment\" data-id=\"1688\">Champ d&rsquo;int\u00e9r\u00eat Art dramatique<\/a><\/strong> \/ <a href=\"https:\/\/cstroislacs-my.sharepoint.com\/:v:\/g\/personal\/aliona_munteanu_csstl_gouv_qc_ca\/EZHWoWfEKmtIi2EkFEO32dkBdp_LHH74s2wQy33mdPUErw?e=vcLDmr\" data-type=\"link\" data-id=\"https:\/\/cstroislacs-my.sharepoint.com\/:v:\/g\/personal\/aliona_munteanu_csstl_gouv_qc_ca\/EZHWoWfEKmtIi2EkFEO32dkBdp_LHH74s2wQy33mdPUErw?e=vcLDmr\">Vid\u00e9o Art dramatique<\/a><\/li>\n\n\n\n<li><a href=\"https:\/\/media.csstl.gouv.qc.ca\/wp-content\/uploads\/sites\/20\/2025\/02\/27180153\/Chimie-5.pdf\" data-type=\"attachment\" data-id=\"1693\"><strong>Champ d&rsquo;int\u00e9r\u00eat Chimie<\/strong><\/a><\/li>\n\n\n\n<li><strong><a href=\"https:\/\/media.csstl.gouv.qc.ca\/wp-content\/uploads\/sites\/20\/2025\/02\/27180229\/Multimedia-2025-5.pdf\" data-type=\"attachment\" data-id=\"1696\">Champ d&rsquo;int\u00e9r\u00eat Multim\u00e9dia<\/a><\/strong><\/li>\n\n\n\n<li><strong><a href=\"https:\/\/media.csstl.gouv.qc.ca\/wp-content\/uploads\/sites\/20\/2025\/02\/27180217\/Guerres-et-conflits-sec-5-2025.pdf\" data-type=\"attachment\" data-id=\"1695\">Champ d&rsquo;int\u00e9r\u00eat Guerres et conflits<\/a><\/strong><\/li>\n\n\n\n<li><strong><a href=\"https:\/\/media.csstl.gouv.qc.ca\/wp-content\/uploads\/sites\/20\/2025\/02\/27180255\/Physique-5.pdf\" data-type=\"attachment\" data-id=\"1698\">Champ d&rsquo;int\u00e9r\u00eat Physique<\/a><\/strong><\/li>\n\n\n\n<li><strong><a href=\"https:\/\/media.csstl.gouv.qc.ca\/wp-content\/uploads\/sites\/20\/2025\/02\/27180306\/Programmation-sec.-5.pdf\" data-type=\"attachment\" data-id=\"1699\">Champ d&rsquo;int\u00e9r\u00eat Programmation<\/a><\/strong><\/li>\n\n\n\n<li><strong><a href=\"https:\/\/media.csstl.gouv.qc.ca\/wp-content\/uploads\/sites\/20\/2025\/02\/27180319\/Sport5.pdf\" data-type=\"attachment\" data-id=\"1700\">Champ d&rsquo;int\u00e9r\u00eat Sport+<\/a><\/strong><\/li>\n\n\n\n<li><strong><a href=\"https:\/\/media.csstl.gouv.qc.ca\/wp-content\/uploads\/sites\/20\/2025\/02\/27180204\/flag-football-5.pdf\" data-type=\"attachment\" data-id=\"1694\">Champ d&rsquo;int\u00e9r\u00eat Flag-football<\/a><\/strong><\/li>\n\n\n\n<li><strong><a href=\"https:\/\/media.csstl.gouv.qc.ca\/wp-content\/uploads\/sites\/20\/2025\/02\/27180329\/Volleyball-5.pdf\" data-type=\"attachment\" data-id=\"1701\">Champ d&rsquo;int\u00e9r\u00eat Volleyball<\/a><\/strong>\/ <a href=\"https:\/\/cstroislacs-my.sharepoint.com\/:v:\/r\/personal\/erochefort_csstl_gouv_qc_ca\/Documents\/Fichiers%20de%20conversation%20Microsoft%20Teams\/video%20volley.mp4?csf=1&amp;web=1&amp;e=QAWg60&amp;nav=eyJyZWZlcnJhbEluZm8iOnsicmVmZXJyYWxBcHAiOiJTdHJlYW1XZWJBcHAiLCJyZWZlcnJhbFZpZXciOiJTaGFyZURpYWxvZy1MaW5rIiwicmVmZXJyYWxBcHBQbGF0Zm9ybSI6IldlYiIsInJlZmVycmFsTW9kZSI6InZpZXcifX0%3D\" data-type=\"link\" data-id=\"https:\/\/cstroislacs-my.sharepoint.com\/:v:\/r\/personal\/erochefort_csstl_gouv_qc_ca\/Documents\/Fichiers%20de%20conversation%20Microsoft%20Teams\/video%20volley.mp4?csf=1&amp;web=1&amp;e=QAWg60&amp;nav=eyJyZWZlcnJhbEluZm8iOnsicmVmZXJyYWxBcHAiOiJTdHJlYW1XZWJBcHAiLCJyZWZlcnJhbFZpZXciOiJTaGFyZURpYWxvZy1MaW5rIiwicmVmZXJyYWxBcHBQbGF0Zm9ybSI6IldlYiIsInJlZmVycmFsTW9kZSI6InZpZXcifX0%3D\">Vid\u00e9o-Volleyball<\/a><\/li>\n\n\n\n<li><strong><a href=\"https:\/\/media.csstl.gouv.qc.ca\/wp-content\/uploads\/sites\/20\/2025\/02\/27180244\/PA-sec-5.pdf\" data-type=\"attachment\" data-id=\"1697\">Champ d&rsquo;int\u00e9r\u00eat Plein air<\/a><\/strong><\/li>\n<\/ul>\n\n\n\n<p><\/p>\n","protected":false},"excerpt":{"rendered":"<p>Vous trouverez ci-dessous tous les renseignements pertinents aux programmes offerts de la 1re&nbsp;\u00e0 la 5e&nbsp;ann\u00e9e du secondaire. Nous avons choisi de vous pr\u00e9senter les programmes sp\u00e9ciaux de l&rsquo;\u00e9cole par degr\u00e9 d&rsquo;enseignement. Selon l&rsquo;ann\u00e9e de fr\u00e9quentation de votre enfant, vous aurez un ensemble d&rsquo;information (programme, maquette, frais charg\u00e9s aux parents, r\u00e8gles de passage, etc.). Nous esp\u00e9rons [&hellip;]<\/p>\n","protected":false},"author":4,"featured_media":0,"parent":0,"menu_order":0,"comment_status":"closed","ping_status":"closed","template":"","meta":{"_genesis_hide_title":false,"_genesis_hide_breadcrumbs":false,"_genesis_hide_singular_image":false,"_genesis_hide_footer_widgets":false,"_genesis_custom_body_class":"","_genesis_custom_post_class":"","_genesis_layout":"","footnotes":""},"class_list":{"0":"post-904","1":"page","2":"type-page","3":"status-publish","5":"entry"},"featured_image_src":null,"featured_image_src_square":null,"_links":{"self":[{"href":"https:\/\/csstl.gouv.qc.ca\/chene-bleu\/wp-json\/wp\/v2\/pages\/904","targetHints":{"allow":["GET"]}}],"collection":[{"href":"https:\/\/csstl.gouv.qc.ca\/chene-bleu\/wp-json\/wp\/v2\/pages"}],"about":[{"href":"https:\/\/csstl.gouv.qc.ca\/chene-bleu\/wp-json\/wp\/v2\/types\/page"}],"author":[{"embeddable":true,"href":"https:\/\/csstl.gouv.qc.ca\/chene-bleu\/wp-json\/wp\/v2\/users\/4"}],"replies":[{"embeddable":true,"href":"https:\/\/csstl.gouv.qc.ca\/chene-bleu\/wp-json\/wp\/v2\/comments?post=904"}],"version-history":[{"count":0,"href":"https:\/\/csstl.gouv.qc.ca\/chene-bleu\/wp-json\/wp\/v2\/pages\/904\/revisions"}],"wp:attachment":[{"href":"https:\/\/csstl.gouv.qc.ca\/chene-bleu\/wp-json\/wp\/v2\/media?parent=904"}],"curies":[{"name":"wp","href":"https:\/\/api.w.org\/{rel}","templated":true}]}}