{"id":267,"date":"2023-03-20T13:44:59","date_gmt":"2023-03-20T18:44:59","guid":{"rendered":"https:\/\/csstl.gouv.qc.ca\/centre-des-belles-rives\/?page_id=267"},"modified":"2025-12-03T12:48:15","modified_gmt":"2025-12-03T17:48:15","slug":"inscription-francisation","status":"publish","type":"page","link":"https:\/\/csstl.gouv.qc.ca\/centre-des-belles-rives\/inscription-francisation\/","title":{"rendered":"Inscription francisation"},"content":{"rendered":"\n<p>Le fran\u00e7ais est la langue officielle et commune du Qu\u00e9bec. C\u2019est la langue des institutions publiques, du travail, de l\u2019enseignement, des communications, du commerce et des affaires. Le fran\u00e7ais est aussi un symbole commun d\u2019appartenance et de participation \u00e0 la soci\u00e9t\u00e9 qu\u00e9b\u00e9coise.<\/p>\n\n\n\n<p>Pour apprendre ou mieux ma\u00eetriser le fran\u00e7ais, visitez <a href=\"https:\/\/www.quebec.ca\/education\/apprendre-le-francais\">Apprendre le fran\u00e7ais<\/a> sur Qu\u00e9bec.ca.<\/p>\n\n\n\n<p>Il s\u2019agit de l\u2019unique point d\u2019acc\u00e8s aux services d\u2019apprentissage du fran\u00e7ais pour&nbsp;:<\/p>\n\n\n\n<ul class=\"wp-block-list\">\n<li>les personnes \u00e2g\u00e9es de 16 ans et plus au 1<sup>er <\/sup>juillet pr\u00e9c\u00e9dant la demande d\u2019admission et domicili\u00e9es au Qu\u00e9bec\u2009:<ul><li>immigrantes;<\/li><\/ul>\n<ul class=\"wp-block-list\">\n<li>canadiennes de naissance;<\/li>\n<\/ul>\n<\/li>\n\n\n\n<li>les travailleuses et travailleurs au sein des entreprises qui souhaitent recevoir ces services;<\/li>\n\n\n\n<li>les personnes qui envisagent de s\u2019\u00e9tablir au Qu\u00e9bec.<\/li>\n<\/ul>\n\n\n\n<p>Les cours de fran\u00e7ais du gouvernement du Qu\u00e9bec sont gratuits. De l\u2019aide financi\u00e8re incitative est aussi offerte aux personnes admissibles, \u00e0 certaines conditions.<\/p>\n\n\n\n<p>&nbsp;Ces cours de fran\u00e7ais sont offerts :<\/p>\n\n\n\n<ul class=\"wp-block-list\">\n<li>\u00e0 temps complet ou \u00e0 temps partiel;<\/li>\n\n\n\n<li>en classe ou \u00e0 distance;<\/li>\n\n\n\n<li>dans toutes les r\u00e9gions du Qu\u00e9bec.<\/li>\n<\/ul>\n\n\n\n<p>Il existe \u00e9galement des formules de cours :<\/p>\n\n\n\n<ul class=\"wp-block-list\">\n<li>enti\u00e8rement en ligne ou \u00e0 distance en diff\u00e9r\u00e9;<\/li>\n\n\n\n<li>sp\u00e9cialis\u00e9s par domaine d&#8217;emploi;<\/li>\n\n\n\n<li>en milieu de travail.&nbsp;<\/li>\n<\/ul>\n\n\n\n<p>Le centre des Belles-Rives est un fier partenaire du gouvernement du Qu\u00e9bec pour offrir des services d\u2019apprentissage du fran\u00e7ais&nbsp;:<\/p>\n\n\n\n<ul class=\"wp-block-list\">\n<li>\u00e0 temps complet;<\/li>\n\n\n\n<li>de niveaux d\u00e9butant, interm\u00e9diaire ou avanc\u00e9;<\/li>\n\n\n\n<li>en milieu de travail.<\/li>\n<\/ul>\n\n\n\n<p>Pour vous inscrire, visitez <a href=\"https:\/\/www.quebec.ca\/education\/apprendre-le-francais\">Apprendre le fran\u00e7ais<\/a>.<strong><\/strong><\/p>\n\n\n\n<p><\/p>\n\n\n\n<p><\/p>\n","protected":false},"excerpt":{"rendered":"<p>Le fran\u00e7ais est la langue officielle et commune du Qu\u00e9bec. C\u2019est la langue des institutions publiques, du travail, de l\u2019enseignement, des communications, du commerce et des affaires. Le fran\u00e7ais est [&hellip;]<\/p>\n","protected":false},"author":2,"featured_media":0,"parent":0,"menu_order":0,"comment_status":"closed","ping_status":"closed","template":"","meta":{"_genesis_hide_title":false,"_genesis_hide_breadcrumbs":false,"_genesis_hide_singular_image":false,"_genesis_hide_footer_widgets":false,"_genesis_custom_body_class":"","_genesis_custom_post_class":"","_genesis_layout":"","footnotes":""},"class_list":["post-267","page","type-page","status-publish","entry"],"featured_image_src":null,"featured_image_src_square":null,"_links":{"self":[{"href":"https:\/\/csstl.gouv.qc.ca\/centre-des-belles-rives\/wp-json\/wp\/v2\/pages\/267","targetHints":{"allow":["GET"]}}],"collection":[{"href":"https:\/\/csstl.gouv.qc.ca\/centre-des-belles-rives\/wp-json\/wp\/v2\/pages"}],"about":[{"href":"https:\/\/csstl.gouv.qc.ca\/centre-des-belles-rives\/wp-json\/wp\/v2\/types\/page"}],"author":[{"embeddable":true,"href":"https:\/\/csstl.gouv.qc.ca\/centre-des-belles-rives\/wp-json\/wp\/v2\/users\/2"}],"replies":[{"embeddable":true,"href":"https:\/\/csstl.gouv.qc.ca\/centre-des-belles-rives\/wp-json\/wp\/v2\/comments?post=267"}],"version-history":[{"count":0,"href":"https:\/\/csstl.gouv.qc.ca\/centre-des-belles-rives\/wp-json\/wp\/v2\/pages\/267\/revisions"}],"wp:attachment":[{"href":"https:\/\/csstl.gouv.qc.ca\/centre-des-belles-rives\/wp-json\/wp\/v2\/media?parent=267"}],"curies":[{"name":"wp","href":"https:\/\/api.w.org\/{rel}","templated":true}]}}