{"id":187,"date":"2024-06-14T11:00:41","date_gmt":"2024-06-14T16:00:41","guid":{"rendered":"https:\/\/csstl.gouv.qc.ca\/centre-des-belles-rives\/?page_id=187"},"modified":"2024-06-14T11:00:42","modified_gmt":"2024-06-14T16:00:42","slug":"salle-dexamen","status":"publish","type":"page","link":"https:\/\/csstl.gouv.qc.ca\/centre-des-belles-rives\/salle-dexamen\/","title":{"rendered":"Salle d&rsquo;examen"},"content":{"rendered":"\n<p><strong>Horaire de la salle d\u2019examen<\/strong><\/p>\n\n\n\n<p><strong>Consignes \u00e0 suivre \u00e0 la salle d&rsquo;examen<\/strong><\/p>\n\n\n\n<ul class=\"wp-block-list\">\n<li>Vous devez \u00a0<strong>r<\/strong><strong>\u00e9server votre place au moins deux journ\u00e9es \u00e0 l&rsquo;avance<\/strong>\u00a0\u00e0 la salle d&rsquo;examen.<\/li>\n\n\n\n<li>Tout&nbsp;<strong>retard de plus de 5 minutes pourra entra\u00eener l&rsquo;annulation<\/strong>&nbsp;de votre examen.<\/li>\n\n\n\n<li>Vous devez donner votre pr\u00e9sence en classe avant votre examen.<\/li>\n\n\n\n<li>Vous devez apporter avec vous un crayon, une calculatrice autoris\u00e9e, une gomme \u00e0 effacer et une r\u00e8gle.&nbsp;<strong>Aucun autre article n&rsquo;est autoris\u00e9 dans la salle d&rsquo;examen<\/strong>.<\/li>\n\n\n\n<li>Il est\u00a0<strong>interdit d\u2019\u00eatre en possession d\u2019un cellulaire<\/strong>\u00a0dans la salle d\u2019examen.\u00a0<\/li>\n\n\n\n<li>Il est&nbsp;<strong>interdit de quitter la salle<\/strong>&nbsp;pendant la passation de l&rsquo;examen.<\/li>\n<\/ul>\n","protected":false},"excerpt":{"rendered":"<p>Horaire de la salle d\u2019examen Consignes \u00e0 suivre \u00e0 la salle d&rsquo;examen<\/p>\n","protected":false},"author":98,"featured_media":0,"parent":0,"menu_order":0,"comment_status":"closed","ping_status":"closed","template":"","meta":{"_genesis_hide_title":false,"_genesis_hide_breadcrumbs":false,"_genesis_hide_singular_image":false,"_genesis_hide_footer_widgets":false,"_genesis_custom_body_class":"","_genesis_custom_post_class":"","_genesis_layout":"","footnotes":""},"class_list":["post-187","page","type-page","status-publish","entry"],"featured_image_src":null,"featured_image_src_square":null,"_links":{"self":[{"href":"https:\/\/csstl.gouv.qc.ca\/centre-des-belles-rives\/wp-json\/wp\/v2\/pages\/187","targetHints":{"allow":["GET"]}}],"collection":[{"href":"https:\/\/csstl.gouv.qc.ca\/centre-des-belles-rives\/wp-json\/wp\/v2\/pages"}],"about":[{"href":"https:\/\/csstl.gouv.qc.ca\/centre-des-belles-rives\/wp-json\/wp\/v2\/types\/page"}],"author":[{"embeddable":true,"href":"https:\/\/csstl.gouv.qc.ca\/centre-des-belles-rives\/wp-json\/wp\/v2\/users\/98"}],"replies":[{"embeddable":true,"href":"https:\/\/csstl.gouv.qc.ca\/centre-des-belles-rives\/wp-json\/wp\/v2\/comments?post=187"}],"version-history":[{"count":0,"href":"https:\/\/csstl.gouv.qc.ca\/centre-des-belles-rives\/wp-json\/wp\/v2\/pages\/187\/revisions"}],"wp:attachment":[{"href":"https:\/\/csstl.gouv.qc.ca\/centre-des-belles-rives\/wp-json\/wp\/v2\/media?parent=187"}],"curies":[{"name":"wp","href":"https:\/\/api.w.org\/{rel}","templated":true}]}}