{"id":173,"date":"2022-11-17T12:02:06","date_gmt":"2022-11-17T17:02:06","guid":{"rendered":"https:\/\/cs3lacs.wpengine.com\/centre-des-belles-rives\/?page_id=173"},"modified":"2025-08-15T08:21:49","modified_gmt":"2025-08-15T13:21:49","slug":"tests-dequivalence","status":"publish","type":"page","link":"https:\/\/csstl.gouv.qc.ca\/centre-des-belles-rives\/tests-dequivalence\/","title":{"rendered":"Tests d&rsquo;\u00e9quivalence"},"content":{"rendered":"\n<h2 class=\"wp-block-heading\">Les tests d\u2019\u00e9quivalence de niveau de scolarit\u00e9 (TENS)<\/h2>\n\n\n\n<p>Les TENS permettent \u00e0 des personnes \u00e2g\u00e9es de 16 ans et plus d\u2019obtenir une attestation d\u2019\u00e9quivalence de niveau de scolarit\u00e9 (AENS), d\u2019acc\u00e9der \u00e0 certains emplois, d\u2019acc\u00e9der \u00e0 des programmes menant \u00e0 un dipl\u00f4me d\u2019\u00e9tudes professionnelles (DEP) et \u00e0 certains programmes menant \u00e0 une attestation d\u2019\u00e9tudes coll\u00e9giales (AEC).&nbsp;<\/p>\n\n\n\n<h2 class=\"wp-block-heading\">Le test de d\u00e9veloppement g\u00e9n\u00e9ral (TDG)<\/h2>\n\n\n\n<p>Le TDG est une des fa\u00e7ons pour \u00eatre admis dans un programme d\u2019\u00e9tudes menant \u00e0 un dipl\u00f4me d\u2019\u00e9tudes professionnelles (DEP) pour les personnes \u00e2g\u00e9es de 18 ans et plus. Des pr\u00e9alables sp\u00e9cifiques au programme choisi sont exig\u00e9s pour \u00eatre admis au DEP. Il s\u2019agit d\u2019un test de connaissances g\u00e9n\u00e9rales.&nbsp;<\/p>\n\n\n\n<p><\/p>\n","protected":false},"excerpt":{"rendered":"<p>Les tests d\u2019\u00e9quivalence de niveau de scolarit\u00e9 (TENS) Les TENS permettent \u00e0 des personnes \u00e2g\u00e9es de 16 ans et plus d\u2019obtenir une attestation d\u2019\u00e9quivalence de niveau de scolarit\u00e9 (AENS), d\u2019acc\u00e9der [&hellip;]<\/p>\n","protected":false},"author":2,"featured_media":0,"parent":0,"menu_order":0,"comment_status":"closed","ping_status":"closed","template":"","meta":{"_genesis_hide_title":false,"_genesis_hide_breadcrumbs":false,"_genesis_hide_singular_image":false,"_genesis_hide_footer_widgets":false,"_genesis_custom_body_class":"","_genesis_custom_post_class":"","_genesis_layout":"","footnotes":""},"class_list":["post-173","page","type-page","status-publish","entry"],"featured_image_src":null,"featured_image_src_square":null,"_links":{"self":[{"href":"https:\/\/csstl.gouv.qc.ca\/centre-des-belles-rives\/wp-json\/wp\/v2\/pages\/173","targetHints":{"allow":["GET"]}}],"collection":[{"href":"https:\/\/csstl.gouv.qc.ca\/centre-des-belles-rives\/wp-json\/wp\/v2\/pages"}],"about":[{"href":"https:\/\/csstl.gouv.qc.ca\/centre-des-belles-rives\/wp-json\/wp\/v2\/types\/page"}],"author":[{"embeddable":true,"href":"https:\/\/csstl.gouv.qc.ca\/centre-des-belles-rives\/wp-json\/wp\/v2\/users\/2"}],"replies":[{"embeddable":true,"href":"https:\/\/csstl.gouv.qc.ca\/centre-des-belles-rives\/wp-json\/wp\/v2\/comments?post=173"}],"version-history":[{"count":0,"href":"https:\/\/csstl.gouv.qc.ca\/centre-des-belles-rives\/wp-json\/wp\/v2\/pages\/173\/revisions"}],"wp:attachment":[{"href":"https:\/\/csstl.gouv.qc.ca\/centre-des-belles-rives\/wp-json\/wp\/v2\/media?parent=173"}],"curies":[{"name":"wp","href":"https:\/\/api.w.org\/{rel}","templated":true}]}}