{"id":168,"date":"2022-11-17T11:59:49","date_gmt":"2022-11-17T16:59:49","guid":{"rendered":"https:\/\/cs3lacs.wpengine.com\/centre-des-belles-rives\/?page_id=168"},"modified":"2023-03-21T12:07:51","modified_gmt":"2023-03-21T17:07:51","slug":"formation-generale-du-secondaire","status":"publish","type":"page","link":"https:\/\/csstl.gouv.qc.ca\/centre-des-belles-rives\/formation-generale-du-secondaire\/","title":{"rendered":"Formation g\u00e9n\u00e9rale du secondaire"},"content":{"rendered":"\n<h2 class=\"wp-block-heading\">Formation g\u00e9n\u00e9rale des adultes<\/h2>\n\n\n\n<p>La formation g\u00e9n\u00e9rale des adultes (FGA) propose diff\u00e9rents types de services de formation pour r\u00e9pondre aux besoins de chacun.  Par exemple, les cours de jour et les cours de soir sont offerts.<\/p>\n\n\n\n<p>Pour \u00eatre admissible aux services de la formation g\u00e9n\u00e9rales des adultes (FGA), vous devez \u00eatre \u00e2g\u00e9e de 16 ans et plus, ou \u00eatre titulaire d&rsquo;un certificat de formation \u00e0 un m\u00e9tier semi-sp\u00e9cialis\u00e9 (CFMS).  Vous pouvez vous inscrire en tout temps en FGA.<\/p>\n\n\n\n<p><strong><em>Formation de base commune<\/em><\/strong><\/p>\n\n\n\n<p>Le Programme de la formation de base commune s&rsquo;inscrit dans la lign\u00e9e des choix minist\u00e9riels associ\u00e9s \u00e0 la r\u00e9forme de l&rsquo;\u00e9ducation au Qu\u00e9bec.  Il regroupe la premier cycle du secondaire: alphab\u00e9tisation, le pr\u00e9secondaire et le premier cycle du secondaire.<\/p>\n\n\n\n<p><strong><em>Formation de base diversifi\u00e9<\/em><\/strong><\/p>\n\n\n\n<p>Le Programme de la formation de base diversifi\u00e9e est une version adapt\u00e9e pour les adultes du programme de formation de l&rsquo;\u00e9cole qu\u00e9b\u00e9coise, enseignement secondaire, deuxi\u00e8me cycle.<\/p>\n\n\n\n<p><strong><em>Int\u00e9gration socioprofessionnelle<\/em><\/strong><\/p>\n\n\n\n<p>Le service d&rsquo;enseignement Int\u00e9gration socioprofessionnelle a pour objectif d&rsquo;offrir \u00e0 l&rsquo;adulte des moyens de d\u00e9velopper son employabilit\u00e9, d&rsquo;int\u00e9grer le march\u00e9 du travail et de faciliter son maintien \u00e0 l&#8217;emploi.  Ce service lui offre \u00e9galement la perspective de poursuivre ses \u00e9tudes.<\/p>\n\n\n\n<p>Le programme d&rsquo;\u00e9tudes associ\u00e9 \u00e0 ce service s&rsquo;inscrit dans une perspective de d\u00e9veloppement professionnelle au cours duquel l&rsquo;adulte est amen\u00e9 \u00e0 prendre en charge ses apprentissages en vue de d\u00e9velopper les comp\u00e9tences qui lui permettront de relever les d\u00e9fis li\u00e9s aux nouvelles r\u00e9alit\u00e9s du march\u00e9 du travail.<\/p>\n\n\n\n<p><strong>La formation g\u00e9n\u00e9rales aux adultes conduit les \u00e9l\u00e8ves de 16 ans et plus sur le chemin du succ\u00e8s pour:<\/strong><\/p>\n\n\n\n<ul class=\"wp-block-list\">\n<li>Parfaire leurs connaissances g\u00e9n\u00e9rales;<\/li>\n\n\n\n<li>obtenir un dipl\u00f4me d&rsquo;\u00e9tudes secondaires;<\/li>\n\n\n\n<li>se pr\u00e9parer aux \u00e9tudes en formation professionnelle;<\/li>\n\n\n\n<li>se pr\u00e9parer aux \u00e9tudes coll\u00e9giales ou universitaires;<\/li>\n\n\n\n<li>se pr\u00e9parer au march\u00e9 du travail;<\/li>\n\n\n\n<li>faciliter leur int\u00e9gration \u00e0 la vie socioprofessionnelle. <\/li>\n<\/ul>\n\n\n\n<p><\/p>\n\n\n\n<h3 class=\"wp-block-heading\">Inscription &#8211; Veuillez vous r\u00e9f\u00e9rer \u00e0 l&rsquo;onglet inscription.<\/h3>\n\n\n\n<p><strong><em>Pour toutes informations ou inscription : 514 477-7020, poste 5122<\/em><\/strong><\/p>\n\n\n\n<p><a rel=\"noreferrer noopener\" href=\"http:\/\/emploiquebec.net\/index.asp\" target=\"_blank\">Lien vers Emploi Qu\u00e9bec<\/a><\/p>\n","protected":false},"excerpt":{"rendered":"<p>Formation g\u00e9n\u00e9rale des adultes La formation g\u00e9n\u00e9rale des adultes (FGA) propose diff\u00e9rents types de services de formation pour r\u00e9pondre aux besoins de chacun. Par exemple, les cours de jour et [&hellip;]<\/p>\n","protected":false},"author":2,"featured_media":0,"parent":0,"menu_order":0,"comment_status":"closed","ping_status":"closed","template":"","meta":{"_genesis_hide_title":false,"_genesis_hide_breadcrumbs":false,"_genesis_hide_singular_image":false,"_genesis_hide_footer_widgets":false,"_genesis_custom_body_class":"","_genesis_custom_post_class":"","_genesis_layout":"","footnotes":""},"class_list":["post-168","page","type-page","status-publish","entry"],"featured_image_src":null,"featured_image_src_square":null,"_links":{"self":[{"href":"https:\/\/csstl.gouv.qc.ca\/centre-des-belles-rives\/wp-json\/wp\/v2\/pages\/168","targetHints":{"allow":["GET"]}}],"collection":[{"href":"https:\/\/csstl.gouv.qc.ca\/centre-des-belles-rives\/wp-json\/wp\/v2\/pages"}],"about":[{"href":"https:\/\/csstl.gouv.qc.ca\/centre-des-belles-rives\/wp-json\/wp\/v2\/types\/page"}],"author":[{"embeddable":true,"href":"https:\/\/csstl.gouv.qc.ca\/centre-des-belles-rives\/wp-json\/wp\/v2\/users\/2"}],"replies":[{"embeddable":true,"href":"https:\/\/csstl.gouv.qc.ca\/centre-des-belles-rives\/wp-json\/wp\/v2\/comments?post=168"}],"version-history":[{"count":0,"href":"https:\/\/csstl.gouv.qc.ca\/centre-des-belles-rives\/wp-json\/wp\/v2\/pages\/168\/revisions"}],"wp:attachment":[{"href":"https:\/\/csstl.gouv.qc.ca\/centre-des-belles-rives\/wp-json\/wp\/v2\/media?parent=168"}],"curies":[{"name":"wp","href":"https:\/\/api.w.org\/{rel}","templated":true}]}}