{"id":115,"date":"2022-10-25T13:01:59","date_gmt":"2022-10-25T13:01:59","guid":{"rendered":"https:\/\/cs3lacs.wpengine.com\/centre-des-belles-rives\/?page_id=115"},"modified":"2025-12-03T13:01:21","modified_gmt":"2025-12-03T18:01:21","slug":"information-scolaire-professionnelle","status":"publish","type":"page","link":"https:\/\/csstl.gouv.qc.ca\/centre-des-belles-rives\/information-scolaire-professionnelle\/","title":{"rendered":"Les programmes"},"content":{"rendered":"\n<p>Pour de plus amples informations sur les diff\u00e9rents programmes offerts \u00e0 notre \u00e9cole, n\u2019h\u00e9site pas \u00e0 communiquer avec nous. C\u2019est avec plaisir que nous r\u00e9pondrons \u00e0 tes questions et nous pourrons te faire parvenir toute la documentation dont tu as besoin.<\/p>\n\n\n\n<p>Pour rejoindre le <strong><span style=\"color: #f00069\" class=\"stk-highlight\">secr\u00e9tariat<\/span><\/strong>, veuillez composer le 514-477-7020 poste 5121<\/p>\n\n\n\n<p>Pour toutes questions au sujet de l&rsquo;<strong><span style=\"color: #000000\" class=\"stk-highlight\">inscription<\/span><\/strong>, veuillez composer le 514-477-7020 poste 5122<\/p>\n\n\n\n<p><strong>Information suppl\u00e9mentaire<\/strong><\/p>\n\n\n\n<ul class=\"wp-block-list\">\n<li><a href=\"https:\/\/espaceparents.org\/post-secondaire\/la-formation-generale-des-adultes\/information-fga\/\" data-type=\"link\" data-id=\"https:\/\/espaceparents.org\/post-secondaire\/la-formation-generale-des-adultes\/information-fga\/\">Formation g\u00e9n\u00e9rale aux adultes<\/a><\/li>\n<\/ul>\n\n\n\n<p><\/p>\n","protected":false},"excerpt":{"rendered":"<p>Pour de plus amples informations sur les diff\u00e9rents programmes offerts \u00e0 notre \u00e9cole, n\u2019h\u00e9site pas \u00e0 communiquer avec nous. C\u2019est avec plaisir que nous r\u00e9pondrons \u00e0 tes questions et nous [&hellip;]<\/p>\n","protected":false},"author":2,"featured_media":0,"parent":0,"menu_order":0,"comment_status":"closed","ping_status":"closed","template":"","meta":{"_genesis_hide_title":false,"_genesis_hide_breadcrumbs":false,"_genesis_hide_singular_image":false,"_genesis_hide_footer_widgets":false,"_genesis_custom_body_class":"","_genesis_custom_post_class":"","_genesis_layout":"","footnotes":""},"class_list":["post-115","page","type-page","status-publish","entry"],"featured_image_src":null,"featured_image_src_square":null,"_links":{"self":[{"href":"https:\/\/csstl.gouv.qc.ca\/centre-des-belles-rives\/wp-json\/wp\/v2\/pages\/115","targetHints":{"allow":["GET"]}}],"collection":[{"href":"https:\/\/csstl.gouv.qc.ca\/centre-des-belles-rives\/wp-json\/wp\/v2\/pages"}],"about":[{"href":"https:\/\/csstl.gouv.qc.ca\/centre-des-belles-rives\/wp-json\/wp\/v2\/types\/page"}],"author":[{"embeddable":true,"href":"https:\/\/csstl.gouv.qc.ca\/centre-des-belles-rives\/wp-json\/wp\/v2\/users\/2"}],"replies":[{"embeddable":true,"href":"https:\/\/csstl.gouv.qc.ca\/centre-des-belles-rives\/wp-json\/wp\/v2\/comments?post=115"}],"version-history":[{"count":0,"href":"https:\/\/csstl.gouv.qc.ca\/centre-des-belles-rives\/wp-json\/wp\/v2\/pages\/115\/revisions"}],"wp:attachment":[{"href":"https:\/\/csstl.gouv.qc.ca\/centre-des-belles-rives\/wp-json\/wp\/v2\/media?parent=115"}],"curies":[{"name":"wp","href":"https:\/\/api.w.org\/{rel}","templated":true}]}}