{"id":11,"date":"2022-09-08T12:53:01","date_gmt":"2022-09-08T12:53:01","guid":{"rendered":"https:\/\/cs3lacs.wpengine.com\/centre-des-belles-rives\/?page_id=11"},"modified":"2026-02-13T09:14:37","modified_gmt":"2026-02-13T14:14:37","slug":"portrait","status":"publish","type":"page","link":"https:\/\/csstl.gouv.qc.ca\/centre-des-belles-rives\/portrait\/","title":{"rendered":"Portrait"},"content":{"rendered":"\n<h2 class=\"wp-block-heading\">Le centre des Belles-Rives &#8211; FGA (Formation g\u00e9n\u00e9rale aux adultes)<\/h2>\n\n\n\n<p>Au centre des Belles-Rives, nous mettons l&rsquo;accent sur le d\u00e9veloppement de l&rsquo;autonomie des \u00e9l\u00e8ves, du respect de soi et des autres et la mise en valeur des responsabilit\u00e9s qui incombent \u00e0 chacun. Nous offrons \u00e0 notre client\u00e8le des voies d&rsquo;acc\u00e8s diversifi\u00e9es menant \u00e0 la r\u00e9ussite \u00e9ducative. \u00c0 cet effet, le code de vie (\u00e0 venir)\u00a0tient compte du s\u00e9rieux des \u00e9l\u00e8ves qui le fr\u00e9quentent et de la motivation qui les guide. Nous vous encourageons donc \u00e0 \u00eatre pr\u00e9sents \u00e0 vos cours et \u00e0 respecter vos \u00e9ch\u00e9ances afin de vous permettre de concr\u00e9tiser votre r\u00eave.<\/p>\n\n\n\n<p>Le centre des Belles-Rives fait partie du r\u00e9seau des \u00e9coles et des centres de la Commission scolaire des Trois-Lacs. Il dessert plus de mille \u00e9l\u00e8ves chaque ann\u00e9e.<\/p>\n\n\n\n<p>D\u00e9sign\u00e9 centre d&rsquo;\u00e9ducation des adultes, le centre des Belles-Rives offre tous les services du programme de formation g\u00e9n\u00e9rale. Les \u00e9l\u00e8ves peuvent suivre ces cours \u00e0 temps plein.<\/p>\n\n\n\n<h2 class=\"wp-block-heading\">Le centre des Belles-Rives &#8211; Francisation <\/h2>\n\n\n\n<p>Depuis 1996 le centre des Belles-Rives offre aux adultes francophones, anglophones et allophones une exp\u00e9rience \u00e9ducative exceptionnelle.  Nous avons deux centres pour vous servir, soit le 333, boul. Perrot (centre satellite Ile-Perrot) et le 490 boul. Harwood \u00e0 Vaudreuil-Dorion.<\/p>\n\n\n\n<p>Reconnu pour la qualit\u00e9 de son accueil, nous offrons des cours de francisation, r\u00e9partis sur trois horaires (jour \u00e0 temps complet, jour \u00e0 temps partiel et soir), huit niveaux diff\u00e9rents.&nbsp;<\/p>\n","protected":false},"excerpt":{"rendered":"<p>Le centre des Belles-Rives &#8211; FGA (Formation g\u00e9n\u00e9rale aux adultes) Au centre des Belles-Rives, nous mettons l&rsquo;accent sur le d\u00e9veloppement de l&rsquo;autonomie des \u00e9l\u00e8ves, du respect de soi et des [&hellip;]<\/p>\n","protected":false},"author":2,"featured_media":0,"parent":0,"menu_order":0,"comment_status":"closed","ping_status":"closed","template":"","meta":{"_genesis_hide_title":false,"_genesis_hide_breadcrumbs":false,"_genesis_hide_singular_image":false,"_genesis_hide_footer_widgets":false,"_genesis_custom_body_class":"","_genesis_custom_post_class":"","_genesis_layout":"","footnotes":""},"class_list":["post-11","page","type-page","status-publish","entry"],"featured_image_src":null,"featured_image_src_square":null,"_links":{"self":[{"href":"https:\/\/csstl.gouv.qc.ca\/centre-des-belles-rives\/wp-json\/wp\/v2\/pages\/11","targetHints":{"allow":["GET"]}}],"collection":[{"href":"https:\/\/csstl.gouv.qc.ca\/centre-des-belles-rives\/wp-json\/wp\/v2\/pages"}],"about":[{"href":"https:\/\/csstl.gouv.qc.ca\/centre-des-belles-rives\/wp-json\/wp\/v2\/types\/page"}],"author":[{"embeddable":true,"href":"https:\/\/csstl.gouv.qc.ca\/centre-des-belles-rives\/wp-json\/wp\/v2\/users\/2"}],"replies":[{"embeddable":true,"href":"https:\/\/csstl.gouv.qc.ca\/centre-des-belles-rives\/wp-json\/wp\/v2\/comments?post=11"}],"version-history":[{"count":0,"href":"https:\/\/csstl.gouv.qc.ca\/centre-des-belles-rives\/wp-json\/wp\/v2\/pages\/11\/revisions"}],"wp:attachment":[{"href":"https:\/\/csstl.gouv.qc.ca\/centre-des-belles-rives\/wp-json\/wp\/v2\/media?parent=11"}],"curies":[{"name":"wp","href":"https:\/\/api.w.org\/{rel}","templated":true}]}}