{"id":670,"date":"2019-08-26T14:50:14","date_gmt":"2019-08-26T19:50:14","guid":{"rendered":"https:\/\/cs3lacs.wpengine.com\/auclair\/?page_id=670"},"modified":"2026-02-27T13:52:34","modified_gmt":"2026-02-27T18:52:34","slug":"vie-scolaire","status":"publish","type":"page","link":"https:\/\/csstl.gouv.qc.ca\/canotiers\/vie-scolaire\/","title":{"rendered":"Info aux parents"},"content":{"rendered":"\n<h3 class=\"wp-block-heading\"><a href=\"https:\/\/media.csstl.gouv.qc.ca\/wp-content\/uploads\/sites\/60\/2025\/09\/14161731\/Info-parents-aout-2025.pdf\" data-type=\"attachment\" data-id=\"1429\" target=\"_blank\" rel=\"noreferrer noopener\">#1 ao\u00fbt 2025<\/a><br><a href=\"https:\/\/media.csstl.gouv.qc.ca\/wp-content\/uploads\/sites\/60\/2025\/10\/02123150\/Info-parents-octobre-2025.pdf\" data-type=\"attachment\" data-id=\"1432\" target=\"_blank\" rel=\"noreferrer noopener\">#2 octobre 2025<\/a><br><a href=\"https:\/\/media.csstl.gouv.qc.ca\/wp-content\/uploads\/sites\/60\/2025\/10\/31131041\/Info-parents-novembre-2025.pdf\" data-type=\"attachment\" data-id=\"1434\" target=\"_blank\" rel=\"noreferrer noopener\"><strong>#3 novembre 202<\/strong>5<\/a><br><a href=\"https:\/\/media.csstl.gouv.qc.ca\/wp-content\/uploads\/sites\/60\/2025\/12\/01132808\/Info-parents-decembre-2025.pdf\" data-type=\"attachment\" data-id=\"1437\" target=\"_blank\" rel=\"noreferrer noopener\"><strong>#4 d\u00e9cembre 202<\/strong>5<\/a><br><a href=\"https:\/\/media.csstl.gouv.qc.ca\/wp-content\/uploads\/sites\/60\/2026\/01\/07103732\/Info-parents-janvier-2026.pdf\" data-type=\"attachment\" data-id=\"1442\" target=\"_blank\" rel=\"noreferrer noopener\">#5 janvier 2026<\/a><br><a href=\"https:\/\/media.csstl.gouv.qc.ca\/wp-content\/uploads\/sites\/60\/2026\/02\/03081757\/Info-parents-fevrier-2026.pdf\" data-type=\"attachment\" data-id=\"1444\" target=\"_blank\" rel=\"noreferrer noopener\">#6 f\u00e9vrier 2026<\/a><br><a href=\"https:\/\/media.csstl.gouv.qc.ca\/wp-content\/uploads\/sites\/60\/2026\/02\/27134922\/Info-parents-mars-2026.pdf\" data-type=\"attachment\" data-id=\"1448\" target=\"_blank\" rel=\"noreferrer noopener\">#7 mars 2026<\/a><br>#8 avril 2026<br>#9 mai 2026<\/h3>\n\n\n\n<p><\/p>\n\n\n\n<p><\/p>\n","protected":false},"excerpt":{"rendered":"<p>#1 ao\u00fbt 2025#2 octobre 2025#3 novembre 2025#4 d\u00e9cembre 2025#5 janvier 2026#6 f\u00e9vrier 2026#7 mars 2026#8 avril 2026#9 mai 2026<\/p>\n","protected":false},"author":2,"featured_media":0,"parent":0,"menu_order":0,"comment_status":"closed","ping_status":"closed","template":"","meta":{"_genesis_hide_title":false,"_genesis_hide_breadcrumbs":false,"_genesis_hide_singular_image":false,"_genesis_hide_footer_widgets":false,"_genesis_custom_body_class":"","_genesis_custom_post_class":"","_genesis_layout":"","footnotes":""},"class_list":{"0":"post-670","1":"page","2":"type-page","3":"status-publish","5":"entry"},"featured_image_src":null,"featured_image_src_square":null,"_links":{"self":[{"href":"https:\/\/csstl.gouv.qc.ca\/canotiers\/wp-json\/wp\/v2\/pages\/670","targetHints":{"allow":["GET"]}}],"collection":[{"href":"https:\/\/csstl.gouv.qc.ca\/canotiers\/wp-json\/wp\/v2\/pages"}],"about":[{"href":"https:\/\/csstl.gouv.qc.ca\/canotiers\/wp-json\/wp\/v2\/types\/page"}],"author":[{"embeddable":true,"href":"https:\/\/csstl.gouv.qc.ca\/canotiers\/wp-json\/wp\/v2\/users\/2"}],"replies":[{"embeddable":true,"href":"https:\/\/csstl.gouv.qc.ca\/canotiers\/wp-json\/wp\/v2\/comments?post=670"}],"version-history":[{"count":0,"href":"https:\/\/csstl.gouv.qc.ca\/canotiers\/wp-json\/wp\/v2\/pages\/670\/revisions"}],"wp:attachment":[{"href":"https:\/\/csstl.gouv.qc.ca\/canotiers\/wp-json\/wp\/v2\/media?parent=670"}],"curies":[{"name":"wp","href":"https:\/\/api.w.org\/{rel}","templated":true}]}}