{"id":10,"date":"2019-02-06T13:15:15","date_gmt":"2019-02-06T13:15:15","guid":{"rendered":"http:\/\/cs3lacs.wpengine.com\/auclair\/?page_id=10"},"modified":"2025-04-01T08:06:25","modified_gmt":"2025-04-01T13:06:25","slug":"conseil-detablissement","status":"publish","type":"page","link":"https:\/\/csstl.gouv.qc.ca\/canotiers\/conseil-detablissement\/","title":{"rendered":"Conseil d&rsquo;\u00e9tablissement"},"content":{"rendered":"\n<p><strong>MEMBRES DU CONSEIL D&rsquo;\u00c9TABLISSEMENT<\/strong><\/p>\n\n\n\n<p>J\u00e9r\u00f4me Lavoie &#8211; parent &#8211; pr\u00e9sident<br>Diane Dufresne &#8211; parent &#8211; vice-pr\u00e9sidente<br>Gabrielle Alix &#8211; parent<br>St\u00e9phane Germain &#8211; parent<br>Genevi\u00e8ve Bolduc &#8211; enseignante<br>Diane Fraser &#8211; enseignante<br>Chrystel Toussaint &#8211; enseignante<br>Jos\u00e9e Charlebois &#8211; technicienne au service de garde<br>Marie-Christine Tessier &#8211; directrice d&rsquo;\u00e9cole<br>Patrick Nadeau &#8211; parent substitut<br>Vanessa Dupuis &#8211; parent substitut<br><\/p>\n\n\n\n<p><strong>CALENDRIER DES RENCONTRES<\/strong><br>21 octobre<br>2 d\u00e9cembre<br>10 f\u00e9vrier<br>24 mars<br>5 mai<br>9 juin (au besoin)<\/p>\n\n\n\n<p><strong>DOCUMENTS<\/strong><br><a href=\"https:\/\/media.csstl.gouv.qc.ca\/wp-content\/uploads\/sites\/60\/2025\/04\/01080326\/1.1-Regie-interne-24-25.pdf\" data-type=\"attachment\" data-id=\"1395\" target=\"_blank\" rel=\"noreferrer noopener\">R\u00e9gie interne<\/a><br>Proc\u00e8s-verbal des rencontres :<br>&#8211; <a href=\"https:\/\/media.csstl.gouv.qc.ca\/wp-content\/uploads\/sites\/60\/2025\/04\/01080329\/1.1-PV2024-10-21.pdf\" data-type=\"attachment\" data-id=\"1396\" target=\"_blank\" rel=\"noreferrer noopener\">21 octobre<\/a><br>&#8211; <a href=\"https:\/\/media.csstl.gouv.qc.ca\/wp-content\/uploads\/sites\/60\/2025\/04\/01080419\/2.1-PV2024-12-02.pdf\" data-type=\"attachment\" data-id=\"1397\" target=\"_blank\" rel=\"noreferrer noopener\">2 d\u00e9cembre<\/a><br>&#8211; <a href=\"https:\/\/media.csstl.gouv.qc.ca\/wp-content\/uploads\/sites\/60\/2025\/04\/01080431\/3.1-PV2025-02-10.pdf\" data-type=\"attachment\" data-id=\"1398\" target=\"_blank\" rel=\"noreferrer noopener\">10 f\u00e9vrier<\/a><br>&#8211; 24 mars<br>&#8211; 5 mai<br>&#8211; 9 juin<\/p>\n\n\n\n<p><\/p>\n","protected":false},"excerpt":{"rendered":"<p>MEMBRES DU CONSEIL D&rsquo;\u00c9TABLISSEMENT J\u00e9r\u00f4me Lavoie &#8211; parent &#8211; pr\u00e9sidentDiane Dufresne &#8211; parent &#8211; vice-pr\u00e9sidenteGabrielle Alix &#8211; parentSt\u00e9phane Germain &#8211; parentGenevi\u00e8ve Bolduc &#8211; enseignanteDiane Fraser &#8211; enseignanteChrystel Toussaint &#8211; enseignanteJos\u00e9e Charlebois &#8211; technicienne au service de gardeMarie-Christine Tessier &#8211; directrice d&rsquo;\u00e9colePatrick Nadeau &#8211; parent substitutVanessa Dupuis &#8211; parent substitut CALENDRIER DES RENCONTRES21 octobre2 d\u00e9cembre10 f\u00e9vrier24 [&hellip;]<\/p>\n","protected":false},"author":2,"featured_media":0,"parent":0,"menu_order":11,"comment_status":"closed","ping_status":"closed","template":"","meta":{"_genesis_hide_title":false,"_genesis_hide_breadcrumbs":false,"_genesis_hide_singular_image":false,"_genesis_hide_footer_widgets":false,"_genesis_custom_body_class":"","_genesis_custom_post_class":"","_genesis_layout":"","footnotes":""},"class_list":{"0":"post-10","1":"page","2":"type-page","3":"status-publish","5":"entry"},"featured_image_src":null,"featured_image_src_square":null,"_links":{"self":[{"href":"https:\/\/csstl.gouv.qc.ca\/canotiers\/wp-json\/wp\/v2\/pages\/10","targetHints":{"allow":["GET"]}}],"collection":[{"href":"https:\/\/csstl.gouv.qc.ca\/canotiers\/wp-json\/wp\/v2\/pages"}],"about":[{"href":"https:\/\/csstl.gouv.qc.ca\/canotiers\/wp-json\/wp\/v2\/types\/page"}],"author":[{"embeddable":true,"href":"https:\/\/csstl.gouv.qc.ca\/canotiers\/wp-json\/wp\/v2\/users\/2"}],"replies":[{"embeddable":true,"href":"https:\/\/csstl.gouv.qc.ca\/canotiers\/wp-json\/wp\/v2\/comments?post=10"}],"version-history":[{"count":0,"href":"https:\/\/csstl.gouv.qc.ca\/canotiers\/wp-json\/wp\/v2\/pages\/10\/revisions"}],"wp:attachment":[{"href":"https:\/\/csstl.gouv.qc.ca\/canotiers\/wp-json\/wp\/v2\/media?parent=10"}],"curies":[{"name":"wp","href":"https:\/\/api.w.org\/{rel}","templated":true}]}}