{"id":481,"date":"2019-06-18T13:48:46","date_gmt":"2019-06-18T18:48:46","guid":{"rendered":"http:\/\/cs3lacs.wpengine.com\/brindamour\/?page_id=481"},"modified":"2025-08-18T09:27:53","modified_gmt":"2025-08-18T14:27:53","slug":"service-de-garde","status":"publish","type":"page","link":"https:\/\/csstl.gouv.qc.ca\/brindamour\/service-de-garde\/","title":{"rendered":"Service de garde"},"content":{"rendered":"\n<p>Le service de garde de l&rsquo;\u00e9cole ouvre \u00e0 6 h 30 et ferme \u00e0 18 h.<\/p>\n\n\n\n<ul class=\"wp-block-list\">\n<li>Pour inscrire votre enfant \u00e0 la p\u00e9riode d&rsquo;\u00e9tude et de devoirs du service de garde, veuillez communiquer avec nous par courriel.<\/li>\n<\/ul>\n\n\n\n<h2 class=\"wp-block-heading\">Politiques et r\u00e8glements 2025-2026<\/h2>\n\n\n\n<ul class=\"wp-block-list\">\n<li><a href=\"https:\/\/media.csstl.gouv.qc.ca\/wp-content\/uploads\/sites\/33\/2025\/08\/29090359\/Politiques-et-reglements-des-SDG-version-finale-2025.pdf\" data-type=\"attachment\" data-id=\"1377\">Politiques et r\u00e8glements des SDG 2025-2026<\/a><\/li>\n<\/ul>\n\n\n\n<p>Pour les inscriptions r\u00e9guli\u00e8res et sporadiques, veuillez communiquer avec madame Isabelle Leduc au 514 477-7060, poste 2 ou par courriel : &nbsp;<a href=\"mailto:SGARDE.BRINDAMOUR@csstl.gouv.qc.ca\">SGARDE.BRINDAMOUR@csstl.gouv.qc.ca<\/a><\/p>\n\n\n\n<p><\/p>\n","protected":false},"excerpt":{"rendered":"<p>Le service de garde de l&rsquo;\u00e9cole ouvre \u00e0 6 h 30 et ferme \u00e0 18 h. Politiques et r\u00e8glements 2025-2026 Pour les inscriptions r\u00e9guli\u00e8res et sporadiques, veuillez communiquer avec madame Isabelle Leduc au 514 477-7060, poste 2 ou par courriel : &nbsp;SGARDE.BRINDAMOUR@csstl.gouv.qc.ca<\/p>\n","protected":false},"author":2,"featured_media":0,"parent":0,"menu_order":0,"comment_status":"closed","ping_status":"closed","template":"","meta":{"_genesis_hide_title":false,"_genesis_hide_breadcrumbs":false,"_genesis_hide_singular_image":false,"_genesis_hide_footer_widgets":false,"_genesis_custom_body_class":"","_genesis_custom_post_class":"","_genesis_layout":"","footnotes":""},"class_list":{"0":"post-481","1":"page","2":"type-page","3":"status-publish","5":"entry"},"featured_image_src":null,"featured_image_src_square":null,"_links":{"self":[{"href":"https:\/\/csstl.gouv.qc.ca\/brindamour\/wp-json\/wp\/v2\/pages\/481","targetHints":{"allow":["GET"]}}],"collection":[{"href":"https:\/\/csstl.gouv.qc.ca\/brindamour\/wp-json\/wp\/v2\/pages"}],"about":[{"href":"https:\/\/csstl.gouv.qc.ca\/brindamour\/wp-json\/wp\/v2\/types\/page"}],"author":[{"embeddable":true,"href":"https:\/\/csstl.gouv.qc.ca\/brindamour\/wp-json\/wp\/v2\/users\/2"}],"replies":[{"embeddable":true,"href":"https:\/\/csstl.gouv.qc.ca\/brindamour\/wp-json\/wp\/v2\/comments?post=481"}],"version-history":[{"count":0,"href":"https:\/\/csstl.gouv.qc.ca\/brindamour\/wp-json\/wp\/v2\/pages\/481\/revisions"}],"wp:attachment":[{"href":"https:\/\/csstl.gouv.qc.ca\/brindamour\/wp-json\/wp\/v2\/media?parent=481"}],"curies":[{"name":"wp","href":"https:\/\/api.w.org\/{rel}","templated":true}]}}