{"id":477,"date":"2019-06-18T13:43:02","date_gmt":"2019-06-18T18:43:02","guid":{"rendered":"http:\/\/cs3lacs.wpengine.com\/brindamour\/?page_id=477"},"modified":"2025-12-16T16:06:02","modified_gmt":"2025-12-16T21:06:02","slug":"plan-de-lutte-intimidation-violence","status":"publish","type":"page","link":"https:\/\/csstl.gouv.qc.ca\/brindamour\/plan-de-lutte-intimidation-violence\/","title":{"rendered":"Plan de lutte contre l&rsquo;intimidation et la violence"},"content":{"rendered":"\n<p>L&rsquo;\u00e9quipe \u00e9cole a \u00e9labor\u00e9 un plan de lutte contre l&rsquo;intimidation et la violence qui a \u00e9t\u00e9 approuv\u00e9 par le conseil d&rsquo;\u00e9tablissement, vous pouvez le consulter ci-dessous.<\/p>\n\n\n\n<p><a href=\"https:\/\/media.csstl.gouv.qc.ca\/wp-content\/uploads\/sites\/33\/2025\/12\/16154717\/Plan-de-lutte_CSSTL25-26_BrindAmour_adopte-8-decembre.pdf\" data-type=\"attachment\" data-id=\"1481\">Plan de lutte contre l&rsquo;intimidation et la violence<\/a><\/p>\n\n\n\n<p><strong>Cours d&rsquo;\u00e9ducation \u00e0 la sexualit\u00e9, du pr\u00e9scolaire au primaire<\/strong><\/p>\n\n\n\n<p> <a href=\"https:\/\/media.csstl.gouv.qc.ca\/wp-content\/uploads\/sites\/33\/2025\/11\/11101108\/Feuillet_Parents_Sexualite_Prescolaire-et-primaire.pdf\" data-type=\"attachment\" data-id=\"1457\">Feuillet_Parents_Sexualite_Pr\u00e9scolaire et primaire<\/a><\/p>\n\n\n\n<p>Parfois, le terme \u00ab\u00a0intimidation\u00a0\u00bb est utilis\u00e9 \u00e0 mauvais escient pour d\u00e9crire une situation de violence ou d&rsquo;abus. Voici donc un r\u00e9f\u00e9rentiel pour mieux comprendre les terminologies des types de violence et leurs descriptions.<\/p>\n\n\n\n<p><strong><a href=\"https:\/\/media.csstl.gouv.qc.ca\/wp-content\/uploads\/sites\/33\/2022\/12\/12094909\/Referentiel_violence.pdf\" data-type=\"attachment\" data-id=\"1164\" target=\"_blank\" rel=\"noreferrer noopener\">R\u00e9f\u00e9renciel terminologique et explicatif&nbsp;<\/a><\/strong><\/p>\n","protected":false},"excerpt":{"rendered":"<p>L&rsquo;\u00e9quipe \u00e9cole a \u00e9labor\u00e9 un plan de lutte contre l&rsquo;intimidation et la violence qui a \u00e9t\u00e9 approuv\u00e9 par le conseil d&rsquo;\u00e9tablissement, vous pouvez le consulter ci-dessous. Plan de lutte contre l&rsquo;intimidation et la violence Cours d&rsquo;\u00e9ducation \u00e0 la sexualit\u00e9, du pr\u00e9scolaire au primaire Feuillet_Parents_Sexualite_Pr\u00e9scolaire et primaire Parfois, le terme \u00ab\u00a0intimidation\u00a0\u00bb est utilis\u00e9 \u00e0 mauvais escient [&hellip;]<\/p>\n","protected":false},"author":2,"featured_media":0,"parent":0,"menu_order":0,"comment_status":"closed","ping_status":"closed","template":"","meta":{"_genesis_hide_title":false,"_genesis_hide_breadcrumbs":false,"_genesis_hide_singular_image":false,"_genesis_hide_footer_widgets":false,"_genesis_custom_body_class":"","_genesis_custom_post_class":"","_genesis_layout":"","footnotes":""},"class_list":{"0":"post-477","1":"page","2":"type-page","3":"status-publish","5":"entry"},"featured_image_src":null,"featured_image_src_square":null,"_links":{"self":[{"href":"https:\/\/csstl.gouv.qc.ca\/brindamour\/wp-json\/wp\/v2\/pages\/477","targetHints":{"allow":["GET"]}}],"collection":[{"href":"https:\/\/csstl.gouv.qc.ca\/brindamour\/wp-json\/wp\/v2\/pages"}],"about":[{"href":"https:\/\/csstl.gouv.qc.ca\/brindamour\/wp-json\/wp\/v2\/types\/page"}],"author":[{"embeddable":true,"href":"https:\/\/csstl.gouv.qc.ca\/brindamour\/wp-json\/wp\/v2\/users\/2"}],"replies":[{"embeddable":true,"href":"https:\/\/csstl.gouv.qc.ca\/brindamour\/wp-json\/wp\/v2\/comments?post=477"}],"version-history":[{"count":0,"href":"https:\/\/csstl.gouv.qc.ca\/brindamour\/wp-json\/wp\/v2\/pages\/477\/revisions"}],"wp:attachment":[{"href":"https:\/\/csstl.gouv.qc.ca\/brindamour\/wp-json\/wp\/v2\/media?parent=477"}],"curies":[{"name":"wp","href":"https:\/\/api.w.org\/{rel}","templated":true}]}}