{"id":475,"date":"2019-06-18T13:41:21","date_gmt":"2019-06-18T18:41:21","guid":{"rendered":"http:\/\/cs3lacs.wpengine.com\/brindamour\/?page_id=475"},"modified":"2025-11-11T10:48:31","modified_gmt":"2025-11-11T15:48:31","slug":"personnel","status":"publish","type":"page","link":"https:\/\/csstl.gouv.qc.ca\/brindamour\/personnel\/","title":{"rendered":"Personnel"},"content":{"rendered":"\n<h2 class=\"wp-block-heading\">Personnel enseignant<\/h2>\n\n\n\n<h3 class=\"wp-block-heading\">Maternelle<\/h3>\n\n\n\n<ul class=\"wp-block-list\">\n<li>Gr. 001  Chantal Gigu\u00e8re<\/li>\n\n\n\n<li>Gr. 002  \u00c9milie Cotton<\/li>\n\n\n\n<li>Gr. 003  Julie Brabant<\/li>\n<\/ul>\n\n\n\n<h3 class=\"wp-block-heading\">1<sup>re<\/sup>&nbsp;ann\u00e9e<\/h3>\n\n\n\n<ul class=\"wp-block-list\">\n<li>Gr. 101  Josiane Daoust<\/li>\n\n\n\n<li>Gr. 102 Natalie Ranger 80% \/ Jos\u00e9e B\u00e9lisle 20%<\/li>\n\n\n\n<li>Gr. 103  Andr\u00e9e-Anne Gravel<\/li>\n<\/ul>\n\n\n\n<h3 class=\"wp-block-heading\">2<sup>e<\/sup> ann\u00e9e<\/h3>\n\n\n\n<ul class=\"wp-block-list\">\n<li>Gr. 201  Sarah Lanct\u00f4t<\/li>\n\n\n\n<li>Gr. 202 Isabelle Gervais<\/li>\n\n\n\n<li>Gr. 203  Isabelle Mailhot<\/li>\n<\/ul>\n\n\n\n<h3 class=\"wp-block-heading\">3<sup>e<\/sup> ann\u00e9e<\/h3>\n\n\n\n<ul class=\"wp-block-list\">\n<li>Gr. 301  Fatiha Cheref<\/li>\n\n\n\n<li>Gr. 302  Caroline P\u00e9pin<\/li>\n<\/ul>\n\n\n\n<p><strong>Multi-\u00e2ge 3e-4e<em><sup> <\/sup><\/em><span style=\"color: var(--stk-global-color-26594, #000000)\" class=\"stk-highlight\">ann\u00e9e<\/span><\/strong><\/p>\n\n\n\n<ul class=\"wp-block-list\">\n<li>Gr. 303-403 Vincent Pr\u00e9vost<\/li>\n<\/ul>\n\n\n\n<h3 class=\"wp-block-heading\">4<sup>e<\/sup> ann\u00e9e<\/h3>\n\n\n\n<ul class=\"wp-block-list\">\n<li>Gr. 401 Karine L\u00e9vesque<\/li>\n\n\n\n<li>Gr. 402  Guyl\u00e8ne S\u00e9guin<\/li>\n<\/ul>\n\n\n\n<h3 class=\"wp-block-heading\">5<sup>e<\/sup> ann\u00e9e<\/h3>\n\n\n\n<ul class=\"wp-block-list\">\n<li>Gr. 501  Na\u00efma Khemoudj<\/li>\n\n\n\n<li>Gr. 502  Kathy Bilodeau<\/li>\n<\/ul>\n\n\n\n<p><strong>Multi-\u00e2ge 5e-6e ann\u00e9e<\/strong><\/p>\n\n\n\n<ul class=\"wp-block-list\">\n<li>503-603 B\u00e9atrice S\u00e9guin-Labrosse<\/li>\n<\/ul>\n\n\n\n<h3 class=\"wp-block-heading\">6e ann\u00e9e<\/h3>\n\n\n\n<ul class=\"wp-block-list\">\n<li>Gr. 601  Genevi\u00e8ve Pauly<\/li>\n\n\n\n<li>Gr. 602  Marie-Louise Gareau<\/li>\n<\/ul>\n\n\n\n<h3 class=\"wp-block-heading\">Classe Langage<\/h3>\n\n\n\n<ul class=\"wp-block-list\">\n<li>Gr. 701 Genevi\u00e8ve Lussier<\/li>\n\n\n\n<li>Gr. 702 Ariane Brunet<\/li>\n<\/ul>\n\n\n\n<h2 class=\"wp-block-heading\">Personnel administratif<\/h2>\n\n\n\n<h3 class=\"wp-block-heading\">Direction<\/h3>\n\n\n\n<ul class=\"wp-block-list\">\n<li>Fran\u00e7ois Cusson <\/li>\n<\/ul>\n\n\n\n<h3 class=\"wp-block-heading\">Secr\u00e9tariat<\/h3>\n\n\n\n<ul class=\"wp-block-list\">\n<li>Natacha Gagnon <\/li>\n<\/ul>\n\n\n\n<h3 class=\"wp-block-heading\">Entrepreneuriat<\/h3>\n\n\n\n<ul class=\"wp-block-list\">\n<li>S\u00e9bastien Parent <\/li>\n<\/ul>\n\n\n\n<h3 class=\"wp-block-heading\">Technicienne en service de garde <\/h3>\n\n\n\n<ul class=\"wp-block-list\">\n<li>Isabelle Leduc <\/li>\n<\/ul>\n\n\n\n<h2 class=\"wp-block-heading\">Professionnels<\/h2>\n\n\n\n<h3 class=\"wp-block-heading\">Psycho\u00e9ducatrice<\/h3>\n\n\n\n<ul class=\"wp-block-list\">\n<li>Val\u00e9rie H\u00e9nault<\/li>\n<\/ul>\n\n\n\n<h3 class=\"wp-block-heading\">Orthophoniste<\/h3>\n\n\n\n<ul class=\"wp-block-list\">\n<li>Marjorie Maheux-Debellefeuille<\/li>\n<\/ul>\n\n\n\n<h3 class=\"wp-block-heading\">Psychologue<\/h3>\n\n\n\n<ul class=\"wp-block-list\">\n<li>\u00c9quipe CSTL<\/li>\n<\/ul>\n\n\n\n<h2 class=\"wp-block-heading\">Sp\u00e9cialistes<\/h2>\n\n\n\n<h3 class=\"wp-block-heading\">Enseignantes-orthop\u00e9dagogues<\/h3>\n\n\n\n<ul class=\"wp-block-list\">\n<li>Mireille Tremblay<\/li>\n\n\n\n<li>V\u00e9ronique Cousineau<\/li>\n<\/ul>\n\n\n\n<h3 class=\"wp-block-heading\">Soutien linguistique<\/h3>\n\n\n\n<ul class=\"wp-block-list\">\n<li>Annick Anctil<\/li>\n<\/ul>\n\n\n\n<h3 class=\"wp-block-heading\">PEH <\/h3>\n\n\n\n<ul class=\"wp-block-list\">\n<li>Malika Mestakou<\/li>\n\n\n\n<li>Karine Lauzon<\/li>\n<\/ul>\n\n\n\n<h3 class=\"wp-block-heading\">TES<\/h3>\n\n\n\n<ul class=\"wp-block-list\">\n<li>Caroline C\u00f4t\u00e9-Rousse<\/li>\n\n\n\n<li>Marie-Pierre Larin<\/li>\n\n\n\n<li>Sacha Boudrias<\/li>\n\n\n\n<li>Marayah Guttierrez<\/li>\n\n\n\n<li>Kathie Nault-Qu\u00e9villon<\/li>\n<\/ul>\n\n\n\n<h3 class=\"wp-block-heading\">Musique<\/h3>\n\n\n\n<ul class=\"wp-block-list\">\n<li>Patrick St-Pierre<\/li>\n<\/ul>\n\n\n\n<h3 class=\"wp-block-heading\">Anglais<\/h3>\n\n\n\n<ul class=\"wp-block-list\">\n<li>Beth Small<\/li>\n\n\n\n<li>Jasmine Sharma<\/li>\n<\/ul>\n\n\n\n<h3 class=\"wp-block-heading\">\u00c9ducation physique<\/h3>\n\n\n\n<ul class=\"wp-block-list\">\n<li>David-Alexandre Hamel<\/li>\n\n\n\n<li>Mathieu Giard-Montpetit<\/li>\n<\/ul>\n\n\n\n<p>Si vous avez besoin d\u2019informations qui ne sont pas encore disponibles, n\u2019h\u00e9sitez pas \u00e0 communiquer directement avec nous.<\/p>\n\n\n\n<p><\/p>\n","protected":false},"excerpt":{"rendered":"<p>Personnel enseignant Maternelle 1re&nbsp;ann\u00e9e 2e ann\u00e9e 3e ann\u00e9e Multi-\u00e2ge 3e-4e ann\u00e9e 4e ann\u00e9e 5e ann\u00e9e Multi-\u00e2ge 5e-6e ann\u00e9e 6e ann\u00e9e Classe Langage Personnel administratif Direction Secr\u00e9tariat Entrepreneuriat Technicienne en service de garde Professionnels Psycho\u00e9ducatrice Orthophoniste Psychologue Sp\u00e9cialistes Enseignantes-orthop\u00e9dagogues Soutien linguistique PEH TES Musique Anglais \u00c9ducation physique Si vous avez besoin d\u2019informations qui ne sont pas [&hellip;]<\/p>\n","protected":false},"author":2,"featured_media":0,"parent":0,"menu_order":0,"comment_status":"closed","ping_status":"closed","template":"","meta":{"_genesis_hide_title":false,"_genesis_hide_breadcrumbs":false,"_genesis_hide_singular_image":false,"_genesis_hide_footer_widgets":false,"_genesis_custom_body_class":"","_genesis_custom_post_class":"","_genesis_layout":"","footnotes":""},"class_list":{"0":"post-475","1":"page","2":"type-page","3":"status-publish","5":"entry"},"featured_image_src":null,"featured_image_src_square":null,"_links":{"self":[{"href":"https:\/\/csstl.gouv.qc.ca\/brindamour\/wp-json\/wp\/v2\/pages\/475","targetHints":{"allow":["GET"]}}],"collection":[{"href":"https:\/\/csstl.gouv.qc.ca\/brindamour\/wp-json\/wp\/v2\/pages"}],"about":[{"href":"https:\/\/csstl.gouv.qc.ca\/brindamour\/wp-json\/wp\/v2\/types\/page"}],"author":[{"embeddable":true,"href":"https:\/\/csstl.gouv.qc.ca\/brindamour\/wp-json\/wp\/v2\/users\/2"}],"replies":[{"embeddable":true,"href":"https:\/\/csstl.gouv.qc.ca\/brindamour\/wp-json\/wp\/v2\/comments?post=475"}],"version-history":[{"count":0,"href":"https:\/\/csstl.gouv.qc.ca\/brindamour\/wp-json\/wp\/v2\/pages\/475\/revisions"}],"wp:attachment":[{"href":"https:\/\/csstl.gouv.qc.ca\/brindamour\/wp-json\/wp\/v2\/media?parent=475"}],"curies":[{"name":"wp","href":"https:\/\/api.w.org\/{rel}","templated":true}]}}