{"id":11,"date":"2019-02-06T13:15:46","date_gmt":"2019-02-06T18:15:46","guid":{"rendered":"http:\/\/cs3lacs.wpengine.com\/brindamour\/?page_id=11"},"modified":"2026-01-08T13:48:46","modified_gmt":"2026-01-08T18:48:46","slug":"projet-educatif","status":"publish","type":"page","link":"https:\/\/csstl.gouv.qc.ca\/brindamour\/projet-educatif\/","title":{"rendered":"Projet \u00e9ducatif"},"content":{"rendered":"\n<ul class=\"wp-block-list\">\n<li><a href=\"https:\/\/media.csstl.gouv.qc.ca\/wp-content\/uploads\/sites\/33\/2022\/12\/12095707\/Projet_educatif_BrindAmour2019-2022_versionfinale.pdf\" data-type=\"attachment\" data-id=\"1169\" target=\"_blank\" rel=\"noreferrer noopener\">Projet \u00e9ducatif de l&rsquo;\u00e9cole Brind&rsquo;Amour&nbsp;bas\u00e9 sur le programme d\u2019apprentissage en entrepreneuriat conscient (PAEC)<\/a><\/li>\n\n\n\n<li><a href=\"https:\/\/media.csstl.gouv.qc.ca\/wp-content\/uploads\/sites\/33\/2022\/12\/12095704\/Caracteristiques_projet_ECEC_2.pdf\" data-type=\"attachment\" data-id=\"1168\" target=\"_blank\" rel=\"noreferrer noopener\">D\u00e9tails sur la philosophie et le projet \u00e9ducatif de l&rsquo;\u00e9cole<\/a><\/li>\n\n\n\n<li><a href=\"https:\/\/media.csstl.gouv.qc.ca\/wp-content\/uploads\/sites\/33\/2022\/12\/12095710\/Information_generales_-_ECEC.pdf\" data-type=\"attachment\" data-id=\"1170\" target=\"_blank\" rel=\"noreferrer noopener\">Informations sur les\u00a0crit\u00e8res d&rsquo;inscription\u00a0de notre \u00e9cole communautaire entrepreneuriale consciente (ECEC)<\/a><\/li>\n<\/ul>\n","protected":false},"excerpt":{"rendered":"","protected":false},"author":2,"featured_media":0,"parent":0,"menu_order":12,"comment_status":"closed","ping_status":"closed","template":"","meta":{"_genesis_hide_title":false,"_genesis_hide_breadcrumbs":false,"_genesis_hide_singular_image":false,"_genesis_hide_footer_widgets":false,"_genesis_custom_body_class":"","_genesis_custom_post_class":"","_genesis_layout":"","footnotes":""},"class_list":{"0":"post-11","1":"page","2":"type-page","3":"status-publish","5":"entry"},"featured_image_src":null,"featured_image_src_square":null,"_links":{"self":[{"href":"https:\/\/csstl.gouv.qc.ca\/brindamour\/wp-json\/wp\/v2\/pages\/11","targetHints":{"allow":["GET"]}}],"collection":[{"href":"https:\/\/csstl.gouv.qc.ca\/brindamour\/wp-json\/wp\/v2\/pages"}],"about":[{"href":"https:\/\/csstl.gouv.qc.ca\/brindamour\/wp-json\/wp\/v2\/types\/page"}],"author":[{"embeddable":true,"href":"https:\/\/csstl.gouv.qc.ca\/brindamour\/wp-json\/wp\/v2\/users\/2"}],"replies":[{"embeddable":true,"href":"https:\/\/csstl.gouv.qc.ca\/brindamour\/wp-json\/wp\/v2\/comments?post=11"}],"version-history":[{"count":0,"href":"https:\/\/csstl.gouv.qc.ca\/brindamour\/wp-json\/wp\/v2\/pages\/11\/revisions"}],"wp:attachment":[{"href":"https:\/\/csstl.gouv.qc.ca\/brindamour\/wp-json\/wp\/v2\/media?parent=11"}],"curies":[{"name":"wp","href":"https:\/\/api.w.org\/{rel}","templated":true}]}}