{"id":746,"date":"2019-11-28T14:55:59","date_gmt":"2019-11-28T19:55:59","guid":{"rendered":"https:\/\/cs3lacs.wpengine.com\/auclair\/?page_id=746"},"modified":"2023-01-18T09:06:41","modified_gmt":"2023-01-18T14:06:41","slug":"portrait","status":"publish","type":"page","link":"https:\/\/csstl.gouv.qc.ca\/auclair\/portrait\/","title":{"rendered":"Portrait"},"content":{"rendered":"\n<p><strong>1971 \u00e0 2023<br><\/strong><br>L&rsquo;\u00e9cole Auclair de Saint-Lazare a \u00e9t\u00e9 inaugur\u00e9e en 1971 et accueillait environ 250 \u00e9l\u00e8ves de la maternelle \u00e0 la sixi\u00e8me ann\u00e9e. \u00c9voluant en tant\u00a0 qu&rsquo;\u00e9cole alternative, elle faisait alors partie de la commission scolaire de Vaudreuil. Deux ans apr\u00e8s l&rsquo;inauguration, suite aux pressions de la communaut\u00e9, le changement de vocation s&rsquo;est impos\u00e9 et elle devint une \u00e9cole r\u00e9guli\u00e8re avec\u00a0 des m\u00e9thodes p\u00e9dagogiques traditionnelles.\u00a0<\/p>\n\n\n\n<p>Suite \u00e0 l&rsquo;agrandissement de 1991, elle accueille environ 400 \u00e9l\u00e8ves. En 1992, la fusion des commissions scolaires allait entra\u00eener un changement majeur dans l&rsquo;organisation; elle est dor\u00e9navant administr\u00e9e par la commission scolaire des Trois-Lacs. Durant les ann\u00e9es suivantes, d\u00fb \u00e0 l&rsquo;expansion d\u00e9mographique, la client\u00e8le ne cesse d&rsquo;augmenter. La d\u00e9cision de construire une nouvelle \u00e9cole dans la ville de Saint-Lazare en 1996 permet \u00e0 l&rsquo;\u00e9cole de l&rsquo;Or\u00e9e-du-Bois d&rsquo;accueillir les \u00e9l\u00e8ves de la maternelle et du premier cycle. Ainsi, l&rsquo;\u00e9cole Auclair devient un \u00e9tablissement de deuxi\u00e8me et troisi\u00e8me cycles.\u00a0\u00a0<\/p>\n","protected":false},"excerpt":{"rendered":"<p>1971 \u00e0 2023L&rsquo;\u00e9cole Auclair de Saint-Lazare a \u00e9t\u00e9 inaugur\u00e9e en 1971 et accueillait environ 250 \u00e9l\u00e8ves de la maternelle \u00e0 la sixi\u00e8me ann\u00e9e. \u00c9voluant en tant\u00a0 qu&rsquo;\u00e9cole alternative, elle faisait alors partie de la commission scolaire de Vaudreuil. Deux ans apr\u00e8s l&rsquo;inauguration, suite aux pressions de la communaut\u00e9, le changement de vocation s&rsquo;est impos\u00e9 et [&hellip;]<\/p>\n","protected":false},"author":4,"featured_media":0,"parent":0,"menu_order":0,"comment_status":"closed","ping_status":"closed","template":"","meta":{"_genesis_hide_title":false,"_genesis_hide_breadcrumbs":false,"_genesis_hide_singular_image":false,"_genesis_hide_footer_widgets":false,"_genesis_custom_body_class":"","_genesis_custom_post_class":"","_genesis_layout":"","footnotes":""},"class_list":{"0":"post-746","1":"page","2":"type-page","3":"status-publish","5":"entry"},"featured_image_src":null,"featured_image_src_square":null,"_links":{"self":[{"href":"https:\/\/csstl.gouv.qc.ca\/auclair\/wp-json\/wp\/v2\/pages\/746","targetHints":{"allow":["GET"]}}],"collection":[{"href":"https:\/\/csstl.gouv.qc.ca\/auclair\/wp-json\/wp\/v2\/pages"}],"about":[{"href":"https:\/\/csstl.gouv.qc.ca\/auclair\/wp-json\/wp\/v2\/types\/page"}],"author":[{"embeddable":true,"href":"https:\/\/csstl.gouv.qc.ca\/auclair\/wp-json\/wp\/v2\/users\/4"}],"replies":[{"embeddable":true,"href":"https:\/\/csstl.gouv.qc.ca\/auclair\/wp-json\/wp\/v2\/comments?post=746"}],"version-history":[{"count":0,"href":"https:\/\/csstl.gouv.qc.ca\/auclair\/wp-json\/wp\/v2\/pages\/746\/revisions"}],"wp:attachment":[{"href":"https:\/\/csstl.gouv.qc.ca\/auclair\/wp-json\/wp\/v2\/media?parent=746"}],"curies":[{"name":"wp","href":"https:\/\/api.w.org\/{rel}","templated":true}]}}