{"id":82,"date":"2022-09-13T17:38:34","date_gmt":"2022-09-13T17:38:34","guid":{"rendered":"https:\/\/cs3lacs.wpengine.com\/atelier-ecole-les-cedres\/?page_id=82"},"modified":"2026-02-04T11:01:20","modified_gmt":"2026-02-04T16:01:20","slug":"procedure-dinscription","status":"publish","type":"page","link":"https:\/\/csstl.gouv.qc.ca\/atelier-ecole-les-cedres\/procedure-dinscription\/","title":{"rendered":"Proc\u00e9dure d&rsquo;inscription"},"content":{"rendered":"\n<h2 class=\"wp-block-heading\">Conduite d&rsquo;engins de chantier<a><\/a><\/h2>\n\n\n\n<p>Les prochaines inscriptions auront lieu du 1er&nbsp;au 30 septembre 2026.<\/p>\n\n\n\n<p>Tests psychom\u00e9triques :&nbsp;novembre 2026<br>D\u00e9but des cours : mars 2027<\/p>\n\n\n\n<h3 class=\"wp-block-heading\">Pour s&rsquo;inscrire<\/h3>\n\n\n\n<p>Vous pouvez faire une&nbsp;<a href=\"https:\/\/www.admissionfp.com\/progOffres.aspx?sanction=5&amp;prog=5220\" target=\"_blank\" rel=\"noreferrer noopener\">demande d&rsquo;admission en ligne<\/a>&nbsp;en p\u00e9riode d&rsquo;inscription uniquement.<\/p>\n\n\n\n<p>Vous devez \u00e9galement nous faire parvenir des copies des documents ci-dessous, soit par votre inscription en ligne sur Admission FP, soit par courriel \u00e0&nbsp;atelierlescedres@csstl.gouv.qc.ca ou par la poste :<\/p>\n\n\n\n<ul class=\"wp-block-list\">\n<li>lettre d&rsquo;int\u00e9r\u00eat et curriculum vitae<\/li>\n\n\n\n<li>copie de votre permis de conduire de classe 5<\/li>\n\n\n\n<li>copie de votre relev\u00e9 de notes ou dipl\u00f4me d&rsquo;\u00e9tudes secondaires du minist\u00e8re de l&rsquo;\u00c9ducation<\/li>\n\n\n\n<li>copie de votre certificat de naissance<\/li>\n\n\n\n<li>copie de votre carte d&rsquo;ASP Construction si vous la poss\u00e9dez (si vous ne la d\u00e9tenez pas,&nbsp;vous suivrez la formation qui vous permettra de l&rsquo;obtenir&nbsp;lors du DEP)<\/li>\n<\/ul>\n\n\n\n<h2 class=\"wp-block-heading\">Conduite de grues<a><\/a><\/h2>\n\n\n\n<p>Inscriptions : 9 mars 2026 au 11 septembre 2026<\/p>\n\n\n\n<p>Tests psychom\u00e9triques : Pr\u00e9vus pour octobre 2026<\/p>\n\n\n\n<p>D\u00e9but des cours : Pr\u00e9vu pour d\u00e9cembre 2026<\/p>\n\n\n\n<h3 class=\"wp-block-heading\">Pour s\u2019inscrire<\/h3>\n\n\n\n<p>Vous pouvez faire une&nbsp;<a href=\"https:\/\/www.admissionfp.com\/progOffres.aspx?sanction=5&amp;prog=5248\" target=\"_blank\" rel=\"noreferrer noopener\">demande d\u2019admission en ligne<\/a>&nbsp;en p\u00e9riode d\u2019inscription uniquement<strong>.<\/strong><\/p>\n\n\n\n<p>Vous devez \u00e9galement nous faire parvenir des copies des documents ci-dessous, soit par votre inscription en ligne sur Admission FP, soit par courriel \u00e0&nbsp;atelierlescedres@csstl.gouv.qc.ca ou par la poste :<\/p>\n\n\n\n<ul class=\"wp-block-list\">\n<li>lettre d\u2019int\u00e9r\u00eat et curriculum vitae<\/li>\n\n\n\n<li>copie de votre permis de conduire de classe 3 (r\u00e9gulier et non temporaire) avec la mention FM (F : freinage pneumatique, M : transmission manuelle)<\/li>\n\n\n\n<li>copie de votre relev\u00e9 de notes ou dipl\u00f4me d\u2019\u00e9tudes secondaires du minist\u00e8re de l\u2019\u00c9ducation<\/li>\n\n\n\n<li>copie de votre certificat de naissance<\/li>\n\n\n\n<li>copie de votre carte d\u2019ASP Construction si vous la poss\u00e9dez (si vous ne la d\u00e9tenez pas, vous suivrez la formation qui vous permettra de l&rsquo;obtenir lors du DEP)<\/li>\n<\/ul>\n","protected":false},"excerpt":{"rendered":"<p>Conduite d&rsquo;engins de chantier Les prochaines inscriptions auront lieu du 1er&nbsp;au 30 septembre 2026. Tests psychom\u00e9triques :&nbsp;novembre 2026D\u00e9but des cours : mars 2027 Pour s&rsquo;inscrire Vous pouvez faire une&nbsp;demande d&rsquo;admission [&hellip;]<\/p>\n","protected":false},"author":2,"featured_media":0,"parent":0,"menu_order":0,"comment_status":"closed","ping_status":"closed","template":"","meta":{"_genesis_hide_title":false,"_genesis_hide_breadcrumbs":false,"_genesis_hide_singular_image":false,"_genesis_hide_footer_widgets":false,"_genesis_custom_body_class":"","_genesis_custom_post_class":"","_genesis_layout":"","footnotes":""},"class_list":["post-82","page","type-page","status-publish","entry"],"featured_image_src":null,"featured_image_src_square":null,"_links":{"self":[{"href":"https:\/\/csstl.gouv.qc.ca\/atelier-ecole-les-cedres\/wp-json\/wp\/v2\/pages\/82","targetHints":{"allow":["GET"]}}],"collection":[{"href":"https:\/\/csstl.gouv.qc.ca\/atelier-ecole-les-cedres\/wp-json\/wp\/v2\/pages"}],"about":[{"href":"https:\/\/csstl.gouv.qc.ca\/atelier-ecole-les-cedres\/wp-json\/wp\/v2\/types\/page"}],"author":[{"embeddable":true,"href":"https:\/\/csstl.gouv.qc.ca\/atelier-ecole-les-cedres\/wp-json\/wp\/v2\/users\/2"}],"replies":[{"embeddable":true,"href":"https:\/\/csstl.gouv.qc.ca\/atelier-ecole-les-cedres\/wp-json\/wp\/v2\/comments?post=82"}],"version-history":[{"count":0,"href":"https:\/\/csstl.gouv.qc.ca\/atelier-ecole-les-cedres\/wp-json\/wp\/v2\/pages\/82\/revisions"}],"wp:attachment":[{"href":"https:\/\/csstl.gouv.qc.ca\/atelier-ecole-les-cedres\/wp-json\/wp\/v2\/media?parent=82"}],"curies":[{"name":"wp","href":"https:\/\/api.w.org\/{rel}","templated":true}]}}