{"id":78,"date":"2022-09-13T17:35:49","date_gmt":"2022-09-13T17:35:49","guid":{"rendered":"https:\/\/cs3lacs.wpengine.com\/atelier-ecole-les-cedres\/?page_id=78"},"modified":"2026-02-03T11:52:49","modified_gmt":"2026-02-03T16:52:49","slug":"conditions-dadmission","status":"publish","type":"page","link":"https:\/\/csstl.gouv.qc.ca\/atelier-ecole-les-cedres\/conditions-dadmission\/","title":{"rendered":"Conditions d&rsquo;admission"},"content":{"rendered":"\n<h2 class=\"wp-block-heading\">Conduite d&rsquo;engins de chantier<\/h2>\n\n\n\n<p>Pour \u00eatre admissible, la personne doit :<\/p>\n\n\n\n<ul class=\"wp-block-list\">\n<li>\u00catre titulaire du dipl\u00f4me d&rsquo;\u00e9tudes secondaires ou de son \u00e9quivalent reconnu.<br>ou<\/li>\n\n\n\n<li>\u00catre \u00e2g\u00e9e d&rsquo;au moins 16 ans au 30 septembre de l&rsquo;ann\u00e9e scolaire au cours de laquelle elle commence sa formation et avoir obtenu les unit\u00e9s de 3e secondaire en langue d&rsquo;enseignement, en langue seconde et en math\u00e9matique dans des programmes d&rsquo;\u00e9tudes \u00e9tablis par le ministre, ou des apprentissages reconnus \u00e9quivalents.<br>ou<\/li>\n\n\n\n<li>\u00catre \u00e2g\u00e9e d&rsquo;au moins 18 ans au moment de l&rsquo;entr\u00e9e en formation et poss\u00e9der les pr\u00e9alables fonctionnels, soit la r\u00e9ussite du test de d\u00e9veloppement g\u00e9n\u00e9ral ou des apprentissages reconnus \u00e9quivalents.<br><br><strong>ET<\/strong><\/li>\n\n\n\n<li>\u00catre titulaire d&rsquo;un permis de conduire de classe 5 (r\u00e9gulier et non temporaire) au moment de l&rsquo;inscription.<\/li>\n<\/ul>\n\n\n\n<h3 class=\"wp-block-heading\">Tests de s\u00e9lection<\/h3>\n\n\n\n<p>Les tests de s\u00e9lection comportent des&nbsp;tests psychom\u00e9triques.<\/p>\n\n\n\n<h3 class=\"wp-block-heading\">Co\u00fbts<\/h3>\n\n\n\n<p><strong>Admission<\/strong><\/p>\n\n\n\n<p>Si vous \u00eates admis au programme, vous devez vous acquitter des frais de 119 $ payables \u00e0 l&rsquo;admission seulement, en un versement, en ch\u00e8que, en esp\u00e8ces ou par d\u00e9bit. Ces frais servent \u00e0 payer les cahiers d&rsquo;exercices et certains accessoires (dossard, casque, etc.).<\/p>\n\n\n\n<p>Vous devez \u00e9galement vous procurer le mat\u00e9riel obligatoire :<\/p>\n\n\n\n<ul class=\"wp-block-list\">\n<li><a href=\"https:\/\/media.csstl.gouv.qc.ca\/wp-content\/uploads\/sites\/54\/2025\/12\/11094359\/Frais-generaux-Engins-2025-26.pdf\" data-type=\"link\" data-id=\"https:\/\/media.csstl.gouv.qc.ca\/wp-content\/uploads\/sites\/54\/2025\/12\/11094359\/Frais-generaux-Engins-2025-26.pdf\">Liste du mat\u00e9riel obligatoire<\/a><\/li>\n<\/ul>\n\n\n\n<h2 class=\"wp-block-heading\">Conduite de grues<\/h2>\n\n\n\n<p>Pour \u00eatre admissible, la personne doit :<\/p>\n\n\n\n<ul class=\"wp-block-list\">\n<li>\u00catre titulaire du dipl\u00f4me d\u2019\u00e9tudes secondaires ou de son \u00e9quivalent reconnu.<br>ou<\/li>\n\n\n\n<li>\u00catre \u00e2g\u00e9e d\u2019au moins 16 ans au 30 septembre de l\u2019ann\u00e9e scolaire au cours de laquelle elle commence sa formation et avoir obtenu les unit\u00e9s de 3e secondaire en langue d\u2019enseignement, en langue seconde et en math\u00e9matique dans des programmes d\u2019\u00e9tudes \u00e9tablis par le ministre, ou des apprentissages reconnus \u00e9quivalents<br>ou<\/li>\n\n\n\n<li>\u00catre \u00e2g\u00e9e d\u2019au moins 18 ans au moment de l\u2019entr\u00e9e en formation et poss\u00e9der les pr\u00e9alables fonctionnels, soit la r\u00e9ussite du test de d\u00e9veloppement g\u00e9n\u00e9ral ainsi que les cours de langue d\u2019enseignement FRA-2102-2 et de math\u00e9matique MAT-1101-3, ou des apprentissages reconnus \u00e9quivalents.<br><strong><br>ET<\/strong><\/li>\n\n\n\n<li>\u00catre titulaire d\u2019un permis de conduire de classe 3 (r\u00e9gulier et non temporaire) avec la mention FM (F : freinage pneumatique, M : transmission manuelle) au moment de l\u2019inscription.&nbsp;<em>(Notez que le permis de classe 1 est fortement recommand\u00e9 sur le march\u00e9 du travail et pourrait faciliter votre embauche.)<\/em><\/li>\n<\/ul>\n\n\n\n<h3 class=\"wp-block-heading\">Tests de s\u00e9lection<\/h3>\n\n\n\n<p>Les tests de s\u00e9lection\u00a0comptent des tests psychom\u00e9triques obligatoires.<\/p>\n\n\n\n<h3 class=\"wp-block-heading\">Co\u00fbts<\/h3>\n\n\n\n<p><strong>Admission<\/strong><\/p>\n\n\n\n<p>Si vous \u00eates admis au programme, vous devez vous acquitter des frais de&nbsp;304 $ payables \u00e0 l\u2019admission seulement, en un versement, en ch\u00e8que, en esp\u00e8ces ou par d\u00e9bit. Ces frais servent \u00e0 payer les cahiers d\u2019exercices et certains accessoires (dossard, casque, etc.).<\/p>\n\n\n\n<p>Vous devez \u00e9galement vous procurer le mat\u00e9riel obligatoire :<\/p>\n\n\n\n<ul class=\"wp-block-list\">\n<li><a href=\"https:\/\/media.csstl.gouv.qc.ca\/wp-content\/uploads\/sites\/54\/2025\/12\/11094450\/Frais-generaux-Grues-2025-26.pdf\" data-type=\"attachment\" data-id=\"221\" target=\"_blank\" rel=\"noreferrer noopener\">Liste du mat\u00e9riel obligatoire<\/a><\/li>\n<\/ul>\n","protected":false},"excerpt":{"rendered":"<p>Conduite d&rsquo;engins de chantier Pour \u00eatre admissible, la personne doit : Tests de s\u00e9lection Les tests de s\u00e9lection comportent des&nbsp;tests psychom\u00e9triques. Co\u00fbts Admission Si vous \u00eates admis au programme, vous [&hellip;]<\/p>\n","protected":false},"author":2,"featured_media":0,"parent":0,"menu_order":0,"comment_status":"closed","ping_status":"closed","template":"","meta":{"_genesis_hide_title":false,"_genesis_hide_breadcrumbs":false,"_genesis_hide_singular_image":false,"_genesis_hide_footer_widgets":false,"_genesis_custom_body_class":"","_genesis_custom_post_class":"","_genesis_layout":"","footnotes":""},"class_list":["post-78","page","type-page","status-publish","entry"],"featured_image_src":null,"featured_image_src_square":null,"_links":{"self":[{"href":"https:\/\/csstl.gouv.qc.ca\/atelier-ecole-les-cedres\/wp-json\/wp\/v2\/pages\/78","targetHints":{"allow":["GET"]}}],"collection":[{"href":"https:\/\/csstl.gouv.qc.ca\/atelier-ecole-les-cedres\/wp-json\/wp\/v2\/pages"}],"about":[{"href":"https:\/\/csstl.gouv.qc.ca\/atelier-ecole-les-cedres\/wp-json\/wp\/v2\/types\/page"}],"author":[{"embeddable":true,"href":"https:\/\/csstl.gouv.qc.ca\/atelier-ecole-les-cedres\/wp-json\/wp\/v2\/users\/2"}],"replies":[{"embeddable":true,"href":"https:\/\/csstl.gouv.qc.ca\/atelier-ecole-les-cedres\/wp-json\/wp\/v2\/comments?post=78"}],"version-history":[{"count":0,"href":"https:\/\/csstl.gouv.qc.ca\/atelier-ecole-les-cedres\/wp-json\/wp\/v2\/pages\/78\/revisions"}],"wp:attachment":[{"href":"https:\/\/csstl.gouv.qc.ca\/atelier-ecole-les-cedres\/wp-json\/wp\/v2\/media?parent=78"}],"curies":[{"name":"wp","href":"https:\/\/api.w.org\/{rel}","templated":true}]}}