{"id":12,"date":"2022-09-08T12:53:23","date_gmt":"2022-09-08T12:53:23","guid":{"rendered":"https:\/\/cs3lacs.wpengine.com\/atelier-ecole-les-cedres\/?page_id=12"},"modified":"2026-01-26T15:25:08","modified_gmt":"2026-01-26T20:25:08","slug":"personnel","status":"publish","type":"page","link":"https:\/\/csstl.gouv.qc.ca\/atelier-ecole-les-cedres\/personnel\/","title":{"rendered":"Personnel"},"content":{"rendered":"\n<p>Anik Savoie<br>Directrice du Multicentre<\/p>\n\n\n\n<p>Guy Coutl\u00e9e<br>Directeur adjoint<\/p>\n\n\n\n<p>Francis Laferri\u00e8re<br>R\u00e9gisseur<\/p>\n\n\n\n<p>Ga\u00e9tane Pilon<br>Conseill\u00e8re p\u00e9dagogique<\/p>\n\n\n\n<p>Julie Lefebvre<br>Secr\u00e9taire de centre<\/p>\n\n\n\n<p>Suzy Langlois<br>Agente de bureau<\/p>\n\n\n\n<p>St\u00e9phanie Lalonde<br>Agente de bureau<\/p>\n\n\n\n<p>Charle-F\u00e9lix Berthiaume<br>M\u00e9canicien<\/p>\n\n\n\n<p>Olivier Mallette-Crevier<br>M\u00e9canicien<\/p>\n\n\n\n<p>Daniel Vendette-Farmer<br>M\u00e9canicien<\/p>\n\n\n\n<p>Charlie Della-Rochetta<br>M\u00e9canicien<\/p>\n\n\n\n<p>Antoine Bousquet<br>M\u00e9canicien<\/p>\n\n\n\n<p>Fr\u00e9d\u00e9ric S\u00e9guin<br>M\u00e9canicien<\/p>\n\n\n\n<p>Ricardo Rebelo Azevedo<br>M\u00e9canicien<\/p>\n\n\n\n<p><strong>Enseignants en conduite de grues<\/strong><\/p>\n\n\n\n<p>Pascal Asselin<br>Guillaume Duchesneau<br>Wayne Gordon<br>\u00c9ric Lessard<br>Michel Martin<br>Yohan Mercier<br>Jo\u00ebl Montpetit<br>Jos\u00e9 Riopel<br>Charles Simard<br>Francis Vigeant<br>Alexandre Champagne<br>Yan Duguay<br>Yannick Joannette<br>Martin Maurice<br>Victor Onofrei<\/p>\n\n\n\n<p><strong>Enseignants en conduite d\u2019engins de chantier<\/strong><\/p>\n\n\n\n<p>Jos\u00e9e April<br>Fran\u00e7ois Caron<br>Jean-Fran\u00e7ois Chicoine<br>Dave De Chantal<br>F\u00e9lix Dubeau<br>Fr\u00e9d\u00e9ric Dubuc<br>Martin Dupuis<br>Alexandre Gaboriault<br>Christian Gagn\u00e9<br>Sylvain Goos<br>Daniel Gu\u00e9nette<br>Rachel Lagac\u00e9<br>Dominik Lecompte<br>Daniel Naud<br>Mathieu Paulin<br>Alexis Serr\u00e9<br>Karl Thibeault<\/p>\n\n\n\n<p><\/p>\n","protected":false},"excerpt":{"rendered":"<p>Anik SavoieDirectrice du Multicentre Guy Coutl\u00e9eDirecteur adjoint Francis Laferri\u00e8reR\u00e9gisseur Ga\u00e9tane PilonConseill\u00e8re p\u00e9dagogique Julie LefebvreSecr\u00e9taire de centre Suzy LangloisAgente de bureau St\u00e9phanie LalondeAgente de bureau Charle-F\u00e9lix BerthiaumeM\u00e9canicien Olivier Mallette-CrevierM\u00e9canicien Daniel Vendette-FarmerM\u00e9canicien [&hellip;]<\/p>\n","protected":false},"author":2,"featured_media":0,"parent":0,"menu_order":0,"comment_status":"closed","ping_status":"closed","template":"","meta":{"_genesis_hide_title":false,"_genesis_hide_breadcrumbs":false,"_genesis_hide_singular_image":false,"_genesis_hide_footer_widgets":false,"_genesis_custom_body_class":"","_genesis_custom_post_class":"","_genesis_layout":"","footnotes":""},"class_list":["post-12","page","type-page","status-publish","entry"],"featured_image_src":null,"featured_image_src_square":null,"_links":{"self":[{"href":"https:\/\/csstl.gouv.qc.ca\/atelier-ecole-les-cedres\/wp-json\/wp\/v2\/pages\/12","targetHints":{"allow":["GET"]}}],"collection":[{"href":"https:\/\/csstl.gouv.qc.ca\/atelier-ecole-les-cedres\/wp-json\/wp\/v2\/pages"}],"about":[{"href":"https:\/\/csstl.gouv.qc.ca\/atelier-ecole-les-cedres\/wp-json\/wp\/v2\/types\/page"}],"author":[{"embeddable":true,"href":"https:\/\/csstl.gouv.qc.ca\/atelier-ecole-les-cedres\/wp-json\/wp\/v2\/users\/2"}],"replies":[{"embeddable":true,"href":"https:\/\/csstl.gouv.qc.ca\/atelier-ecole-les-cedres\/wp-json\/wp\/v2\/comments?post=12"}],"version-history":[{"count":0,"href":"https:\/\/csstl.gouv.qc.ca\/atelier-ecole-les-cedres\/wp-json\/wp\/v2\/pages\/12\/revisions"}],"wp:attachment":[{"href":"https:\/\/csstl.gouv.qc.ca\/atelier-ecole-les-cedres\/wp-json\/wp\/v2\/media?parent=12"}],"curies":[{"name":"wp","href":"https:\/\/api.w.org\/{rel}","templated":true}]}}