{"id":10,"date":"2022-09-08T12:52:23","date_gmt":"2022-09-08T12:52:23","guid":{"rendered":"https:\/\/cs3lacs.wpengine.com\/atelier-ecole-les-cedres\/?page_id=10"},"modified":"2022-10-20T17:47:38","modified_gmt":"2022-10-20T17:47:38","slug":"actualites","status":"publish","type":"page","link":"https:\/\/csstl.gouv.qc.ca\/atelier-ecole-les-cedres\/actualites\/","title":{"rendered":"Actualit\u00e9s"},"content":{"rendered":"<ul class=\"wp-block-latest-posts__list has-dates wp-block-latest-posts\"><li><a class=\"wp-block-latest-posts__post-title\" href=\"https:\/\/csstl.gouv.qc.ca\/atelier-ecole-les-cedres\/2023\/02\/23\/pgl-fierement-represente\/\">Bienvenue sur notre nouveau site Web<\/a><time datetime=\"2023-02-23T09:37:03-05:00\" class=\"wp-block-latest-posts__post-date\">23 f\u00e9vrier 2023<\/time><div class=\"wp-block-latest-posts__post-excerpt\">Apr\u00e8s plusieurs mois de travail, nous sommes heureux de vous pr\u00e9senter le nouveau site Web de l&rsquo;Atelier-\u00e9cole Les C\u00e8dres! Le contenu et l\u2019arborescence ont \u00e9t\u00e9 repens\u00e9s afin de simplifier la navigation et ainsi faciliter la recherche d\u2019informations. Bonne navigation!<\/div><\/li>\n<li><a class=\"wp-block-latest-posts__post-title\" href=\"https:\/\/csstl.gouv.qc.ca\/atelier-ecole-les-cedres\/2023\/02\/13\/ne-manquez-pas-le-recrutement\/\">Semaine des enseignantes et des enseignants<\/a><time datetime=\"2023-02-13T17:12:00-05:00\" class=\"wp-block-latest-posts__post-date\">13 f\u00e9vrier 2023<\/time><div class=\"wp-block-latest-posts__post-excerpt\">La Semaine des enseignantes et des enseignants se d\u00e9roule du 5 au 11 f\u00e9vrier 2023. Les enseignantes et les enseignants sont des h\u00e9ros des temps modernes qui, avec constance et d\u00e9termination, enseignent, guident, \u00e9duquent, soutiennent et rassurent. Nous tenons \u00e0\u2026 <a class=\"wp-block-latest-posts__read-more\" href=\"https:\/\/csstl.gouv.qc.ca\/atelier-ecole-les-cedres\/2023\/02\/13\/ne-manquez-pas-le-recrutement\/\" rel=\"noopener noreferrer\">Lire la suite\u00a0:<span class=\"screen-reader-text\"> Semaine des enseignantes et des enseignants<\/span><\/a><\/div><\/li>\n<li><a class=\"wp-block-latest-posts__post-title\" href=\"https:\/\/csstl.gouv.qc.ca\/atelier-ecole-les-cedres\/2023\/02\/06\/article-1\/\">Journ\u00e9es de la pers\u00e9v\u00e9rance scolaire<\/a><time datetime=\"2023-02-06T12:33:00-05:00\" class=\"wp-block-latest-posts__post-date\">6 f\u00e9vrier 2023<\/time><div class=\"wp-block-latest-posts__post-excerpt\">Les Journ\u00e9es de la pers\u00e9v\u00e9rance scolaire (JPS) se d\u00e9roulent du 13 au 17 f\u00e9vrier 2023. Le slogan de cette 5e \u00e9dition est \ud835\ude09\ud835\ude2a\ud835\ude26\ud835\ude2f \ud835\ude26\ud835\ude2f\ud835\ude35\ud835\ude30\ud835\ude36\ud835\ude33\ud835\ude26\u0301\ud835\ude34, \ud835\ude2d\ud835\ude26\ud835\ude34 \ud835\ude2b\ud835\ude26\ud835\ude36\ud835\ude2f\ud835\ude26\ud835\ude34 \ud835\ude31\ud835\ude26\ud835\ude36\ud835\ude37\ud835\ude26\ud835\ude2f\ud835\ude35 \ud835\ude31\ud835\ude26\ud835\ude33\ud835\ude34\ud835\ude26\u0301\ud835\ude37\ud835\ude26\u0301\ud835\ude33\ud835\ude26\ud835\ude33! Nous tenons \u00e0 souligner l\u2019apport inestimable des toutes les personnes qui gravitent\u2026 <a class=\"wp-block-latest-posts__read-more\" href=\"https:\/\/csstl.gouv.qc.ca\/atelier-ecole-les-cedres\/2023\/02\/06\/article-1\/\" rel=\"noopener noreferrer\">Lire la suite\u00a0:<span class=\"screen-reader-text\"> Journ\u00e9es de la pers\u00e9v\u00e9rance scolaire<\/span><\/a><\/div><\/li>\n<\/ul>","protected":false},"excerpt":{"rendered":"","protected":false},"author":2,"featured_media":0,"parent":0,"menu_order":0,"comment_status":"closed","ping_status":"closed","template":"","meta":{"_genesis_hide_title":false,"_genesis_hide_breadcrumbs":false,"_genesis_hide_singular_image":false,"_genesis_hide_footer_widgets":false,"_genesis_custom_body_class":"","_genesis_custom_post_class":"","_genesis_layout":"","footnotes":""},"class_list":["post-10","page","type-page","status-publish","entry"],"featured_image_src":null,"featured_image_src_square":null,"_links":{"self":[{"href":"https:\/\/csstl.gouv.qc.ca\/atelier-ecole-les-cedres\/wp-json\/wp\/v2\/pages\/10","targetHints":{"allow":["GET"]}}],"collection":[{"href":"https:\/\/csstl.gouv.qc.ca\/atelier-ecole-les-cedres\/wp-json\/wp\/v2\/pages"}],"about":[{"href":"https:\/\/csstl.gouv.qc.ca\/atelier-ecole-les-cedres\/wp-json\/wp\/v2\/types\/page"}],"author":[{"embeddable":true,"href":"https:\/\/csstl.gouv.qc.ca\/atelier-ecole-les-cedres\/wp-json\/wp\/v2\/users\/2"}],"replies":[{"embeddable":true,"href":"https:\/\/csstl.gouv.qc.ca\/atelier-ecole-les-cedres\/wp-json\/wp\/v2\/comments?post=10"}],"version-history":[{"count":0,"href":"https:\/\/csstl.gouv.qc.ca\/atelier-ecole-les-cedres\/wp-json\/wp\/v2\/pages\/10\/revisions"}],"wp:attachment":[{"href":"https:\/\/csstl.gouv.qc.ca\/atelier-ecole-les-cedres\/wp-json\/wp\/v2\/media?parent=10"}],"curies":[{"name":"wp","href":"https:\/\/api.w.org\/{rel}","templated":true}]}}